{"id":3892,"date":"2019-05-23T11:40:13","date_gmt":"2019-05-23T11:40:13","guid":{"rendered":"https:\/\/armrest-systems.com\/?page_id=3892"},"modified":"2022-04-11T08:33:49","modified_gmt":"2022-04-11T08:33:49","slug":"sok-anpassning-tyska","status":"publish","type":"page","link":"https:\/\/armrest-systems.com\/sv\/sok-anpassning-tyska\/","title":{"rendered":"S\u00f6k anpassning tyska"},"content":{"rendered":"<p>[et_pb_section fb_built=&#8221;1&#8243; _builder_version=&#8221;4.16&#8243; custom_padding=&#8221;40px|0px|40px|0px|true|false&#8221; global_colors_info=&#8221;{}&#8221;][et_pb_row _builder_version=&#8221;4.16&#8243; global_colors_info=&#8221;{}&#8221;][et_pb_column type=&#8221;4_4&#8243; _builder_version=&#8221;4.16&#8243; custom_padding=&#8221;|||&#8221; global_colors_info=&#8221;{}&#8221; custom_padding__hover=&#8221;|||&#8221;][et_pb_text _builder_version=&#8221;4.17.0&#8243; hover_enabled=&#8221;0&#8243; z_index_tablet=&#8221;500&#8243; global_colors_info=&#8221;{}&#8221; sticky_enabled=&#8221;0&#8243;]<\/p>\n<h3>Select Language<\/h3>\n<p><a href=\"https:\/\/armrest-systems.com\/search-customisation\/\"><img loading=\"lazy\" decoding=\"async\" src=\"http:\/\/armrest-systems.com\/wp-content\/uploads\/2022\/04\/union-jack-g82b286efd_640.jpg\" width=\"50\" height=\"29\" alt=\"\" class=\"wp-image-5172 alignnone size-full\" \/><\/a> <a href=\"https:\/\/armrest-systems.com\/sv\/sok-anpassning-tyska\/\"><img loading=\"lazy\" decoding=\"async\" src=\"http:\/\/armrest-systems.com\/wp-content\/uploads\/2022\/04\/germany-flag-g9ca8d4c7f_640.png\" width=\"50\" height=\"29\" alt=\"\" class=\"wp-image-5168 alignnone size-full\" \/><\/a> <a href=\"https:\/\/armrest-systems.com\/sv\/sok-anpassning-franska\/\"><img loading=\"lazy\" decoding=\"async\" src=\"http:\/\/armrest-systems.com\/wp-content\/uploads\/2022\/04\/france-gb65879df1_640.png\" width=\"46\" height=\"29\" alt=\"\" class=\"wp-image-5170 alignnone size-full\" \/><\/a> <a href=\"https:\/\/armrest-systems.com\/sv\/sok-anpassning\"><img loading=\"lazy\" decoding=\"async\" src=\"http:\/\/armrest-systems.com\/wp-content\/uploads\/2022\/04\/sweden-gf194f9e31_640.png\" width=\"46\" height=\"29\" alt=\"\" class=\"wp-image-5174 alignnone size-full\" \/><\/a><a href=\"https:\/\/armrest-systems.com\/sv\/sok-anpassning\"><\/a>[\/et_pb_text][\/et_pb_column][\/et_pb_row][et_pb_row _builder_version=&#8221;4.16&#8243; custom_padding=&#8221;0|0px|0|0px|false|false&#8221; global_colors_info=&#8221;{}&#8221;][et_pb_column type=&#8221;4_4&#8243; _builder_version=&#8221;4.16&#8243; custom_padding=&#8221;|||&#8221; global_colors_info=&#8221;{}&#8221; custom_padding__hover=&#8221;|||&#8221;][et_pb_text _builder_version=&#8221;4.16&#8243; z_index_tablet=&#8221;500&#8243; global_colors_info=&#8221;{}&#8221;]<\/p>\n<h1 style=\"text-align: center;\"><span style=\"font-size: 30px;\">Suche nach Anpassungen<\/span><\/h1>\n<p>Um nach einem Armlehnenmodell zu suchen, das zu Ihrem Fahrzeug passt, sollten Sie die folgenden 4 Stufen durchgehen. Beginnen Sie, indem Sie die Marke Ihres Fahrzeuges (1), dann Ihr Fahrzeug-Modell (2), Modelljahr (3) und schlie\u00dflich das Modell und Design der Armlehne (4) w\u00e4hlen.<\/p>\n<p>Wir zeigen Ihnen die verf\u00fcgbare(n) Option(en) mit Installationsanweisungen f\u00fcr die Armrestausf\u00fchrung(en), die zu Ihrem Fahrzeug passt\/en. Wenn Sie fertig sind, k\u00f6nnen Sie diese Informationen per E-Mail direkt an uns senden, um eine Preisangabe und Informationen zum n\u00e4chstgelegenen H\u00e4ndler zu erhalten!<\/p>\n<p>[\/et_pb_text][\/et_pb_column][\/et_pb_row][et_pb_row _builder_version=&#8221;4.16&#8243; custom_css_main_element=&#8221;height:2500px;&#8221; global_colors_info=&#8221;{}&#8221;][et_pb_column type=&#8221;4_4&#8243; _builder_version=&#8221;4.16&#8243; custom_padding=&#8221;|||&#8221; global_colors_info=&#8221;{}&#8221; custom_padding__hover=&#8221;|||&#8221;][et_pb_text _builder_version=&#8221;4.16&#8243; z_index_tablet=&#8221;500&#8243; custom_css_main_element=&#8221;overflow-x:hidden !important;||width: 100% !important;||-ms-overflow-style:none !Important;&#8221; global_colors_info=&#8221;{}&#8221;]<iframe loading=\"lazy\" src=\"https:\/\/sokanpassning.armrest-systems.com\/tyska.asp\" width=\"100%\" height=\"2500px\"><\/iframe><br \/>\n[\/et_pb_text][\/et_pb_column][\/et_pb_row][\/et_pb_section][et_pb_section fb_built=&#8221;1&#8243; module_class=&#8221;footer&#8221; _builder_version=&#8221;3.22.3&#8243; background_color=&#8221;#C61518&#8243; custom_padding=&#8221;50px|0px|31px|0px|false|false&#8221; global_module=&#8221;481&#8243; saved_tabs=&#8221;all&#8221; global_colors_info=&#8221;{}&#8221;][et_pb_row column_structure=&#8221;1_6,1_6,1_6,1_6,1_6,1_6&#8243; use_custom_gutter=&#8221;on&#8221; gutter_width=&#8221;2&#8243; module_class=&#8221; et_pb_row_fullwidth&#8221; _builder_version=&#8221;4.16&#8243; width=&#8221;94%&#8221; width_tablet=&#8221;80%&#8221; width_phone=&#8221;&#8221; width_last_edited=&#8221;on|desktop&#8221; max_width=&#8221;94%&#8221; max_width_tablet=&#8221;80%&#8221; max_width_phone=&#8221;&#8221; max_width_last_edited=&#8221;on|desktop&#8221; make_fullwidth=&#8221;on&#8221; global_colors_info=&#8221;{}&#8221;][et_pb_column type=&#8221;1_6&#8243; _builder_version=&#8221;4.16&#8243; custom_padding=&#8221;|||&#8221; global_colors_info=&#8221;{}&#8221; custom_padding__hover=&#8221;|||&#8221;][et_pb_text _builder_version=&#8221;4.16&#8243; text_font=&#8221;||||||||&#8221; background_layout=&#8221;dark&#8221; global_colors_info=&#8221;{}&#8221;]<\/p>\n<ul>\n<li><span style=\"color: #ffffff;\"><a style=\"color: #ffffff;\" href=\"https:\/\/armrest-systems.com\/sv\/produkter\/produkter\/\">Produkter<\/a><\/span><\/li>\n<li><span style=\"color: #ffffff;\"><a style=\"color: #ffffff;\" href=\"https:\/\/armrest-systems.com\/sv\/produkter\/sa-funkar-comfort\/\">S\u00e5 funkar Comfort<\/a><\/span><\/li>\n<li><span style=\"color: #ffffff;\"><a style=\"color: #ffffff;\" href=\"https:\/\/armrest-systems.com\/sv\/produkter\/galleri\/\">Galleri<\/a><\/span><\/li>\n<li><span style=\"color: #ffffff;\"><a style=\"color: #ffffff;\" href=\"https:\/\/armrest-systems.com\/sv\/produkter\/markesinfo\/\">M\u00e4rkesinfo<\/a><\/span><\/li>\n<li><span style=\"color: #ffffff;\"><a style=\"color: #ffffff;\" href=\"https:\/\/armrest-systems.com\/sv\/produkter\/af-distributorer\">\u00c5F \/ Distribut\u00f6rer<\/a><\/span><\/li>\n<li><a href=\"https:\/\/armrest-systems.com\/sv\/produkter\/bli-af-distributor\"><span style=\"color: #ffffff;\">Bli \u00c5F \/ Distribut\u00f6r<\/span><\/a><\/li>\n<\/ul>\n<p>[\/et_pb_text][\/et_pb_column][et_pb_column type=&#8221;1_6&#8243; _builder_version=&#8221;4.16&#8243; custom_padding=&#8221;|||&#8221; global_colors_info=&#8221;{}&#8221; custom_padding__hover=&#8221;|||&#8221;][et_pb_text _builder_version=&#8221;4.16&#8243; text_font=&#8221;||||||||&#8221; background_layout=&#8221;dark&#8221; global_colors_info=&#8221;{}&#8221;]<\/p>\n<ul>\n<li><span style=\"color: #ffffff;\"><a style=\"color: #ffffff;\" href=\"https:\/\/armrest-systems.com\/sv\/oe-oem\/varfor-valja-comfort\/\">Varf\u00f6r v\u00e4lja Comfort?<\/a><\/span><\/li>\n<li><span style=\"color: #ffffff;\"><a style=\"color: #ffffff;\" href=\"https:\/\/armrest-systems.com\/sv\/oe-oem\/typgodkant-och-valbeprovat-system\/\">Typgodk\u00e4nt och v\u00e4lbepr\u00f6vat system<\/a><\/span><\/li>\n<li><span style=\"color: #ffffff;\"><a style=\"color: #ffffff;\" href=\"https:\/\/armrest-systems.com\/sv\/oe-oem\/carry-over-system\/\">Carry-Over system<\/a><\/span><\/li>\n<li><span style=\"color: #ffffff;\"><a style=\"color: #ffffff;\" href=\"https:\/\/armrest-systems.com\/sv\/oe-oem\/comfort-som-originaltillbehor\/\">Comfort som originaltillbeh\u00f6r<\/a><\/span><\/li>\n<li><span style=\"color: #ffffff;\"><a style=\"color: #ffffff;\" href=\"https:\/\/armrest-systems.com\/sv\/produkter\/sa-funkar-comfort\/special-anpassningar\/\">Specialanpassningar<\/a><\/span><\/li>\n<li><span style=\"color: #ffffff;\"><a style=\"color: #ffffff;\" href=\"https:\/\/armrest-systems.com\/sv\/oe-oem\/kvalitet-och-miljo\/\">Kvalitet och Milj\u00f6<\/a><\/span><\/li>\n<li><span style=\"color: #ffffff;\"><a style=\"color: #ffffff;\" href=\"https:\/\/armrest-systems.com\/sv\/support\/garantier\/\">Garantier<\/a><\/span><\/li>\n<li><span style=\"color: #ffffff;\"><a style=\"color: #ffffff;\" href=\"https:\/\/armrest-systems.com\/sv\/oe-oem\/vara-partners\/\">V\u00e5ra partners<\/a><\/span><\/li>\n<li><span style=\"color: #ffffff;\"><a style=\"color: #ffffff;\" href=\"https:\/\/armrest-systems.com\/sv\/oe-oem\/referenskunder\/\">Referenskunder<\/a><\/span><\/li>\n<\/ul>\n<p>[\/et_pb_text][\/et_pb_column][et_pb_column type=&#8221;1_6&#8243; _builder_version=&#8221;4.16&#8243; custom_padding=&#8221;|||&#8221; global_colors_info=&#8221;{}&#8221; custom_padding__hover=&#8221;|||&#8221;][et_pb_text _builder_version=&#8221;4.16&#8243; text_font=&#8221;||||||||&#8221; background_layout=&#8221;dark&#8221; global_colors_info=&#8221;{}&#8221;]<\/p>\n<ul>\n<li><span style=\"color: #ffffff;\"><a style=\"color: #ffffff;\" href=\"https:\/\/armrest-systems.com\/sv\/om-comfort\/historien-om-comfort\/\">Historien om Comfort<\/a><\/span><\/li>\n<li><span style=\"color: #ffffff;\"><a style=\"color: #ffffff;\" href=\"https:\/\/armrest-systems.com\/sv\/om-comfort\/varfor-comfort\/\">Varf\u00f6r Comfort<\/a><\/span><\/li>\n<li><span style=\"color: #ffffff;\"><a style=\"color: #ffffff;\" href=\"https:\/\/armrest-systems.com\/sv\/om-comfort\/typgodkant-system\/\">Typgodk\u00e4nt system<\/a><\/span><\/li>\n<\/ul>\n<p>[\/et_pb_text][\/et_pb_column][et_pb_column type=&#8221;1_6&#8243; _builder_version=&#8221;4.16&#8243; custom_padding=&#8221;|||&#8221; global_colors_info=&#8221;{}&#8221; custom_padding__hover=&#8221;|||&#8221;][et_pb_text _builder_version=&#8221;4.16&#8243; text_font=&#8221;||||||||&#8221; background_layout=&#8221;dark&#8221; global_colors_info=&#8221;{}&#8221;]<\/p>\n<ul>\n<li><span style=\"color: #ffffff;\"><a style=\"color: #ffffff;\" href=\"https:\/\/armrest-systems.com\/sv\/support\/downloads-videos\/\">Downloads \/ Videos<\/a><\/span><\/li>\n<li><a href=\"https:\/\/armrest-systems.com\/sv\/support\/garantier\/\"><span style=\"color: #ffffff;\">Garantier<\/span><\/a><\/li>\n<li><span style=\"color: #ffffff;\"><a style=\"color: #ffffff;\" href=\"https:\/\/armrest-systems.com\/sv\/support\/sales-promotion\/\">Sales Promotion<\/a><\/span><\/li>\n<li><span style=\"color: #ffffff;\"><a style=\"color: #ffffff;\" href=\"https:\/\/armrest-systems.com\/sv\/support\/faq\/\">FAQ<\/a><\/span><\/li>\n<li><span style=\"color: #ffffff;\"><a style=\"color: #ffffff;\" href=\"https:\/\/armrest-systems.com\/sv\/support\/ordlista\/\">Ordlista<\/a><\/span><\/li>\n<\/ul>\n<p>[\/et_pb_text][\/et_pb_column][et_pb_column type=&#8221;1_6&#8243; _builder_version=&#8221;4.16&#8243; custom_padding=&#8221;|||&#8221; global_colors_info=&#8221;{}&#8221; custom_padding__hover=&#8221;|||&#8221;][et_pb_text _builder_version=&#8221;4.16&#8243; text_font=&#8221;||||||||&#8221; background_layout=&#8221;dark&#8221; global_colors_info=&#8221;{}&#8221;]<\/p>\n<ul>\n<li><span style=\"color: #ffffff;\"><a style=\"color: #ffffff;\" href=\"https:\/\/armrest-systems.com\/sv\/om-oss\/foretaget\/\">F\u00f6retaget<\/a><\/span><\/li>\n<li><span style=\"color: #ffffff;\"><a style=\"color: #ffffff;\" href=\"https:\/\/armrest-systems.com\/sv\/om-oss\/kontakta-oss\/\">Kontakta oss<\/a><\/span><\/li>\n<li><span style=\"color: #ffffff;\"><a style=\"color: #ffffff;\" href=\"https:\/\/armrest-systems.com\/sv\/om-oss\/gdpr\/\">GDPR<\/a><\/span><\/li>\n<li><span style=\"color: #ffffff;\"><a style=\"color: #ffffff;\" href=\"https:\/\/armrest-systems.com\/sv\/om-oss\/vara-policies\/\">V\u00e5ra policies<\/a><\/span><\/li>\n<\/ul>\n<p>[\/et_pb_text][et_pb_code _builder_version=&#8221;4.16&#8243; width=&#8221;92%&#8221; custom_margin=&#8221;-35px||||false|false&#8221; global_colors_info=&#8221;{}&#8221;]<\/p>\n<div><a href=\"https:\/\/unicef.se\/g\/3h2\"><img loading=\"lazy\" decoding=\"async\" width=\"450\" height=\"236\" alt=\"Corporate banner (English) Christmas 2020\" src=\"https:\/\/unicef-banners.s3-eu-west-1.amazonaws.com\/2020\/Jul2020\/Stodbanner_unicef_JUL2020_450x236_ENG.jpg\" \/><\/a><\/div>\n<p>[\/et_pb_code][\/et_pb_column][et_pb_column type=&#8221;1_6&#8243; _builder_version=&#8221;4.16&#8243; custom_padding=&#8221;|||&#8221; global_colors_info=&#8221;{}&#8221; custom_padding__hover=&#8221;|||&#8221;][et_pb_text _builder_version=&#8221;4.16&#8243; text_font=&#8221;||||||||&#8221; header_font=&#8221;||||||||&#8221; header_3_font=&#8221;||||||||&#8221; header_3_font_size=&#8221;30px&#8221; background_layout=&#8221;dark&#8221; custom_margin=&#8221;|||-10px&#8221; custom_margin_tablet=&#8221;&#8221; custom_margin_phone=&#8221;|||0px&#8221; custom_margin_last_edited=&#8221;on|phone&#8221; global_colors_info=&#8221;{}&#8221;]<\/p>\n<h3>Kontakt<\/h3>\n<ul>\n<li>Sydmeko Industri AB<\/li>\n<li>Santessonsv\u00e4g 3<\/li>\n<li>SE-232 61 Arl\u00f6v, Sweden<\/li>\n<li>Tel: +46 (0)40-836 40<\/li>\n<li>E-mail:\u00a0<a href=\"mailto:office@sydmeko.se\"><span style=\"color: #ffffff;\">office@sydmeko.se<\/span><\/a><\/li>\n<\/ul>\n<p>[\/et_pb_text][et_pb_social_media_follow _builder_version=&#8221;4.16&#8243; custom_margin=&#8221;||0px|-10px&#8221; custom_margin_tablet=&#8221;&#8221; custom_margin_phone=&#8221;|||0px&#8221; custom_margin_last_edited=&#8221;on|phone&#8221; global_colors_info=&#8221;{}&#8221;][et_pb_social_media_follow_network social_network=&#8221;facebook&#8221; url=&#8221;https:\/\/www.facebook.com\/ComfortArmrestSystem\/&#8221; _builder_version=&#8221;4.16&#8243; background_color=&#8221;#3b5998&#8243; global_colors_info=&#8221;{}&#8221; follow_button=&#8221;off&#8221; url_new_window=&#8221;on&#8221;]facebook[\/et_pb_social_media_follow_network][et_pb_social_media_follow_network social_network=&#8221;linkedin&#8221; url=&#8221;https:\/\/www.linkedin.com\/company\/sydmeko-industri-ab\/&#8221; _builder_version=&#8221;4.16&#8243; background_color=&#8221;#007bb6&#8243; global_colors_info=&#8221;{}&#8221; follow_button=&#8221;off&#8221; url_new_window=&#8221;on&#8221;]linkedin[\/et_pb_social_media_follow_network][et_pb_social_media_follow_network social_network=&#8221;youtube&#8221; url=&#8221;https:\/\/www.youtube.com\/channel\/UC_1pCEvp1qKDnhaIabI1KsA&#8221; _builder_version=&#8221;4.16&#8243; background_color=&#8221;#a82400&#8243; global_colors_info=&#8221;{}&#8221; follow_button=&#8221;off&#8221; url_new_window=&#8221;on&#8221;]youtube[\/et_pb_social_media_follow_network][\/et_pb_social_media_follow][\/et_pb_column][\/et_pb_row][\/et_pb_section]<\/p>\n","protected":false},"excerpt":{"rendered":"<p>Select Language Suche nach Anpassungen Um nach einem Armlehnenmodell zu suchen, das zu Ihrem Fahrzeug passt, sollten Sie die folgenden 4 Stufen durchgehen. Beginnen Sie, indem Sie die Marke Ihres Fahrzeuges (1), dann Ihr Fahrzeug-Modell (2), Modelljahr (3) und schlie\u00dflich das Modell und Design der Armlehne (4) w\u00e4hlen. Wir zeigen Ihnen die verf\u00fcgbare(n) Option(en) mit [&hellip;]<\/p>\n","protected":false},"author":1,"featured_media":0,"parent":0,"menu_order":0,"comment_status":"closed","ping_status":"open","template":"","meta":{"_et_pb_use_builder":"on","_et_pb_old_content":"","_et_gb_content_width":"","footnotes":""},"class_list":["post-3892","page","type-page","status-publish","hentry"],"yoast_head":"<!-- This site is optimized with the Yoast SEO plugin v27.3 - https:\/\/yoast.com\/product\/yoast-seo-wordpress\/ -->\n<title>S\u00f6k anpassning tyska - Armrest System<\/title>\n<meta name=\"robots\" content=\"index, follow, max-snippet:-1, max-image-preview:large, max-video-preview:-1\" \/>\n<link rel=\"canonical\" href=\"https:\/\/armrest-systems.com\/sv\/sok-anpassning-tyska\/\" \/>\n<meta property=\"og:locale\" content=\"sv_SE\" \/>\n<meta property=\"og:type\" content=\"article\" \/>\n<meta property=\"og:title\" content=\"S\u00f6k anpassning tyska - Armrest System\" \/>\n<meta property=\"og:description\" content=\"Select Language Suche nach Anpassungen Um nach einem Armlehnenmodell zu suchen, das zu Ihrem Fahrzeug passt, sollten Sie die folgenden 4 Stufen durchgehen. Beginnen Sie, indem Sie die Marke Ihres Fahrzeuges (1), dann Ihr Fahrzeug-Modell (2), Modelljahr (3) und schlie\u00dflich das Modell und Design der Armlehne (4) w\u00e4hlen. Wir zeigen Ihnen die verf\u00fcgbare(n) Option(en) mit [&hellip;]\" \/>\n<meta property=\"og:url\" content=\"https:\/\/armrest-systems.com\/sv\/sok-anpassning-tyska\/\" \/>\n<meta property=\"og:site_name\" content=\"Armrest System\" \/>\n<meta property=\"article:modified_time\" content=\"2022-04-11T08:33:49+00:00\" \/>\n<meta property=\"og:image\" content=\"http:\/\/armrest-systems.com\/wp-content\/uploads\/2022\/04\/union-jack-g82b286efd_640.jpg\" \/>\n<meta name=\"twitter:card\" content=\"summary_large_image\" \/>\n<meta name=\"twitter:label1\" content=\"Ber\u00e4knad l\u00e4stid\" \/>\n\t<meta name=\"twitter:data1\" content=\"4 minuter\" \/>\n<script type=\"application\/ld+json\" class=\"yoast-schema-graph\">{\"@context\":\"https:\\\/\\\/schema.org\",\"@graph\":[{\"@type\":\"WebPage\",\"@id\":\"https:\\\/\\\/armrest-systems.com\\\/sv\\\/sok-anpassning-tyska\\\/\",\"url\":\"https:\\\/\\\/armrest-systems.com\\\/sv\\\/sok-anpassning-tyska\\\/\",\"name\":\"S\u00f6k anpassning tyska - Armrest System\",\"isPartOf\":{\"@id\":\"https:\\\/\\\/armrest-systems.com\\\/#website\"},\"primaryImageOfPage\":{\"@id\":\"https:\\\/\\\/armrest-systems.com\\\/sv\\\/sok-anpassning-tyska\\\/#primaryimage\"},\"image\":{\"@id\":\"https:\\\/\\\/armrest-systems.com\\\/sv\\\/sok-anpassning-tyska\\\/#primaryimage\"},\"thumbnailUrl\":\"http:\\\/\\\/armrest-systems.com\\\/wp-content\\\/uploads\\\/2022\\\/04\\\/union-jack-g82b286efd_640.jpg\",\"datePublished\":\"2019-05-23T11:40:13+00:00\",\"dateModified\":\"2022-04-11T08:33:49+00:00\",\"breadcrumb\":{\"@id\":\"https:\\\/\\\/armrest-systems.com\\\/sv\\\/sok-anpassning-tyska\\\/#breadcrumb\"},\"inLanguage\":\"sv-SE\",\"potentialAction\":[{\"@type\":\"ReadAction\",\"target\":[\"https:\\\/\\\/armrest-systems.com\\\/sv\\\/sok-anpassning-tyska\\\/\"]}]},{\"@type\":\"ImageObject\",\"inLanguage\":\"sv-SE\",\"@id\":\"https:\\\/\\\/armrest-systems.com\\\/sv\\\/sok-anpassning-tyska\\\/#primaryimage\",\"url\":\"http:\\\/\\\/armrest-systems.com\\\/wp-content\\\/uploads\\\/2022\\\/04\\\/union-jack-g82b286efd_640.jpg\",\"contentUrl\":\"http:\\\/\\\/armrest-systems.com\\\/wp-content\\\/uploads\\\/2022\\\/04\\\/union-jack-g82b286efd_640.jpg\"},{\"@type\":\"BreadcrumbList\",\"@id\":\"https:\\\/\\\/armrest-systems.com\\\/sv\\\/sok-anpassning-tyska\\\/#breadcrumb\",\"itemListElement\":[{\"@type\":\"ListItem\",\"position\":1,\"name\":\"Hem\",\"item\":\"https:\\\/\\\/armrest-systems.com\\\/sv\\\/\"},{\"@type\":\"ListItem\",\"position\":2,\"name\":\"S\u00f6k anpassning tyska\"}]},{\"@type\":\"WebSite\",\"@id\":\"https:\\\/\\\/armrest-systems.com\\\/#website\",\"url\":\"https:\\\/\\\/armrest-systems.com\\\/\",\"name\":\"Armrest System\",\"description\":\"Armrests - Ergonomy - Quality - Perfect interior match\",\"potentialAction\":[{\"@type\":\"SearchAction\",\"target\":{\"@type\":\"EntryPoint\",\"urlTemplate\":\"https:\\\/\\\/armrest-systems.com\\\/?s={search_term_string}\"},\"query-input\":{\"@type\":\"PropertyValueSpecification\",\"valueRequired\":true,\"valueName\":\"search_term_string\"}}],\"inLanguage\":\"sv-SE\"}]}<\/script>\n<!-- \/ Yoast SEO plugin. -->","yoast_head_json":{"title":"S\u00f6k anpassning tyska - Armrest System","robots":{"index":"index","follow":"follow","max-snippet":"max-snippet:-1","max-image-preview":"max-image-preview:large","max-video-preview":"max-video-preview:-1"},"canonical":"https:\/\/armrest-systems.com\/sv\/sok-anpassning-tyska\/","og_locale":"sv_SE","og_type":"article","og_title":"S\u00f6k anpassning tyska - Armrest System","og_description":"Select Language Suche nach Anpassungen Um nach einem Armlehnenmodell zu suchen, das zu Ihrem Fahrzeug passt, sollten Sie die folgenden 4 Stufen durchgehen. Beginnen Sie, indem Sie die Marke Ihres Fahrzeuges (1), dann Ihr Fahrzeug-Modell (2), Modelljahr (3) und schlie\u00dflich das Modell und Design der Armlehne (4) w\u00e4hlen. Wir zeigen Ihnen die verf\u00fcgbare(n) Option(en) mit [&hellip;]","og_url":"https:\/\/armrest-systems.com\/sv\/sok-anpassning-tyska\/","og_site_name":"Armrest System","article_modified_time":"2022-04-11T08:33:49+00:00","og_image":[{"url":"http:\/\/armrest-systems.com\/wp-content\/uploads\/2022\/04\/union-jack-g82b286efd_640.jpg","type":"","width":"","height":""}],"twitter_card":"summary_large_image","twitter_misc":{"Ber\u00e4knad l\u00e4stid":"4 minuter"},"schema":{"@context":"https:\/\/schema.org","@graph":[{"@type":"WebPage","@id":"https:\/\/armrest-systems.com\/sv\/sok-anpassning-tyska\/","url":"https:\/\/armrest-systems.com\/sv\/sok-anpassning-tyska\/","name":"S\u00f6k anpassning tyska - Armrest System","isPartOf":{"@id":"https:\/\/armrest-systems.com\/#website"},"primaryImageOfPage":{"@id":"https:\/\/armrest-systems.com\/sv\/sok-anpassning-tyska\/#primaryimage"},"image":{"@id":"https:\/\/armrest-systems.com\/sv\/sok-anpassning-tyska\/#primaryimage"},"thumbnailUrl":"http:\/\/armrest-systems.com\/wp-content\/uploads\/2022\/04\/union-jack-g82b286efd_640.jpg","datePublished":"2019-05-23T11:40:13+00:00","dateModified":"2022-04-11T08:33:49+00:00","breadcrumb":{"@id":"https:\/\/armrest-systems.com\/sv\/sok-anpassning-tyska\/#breadcrumb"},"inLanguage":"sv-SE","potentialAction":[{"@type":"ReadAction","target":["https:\/\/armrest-systems.com\/sv\/sok-anpassning-tyska\/"]}]},{"@type":"ImageObject","inLanguage":"sv-SE","@id":"https:\/\/armrest-systems.com\/sv\/sok-anpassning-tyska\/#primaryimage","url":"http:\/\/armrest-systems.com\/wp-content\/uploads\/2022\/04\/union-jack-g82b286efd_640.jpg","contentUrl":"http:\/\/armrest-systems.com\/wp-content\/uploads\/2022\/04\/union-jack-g82b286efd_640.jpg"},{"@type":"BreadcrumbList","@id":"https:\/\/armrest-systems.com\/sv\/sok-anpassning-tyska\/#breadcrumb","itemListElement":[{"@type":"ListItem","position":1,"name":"Hem","item":"https:\/\/armrest-systems.com\/sv\/"},{"@type":"ListItem","position":2,"name":"S\u00f6k anpassning tyska"}]},{"@type":"WebSite","@id":"https:\/\/armrest-systems.com\/#website","url":"https:\/\/armrest-systems.com\/","name":"Armrest System","description":"Armrests - Ergonomy - Quality - Perfect interior match","potentialAction":[{"@type":"SearchAction","target":{"@type":"EntryPoint","urlTemplate":"https:\/\/armrest-systems.com\/?s={search_term_string}"},"query-input":{"@type":"PropertyValueSpecification","valueRequired":true,"valueName":"search_term_string"}}],"inLanguage":"sv-SE"}]}},"_links":{"self":[{"href":"https:\/\/armrest-systems.com\/sv\/wp-json\/wp\/v2\/pages\/3892","targetHints":{"allow":["GET"]}}],"collection":[{"href":"https:\/\/armrest-systems.com\/sv\/wp-json\/wp\/v2\/pages"}],"about":[{"href":"https:\/\/armrest-systems.com\/sv\/wp-json\/wp\/v2\/types\/page"}],"author":[{"embeddable":true,"href":"https:\/\/armrest-systems.com\/sv\/wp-json\/wp\/v2\/users\/1"}],"replies":[{"embeddable":true,"href":"https:\/\/armrest-systems.com\/sv\/wp-json\/wp\/v2\/comments?post=3892"}],"version-history":[{"count":5,"href":"https:\/\/armrest-systems.com\/sv\/wp-json\/wp\/v2\/pages\/3892\/revisions"}],"predecessor-version":[{"id":5178,"href":"https:\/\/armrest-systems.com\/sv\/wp-json\/wp\/v2\/pages\/3892\/revisions\/5178"}],"wp:attachment":[{"href":"https:\/\/armrest-systems.com\/sv\/wp-json\/wp\/v2\/media?parent=3892"}],"curies":[{"name":"wp","href":"https:\/\/api.w.org\/{rel}","templated":true}]}}