{"id":2537,"date":"2019-02-11T12:23:12","date_gmt":"2019-02-11T12:23:12","guid":{"rendered":"https:\/\/ny.armrest-systems.com\/?page_id=2537"},"modified":"2022-06-22T08:41:01","modified_gmt":"2022-06-22T08:41:01","slug":"kvalitet-och-miljo","status":"publish","type":"page","link":"https:\/\/armrest-systems.com\/sv\/oe-oem\/kvalitet-och-miljo\/","title":{"rendered":"Kvalitet och Milj\u00f6"},"content":{"rendered":"<p>[et_pb_section fb_built=&#8221;1&#8243; _builder_version=&#8221;4.16&#8243; custom_padding=&#8221;40px|0px|54px|0px|false|false&#8221; global_colors_info=&#8221;{}&#8221;][et_pb_row _builder_version=&#8221;4.16&#8243; global_colors_info=&#8221;{}&#8221;][et_pb_column type=&#8221;4_4&#8243; _builder_version=&#8221;4.16&#8243; custom_padding=&#8221;|||&#8221; global_colors_info=&#8221;{}&#8221; custom_padding__hover=&#8221;|||&#8221;][et_pb_text _builder_version=&#8221;4.16&#8243; text_font=&#8221;||||||||&#8221; text_orientation=&#8221;center&#8221; global_colors_info=&#8221;{}&#8221;]<\/p>\n<h1>Kvalitet och Milj\u00f6<\/h1>\n<p>[\/et_pb_text][\/et_pb_column][\/et_pb_row][et_pb_row column_structure=&#8221;1_2,1_2&#8243; _builder_version=&#8221;4.16&#8243; custom_padding=&#8221;0|0px|0|0px|false|false&#8221; global_colors_info=&#8221;{}&#8221;][et_pb_column type=&#8221;1_2&#8243; _builder_version=&#8221;4.16&#8243; custom_padding=&#8221;|||&#8221; global_colors_info=&#8221;{}&#8221; custom_padding__hover=&#8221;|||&#8221;][et_pb_text _builder_version=&#8221;4.16&#8243; text_font=&#8221;||||||||&#8221; text_orientation=&#8221;justified&#8221; global_colors_info=&#8221;{}&#8221;]<\/p>\n<h3>ISO 9001:2015<\/h3>\n<p>Vi \u00e4r ISO certifierade och arbetar i enlighet med ISO 9001:2015 f\u00f6r att s\u00e4kerst\u00e4lla en versamhet som motsvarar v\u00e5ra kunders h\u00f6gt st\u00e4llda f\u00f6rv\u00e4ntningar betr\u00e4ffande kvalitet, leveranss\u00e4kerhet samt milj\u00f6.<br \/> F\u00f6r oss \u00e4r detta en sj\u00e4lvklarhet.<\/p>\n<p>[\/et_pb_text][et_pb_blurb use_icon=&#8221;on&#8221; font_icon=&#8221;&#x54;||divi||400&#8243; icon_placement=&#8221;left&#8221; _builder_version=&#8221;4.16&#8243; global_colors_info=&#8221;{}&#8221;]<\/p>\n<p><a href=\"http:\/\/armrest-systems.com\/wp-content\/uploads\/2019\/01\/sydmeko-quality-policy.pdf\" target=\"_blank\" rel=\"noopener noreferrer\">Kvalitetspolicy<\/a><\/p>\n<p>[\/et_pb_blurb][et_pb_text _builder_version=&#8221;4.16&#8243; text_font=&#8221;||||||||&#8221; text_orientation=&#8221;justified&#8221; global_colors_info=&#8221;{}&#8221;]<\/p>\n<h3>Achilles<\/h3>\n<p>Vi \u00e4r \u00e4ven registrerad leverant\u00f6r i Achilles Automotive Community. Achilles samlar in och validerar leverant\u00f6rsdata, f\u00f6renar ink\u00f6pare och leverant\u00f6rer, f\u00f6renklar upphandlingar och h\u00f6jer standarder.<br \/> Informationsstyrd insikt skapar s\u00e4krare och h\u00e5llbarare leverant\u00f6rskedjor som presterar b\u00e4ttre.<\/p>\n<p>[\/et_pb_text][\/et_pb_column][et_pb_column type=&#8221;1_2&#8243; _builder_version=&#8221;4.16&#8243; custom_padding=&#8221;|||&#8221; global_colors_info=&#8221;{}&#8221; custom_padding__hover=&#8221;|||&#8221;][et_pb_text _builder_version=&#8221;4.16&#8243; text_font=&#8221;||||||||&#8221; text_orientation=&#8221;justified&#8221; global_colors_info=&#8221;{}&#8221;]<\/p>\n<h3>ISO 1400:2015<\/h3>\n<p>Vi \u00e4r ISO certifierade och jobbar aktivt f\u00f6r att medverka till en b\u00e4ttre milj\u00f6 i enlighet med ISO 14001:2015.<\/p>\n<p>D\u00e4rf\u00f6r anv\u00e4nder vi milj\u00f6godk\u00e4nda material i v\u00e5ra produkter som kan \u00e5tervinnas och som harmonierar med det europeiska REACH direktivet. Dessutom finns v\u00e5ra produkter listade i IMDS (International Material Database System) d\u00e4r vi tillsammans med v\u00e5ra kunder inom bilindustrin arbetar aktivt f\u00f6r att v\u00e5ra produkter skall ha en s\u00e5 liten milj\u00f6p\u00e5verkan som m\u00f6jligt samt att de kan \u00e5tervinnas d\u00e5 bilen skrotas.<\/p>\n<p>[\/et_pb_text][et_pb_blurb use_icon=&#8221;on&#8221; font_icon=&#8221;&#x54;||divi||400&#8243; icon_placement=&#8221;left&#8221; _builder_version=&#8221;4.16&#8243; global_colors_info=&#8221;{}&#8221;]<\/p>\n<p><a href=\"http:\/\/armrest-systems.com\/wp-content\/uploads\/2019\/01\/sydmeko-environment-policy.pdf\" target=\"_blank\" rel=\"noopener noreferrer\">Milj\u00f6policy<\/a><\/p>\n<p>[\/et_pb_blurb][\/et_pb_column][\/et_pb_row][et_pb_row column_structure=&#8221;1_3,1_3,1_3&#8243; _builder_version=&#8221;4.16&#8243; custom_padding=&#8221;48px|0px|27px|0px|false|false&#8221; global_colors_info=&#8221;{}&#8221;][et_pb_column type=&#8221;1_3&#8243; _builder_version=&#8221;4.16&#8243; custom_padding=&#8221;|||&#8221; global_colors_info=&#8221;{}&#8221; custom_padding__hover=&#8221;|||&#8221;][et_pb_image src=&#8221;http:\/\/armrest-systems.com\/wp-content\/uploads\/2019\/11\/Achilles_Certificate-of-Membership.png&#8221; url=&#8221;http:\/\/armrest-systems.com\/wp-content\/uploads\/2019\/11\/Certificate-of-Membership-Achilles-Automotive-Achilles-ID-163329.pdf&#8221; url_new_window=&#8221;on&#8221; align=&#8221;center&#8221; align_tablet=&#8221;center&#8221; align_phone=&#8221;&#8221; align_last_edited=&#8221;on|desktop&#8221; _builder_version=&#8221;4.16&#8243; global_colors_info=&#8221;{}&#8221;][\/et_pb_image][\/et_pb_column][et_pb_column type=&#8221;1_3&#8243; _builder_version=&#8221;4.16&#8243; custom_padding=&#8221;|||&#8221; global_colors_info=&#8221;{}&#8221; custom_padding__hover=&#8221;|||&#8221;][et_pb_image src=&#8221;http:\/\/armrest-systems.com\/wp-content\/uploads\/2022\/06\/ISO-sv.png&#8221; title_text=&#8221;ISO-sv&#8221; url=&#8221;http:\/\/armrest-systems.com\/wp-content\/uploads\/2022\/06\/Sydmeko-ISO-certifikat-2021_SE.pdf&#8221; url_new_window=&#8221;on&#8221; align_tablet=&#8221;center&#8221; align_phone=&#8221;&#8221; align_last_edited=&#8221;on|desktop&#8221; _builder_version=&#8221;4.17.4&#8243; hover_enabled=&#8221;0&#8243; global_colors_info=&#8221;{}&#8221; sticky_enabled=&#8221;0&#8243;][\/et_pb_image][\/et_pb_column][et_pb_column type=&#8221;1_3&#8243; _builder_version=&#8221;4.16&#8243; custom_padding=&#8221;|||&#8221; global_colors_info=&#8221;{}&#8221; custom_padding__hover=&#8221;|||&#8221;][et_pb_image src=&#8221;http:\/\/armrest-systems.com\/wp-content\/uploads\/2022\/06\/ISO-en.png&#8221; title_text=&#8221;ISO-en&#8221; url=&#8221;http:\/\/armrest-systems.com\/wp-content\/uploads\/2022\/06\/Sydmeko-ISO-certificate-2021_ENG.pdf&#8221; url_new_window=&#8221;on&#8221; align_tablet=&#8221;center&#8221; align_phone=&#8221;&#8221; align_last_edited=&#8221;on|desktop&#8221; _builder_version=&#8221;4.17.4&#8243; hover_enabled=&#8221;0&#8243; global_colors_info=&#8221;{}&#8221; sticky_enabled=&#8221;0&#8243;][\/et_pb_image][\/et_pb_column][\/et_pb_row][\/et_pb_section][et_pb_section fb_built=&#8221;1&#8243; module_class=&#8221;footer&#8221; _builder_version=&#8221;3.22.3&#8243; background_color=&#8221;#C61518&#8243; custom_padding=&#8221;50px|0px|31px|0px|false|false&#8221; global_module=&#8221;481&#8243; saved_tabs=&#8221;all&#8221; global_colors_info=&#8221;{}&#8221;][et_pb_row column_structure=&#8221;1_6,1_6,1_6,1_6,1_6,1_6&#8243; use_custom_gutter=&#8221;on&#8221; gutter_width=&#8221;2&#8243; module_class=&#8221; et_pb_row_fullwidth&#8221; _builder_version=&#8221;4.16&#8243; width=&#8221;94%&#8221; width_tablet=&#8221;80%&#8221; width_phone=&#8221;&#8221; width_last_edited=&#8221;on|desktop&#8221; max_width=&#8221;94%&#8221; max_width_tablet=&#8221;80%&#8221; max_width_phone=&#8221;&#8221; max_width_last_edited=&#8221;on|desktop&#8221; make_fullwidth=&#8221;on&#8221; global_colors_info=&#8221;{}&#8221;][et_pb_column type=&#8221;1_6&#8243; _builder_version=&#8221;4.16&#8243; custom_padding=&#8221;|||&#8221; global_colors_info=&#8221;{}&#8221; custom_padding__hover=&#8221;|||&#8221;][et_pb_text _builder_version=&#8221;4.16&#8243; text_font=&#8221;||||||||&#8221; background_layout=&#8221;dark&#8221; global_colors_info=&#8221;{}&#8221;]<\/p>\n<ul>\n<li><span style=\"color: #ffffff;\"><a style=\"color: #ffffff;\" href=\"https:\/\/armrest-systems.com\/sv\/produkter\/produkter\/\">Produkter<\/a><\/span><\/li>\n<li><span style=\"color: #ffffff;\"><a style=\"color: #ffffff;\" href=\"https:\/\/armrest-systems.com\/sv\/produkter\/sa-funkar-comfort\/\">S\u00e5 funkar Comfort<\/a><\/span><\/li>\n<li><span style=\"color: #ffffff;\"><a style=\"color: #ffffff;\" href=\"https:\/\/armrest-systems.com\/sv\/produkter\/galleri\/\">Galleri<\/a><\/span><\/li>\n<li><span style=\"color: #ffffff;\"><a style=\"color: #ffffff;\" href=\"https:\/\/armrest-systems.com\/sv\/produkter\/markesinfo\/\">M\u00e4rkesinfo<\/a><\/span><\/li>\n<li><span style=\"color: #ffffff;\"><a style=\"color: #ffffff;\" href=\"https:\/\/armrest-systems.com\/sv\/produkter\/af-distributorer\">\u00c5F \/ Distribut\u00f6rer<\/a><\/span><\/li>\n<li><a href=\"https:\/\/armrest-systems.com\/sv\/produkter\/bli-af-distributor\"><span style=\"color: #ffffff;\">Bli \u00c5F \/ Distribut\u00f6r<\/span><\/a><\/li>\n<\/ul>\n<p>[\/et_pb_text][\/et_pb_column][et_pb_column type=&#8221;1_6&#8243; _builder_version=&#8221;4.16&#8243; custom_padding=&#8221;|||&#8221; global_colors_info=&#8221;{}&#8221; custom_padding__hover=&#8221;|||&#8221;][et_pb_text _builder_version=&#8221;4.16&#8243; text_font=&#8221;||||||||&#8221; background_layout=&#8221;dark&#8221; global_colors_info=&#8221;{}&#8221;]<\/p>\n<ul>\n<li><span style=\"color: #ffffff;\"><a style=\"color: #ffffff;\" href=\"https:\/\/armrest-systems.com\/sv\/oe-oem\/varfor-valja-comfort\/\">Varf\u00f6r v\u00e4lja Comfort?<\/a><\/span><\/li>\n<li><span style=\"color: #ffffff;\"><a style=\"color: #ffffff;\" href=\"https:\/\/armrest-systems.com\/sv\/oe-oem\/typgodkant-och-valbeprovat-system\/\">Typgodk\u00e4nt och v\u00e4lbepr\u00f6vat system<\/a><\/span><\/li>\n<li><span style=\"color: #ffffff;\"><a style=\"color: #ffffff;\" href=\"https:\/\/armrest-systems.com\/sv\/oe-oem\/carry-over-system\/\">Carry-Over system<\/a><\/span><\/li>\n<li><span style=\"color: #ffffff;\"><a style=\"color: #ffffff;\" href=\"https:\/\/armrest-systems.com\/sv\/oe-oem\/comfort-som-originaltillbehor\/\">Comfort som originaltillbeh\u00f6r<\/a><\/span><\/li>\n<li><span style=\"color: #ffffff;\"><a style=\"color: #ffffff;\" href=\"https:\/\/armrest-systems.com\/sv\/produkter\/sa-funkar-comfort\/special-anpassningar\/\">Specialanpassningar<\/a><\/span><\/li>\n<li><span style=\"color: #ffffff;\"><a style=\"color: #ffffff;\" href=\"https:\/\/armrest-systems.com\/sv\/oe-oem\/kvalitet-och-miljo\/\">Kvalitet och Milj\u00f6<\/a><\/span><\/li>\n<li><span style=\"color: #ffffff;\"><a style=\"color: #ffffff;\" href=\"https:\/\/armrest-systems.com\/sv\/support\/garantier\/\">Garantier<\/a><\/span><\/li>\n<li><span style=\"color: #ffffff;\"><a style=\"color: #ffffff;\" href=\"https:\/\/armrest-systems.com\/sv\/oe-oem\/vara-partners\/\">V\u00e5ra partners<\/a><\/span><\/li>\n<li><span style=\"color: #ffffff;\"><a style=\"color: #ffffff;\" href=\"https:\/\/armrest-systems.com\/sv\/oe-oem\/referenskunder\/\">Referenskunder<\/a><\/span><\/li>\n<\/ul>\n<p>[\/et_pb_text][\/et_pb_column][et_pb_column type=&#8221;1_6&#8243; _builder_version=&#8221;4.16&#8243; custom_padding=&#8221;|||&#8221; global_colors_info=&#8221;{}&#8221; custom_padding__hover=&#8221;|||&#8221;][et_pb_text _builder_version=&#8221;4.16&#8243; text_font=&#8221;||||||||&#8221; background_layout=&#8221;dark&#8221; global_colors_info=&#8221;{}&#8221;]<\/p>\n<ul>\n<li><span style=\"color: #ffffff;\"><a style=\"color: #ffffff;\" href=\"https:\/\/armrest-systems.com\/sv\/om-comfort\/historien-om-comfort\/\">Historien om Comfort<\/a><\/span><\/li>\n<li><span style=\"color: #ffffff;\"><a style=\"color: #ffffff;\" href=\"https:\/\/armrest-systems.com\/sv\/om-comfort\/varfor-comfort\/\">Varf\u00f6r Comfort<\/a><\/span><\/li>\n<li><span style=\"color: #ffffff;\"><a style=\"color: #ffffff;\" href=\"https:\/\/armrest-systems.com\/sv\/om-comfort\/typgodkant-system\/\">Typgodk\u00e4nt system<\/a><\/span><\/li>\n<\/ul>\n<p>[\/et_pb_text][\/et_pb_column][et_pb_column type=&#8221;1_6&#8243; _builder_version=&#8221;4.16&#8243; custom_padding=&#8221;|||&#8221; global_colors_info=&#8221;{}&#8221; custom_padding__hover=&#8221;|||&#8221;][et_pb_text _builder_version=&#8221;4.16&#8243; text_font=&#8221;||||||||&#8221; background_layout=&#8221;dark&#8221; global_colors_info=&#8221;{}&#8221;]<\/p>\n<ul>\n<li><span style=\"color: #ffffff;\"><a style=\"color: #ffffff;\" href=\"https:\/\/armrest-systems.com\/sv\/support\/downloads-videos\/\">Downloads \/ Videos<\/a><\/span><\/li>\n<li><a href=\"https:\/\/armrest-systems.com\/sv\/support\/garantier\/\"><span style=\"color: #ffffff;\">Garantier<\/span><\/a><\/li>\n<li><span style=\"color: #ffffff;\"><a style=\"color: #ffffff;\" href=\"https:\/\/armrest-systems.com\/sv\/support\/sales-promotion\/\">Sales Promotion<\/a><\/span><\/li>\n<li><span style=\"color: #ffffff;\"><a style=\"color: #ffffff;\" href=\"https:\/\/armrest-systems.com\/sv\/support\/faq\/\">FAQ<\/a><\/span><\/li>\n<li><span style=\"color: #ffffff;\"><a style=\"color: #ffffff;\" href=\"https:\/\/armrest-systems.com\/sv\/support\/ordlista\/\">Ordlista<\/a><\/span><\/li>\n<\/ul>\n<p>[\/et_pb_text][\/et_pb_column][et_pb_column type=&#8221;1_6&#8243; _builder_version=&#8221;4.16&#8243; custom_padding=&#8221;|||&#8221; global_colors_info=&#8221;{}&#8221; custom_padding__hover=&#8221;|||&#8221;][et_pb_text _builder_version=&#8221;4.16&#8243; text_font=&#8221;||||||||&#8221; background_layout=&#8221;dark&#8221; global_colors_info=&#8221;{}&#8221;]<\/p>\n<ul>\n<li><span style=\"color: #ffffff;\"><a style=\"color: #ffffff;\" href=\"https:\/\/armrest-systems.com\/sv\/om-oss\/foretaget\/\">F\u00f6retaget<\/a><\/span><\/li>\n<li><span style=\"color: #ffffff;\"><a style=\"color: #ffffff;\" href=\"https:\/\/armrest-systems.com\/sv\/om-oss\/kontakta-oss\/\">Kontakta oss<\/a><\/span><\/li>\n<li><span style=\"color: #ffffff;\"><a style=\"color: #ffffff;\" href=\"https:\/\/armrest-systems.com\/sv\/om-oss\/gdpr\/\">GDPR<\/a><\/span><\/li>\n<li><span style=\"color: #ffffff;\"><a style=\"color: #ffffff;\" href=\"https:\/\/armrest-systems.com\/sv\/om-oss\/vara-policies\/\">V\u00e5ra policies<\/a><\/span><\/li>\n<\/ul>\n<p>[\/et_pb_text][et_pb_code _builder_version=&#8221;4.16&#8243; width=&#8221;92%&#8221; custom_margin=&#8221;-35px||||false|false&#8221; global_colors_info=&#8221;{}&#8221;]<\/p>\n<div><a href=\"https:\/\/unicef.se\/g\/3h2\"><img loading=\"lazy\" decoding=\"async\" width=\"450\" height=\"236\" alt=\"Corporate banner (English) Christmas 2020\" src=\"https:\/\/unicef-banners.s3-eu-west-1.amazonaws.com\/2020\/Jul2020\/Stodbanner_unicef_JUL2020_450x236_ENG.jpg\" \/><\/a><\/div>\n<p>[\/et_pb_code][\/et_pb_column][et_pb_column type=&#8221;1_6&#8243; _builder_version=&#8221;4.16&#8243; custom_padding=&#8221;|||&#8221; global_colors_info=&#8221;{}&#8221; custom_padding__hover=&#8221;|||&#8221;][et_pb_text _builder_version=&#8221;4.16&#8243; text_font=&#8221;||||||||&#8221; header_font=&#8221;||||||||&#8221; header_3_font=&#8221;||||||||&#8221; header_3_font_size=&#8221;30px&#8221; background_layout=&#8221;dark&#8221; custom_margin=&#8221;|||-10px&#8221; custom_margin_tablet=&#8221;&#8221; custom_margin_phone=&#8221;|||0px&#8221; custom_margin_last_edited=&#8221;on|phone&#8221; global_colors_info=&#8221;{}&#8221;]<\/p>\n<h3>Kontakt<\/h3>\n<ul>\n<li>Sydmeko Industri AB<\/li>\n<li>Santessonsv\u00e4g 3<\/li>\n<li>SE-232 61 Arl\u00f6v, Sweden<\/li>\n<li>Tel: +46 (0)40-836 40<\/li>\n<li>E-mail:\u00a0<a href=\"mailto:office@sydmeko.se\"><span style=\"color: #ffffff;\">office@sydmeko.se<\/span><\/a><\/li>\n<\/ul>\n<p>[\/et_pb_text][et_pb_social_media_follow _builder_version=&#8221;4.16&#8243; custom_margin=&#8221;||0px|-10px&#8221; custom_margin_tablet=&#8221;&#8221; custom_margin_phone=&#8221;|||0px&#8221; custom_margin_last_edited=&#8221;on|phone&#8221; global_colors_info=&#8221;{}&#8221;][et_pb_social_media_follow_network social_network=&#8221;facebook&#8221; url=&#8221;https:\/\/www.facebook.com\/ComfortArmrestSystem\/&#8221; _builder_version=&#8221;4.16&#8243; background_color=&#8221;#3b5998&#8243; global_colors_info=&#8221;{}&#8221; follow_button=&#8221;off&#8221; url_new_window=&#8221;on&#8221;]facebook[\/et_pb_social_media_follow_network][et_pb_social_media_follow_network social_network=&#8221;linkedin&#8221; url=&#8221;https:\/\/www.linkedin.com\/company\/sydmeko-industri-ab\/&#8221; _builder_version=&#8221;4.16&#8243; background_color=&#8221;#007bb6&#8243; global_colors_info=&#8221;{}&#8221; follow_button=&#8221;off&#8221; url_new_window=&#8221;on&#8221;]linkedin[\/et_pb_social_media_follow_network][et_pb_social_media_follow_network social_network=&#8221;youtube&#8221; url=&#8221;https:\/\/www.youtube.com\/channel\/UC_1pCEvp1qKDnhaIabI1KsA&#8221; _builder_version=&#8221;4.16&#8243; background_color=&#8221;#a82400&#8243; global_colors_info=&#8221;{}&#8221; follow_button=&#8221;off&#8221; url_new_window=&#8221;on&#8221;]youtube[\/et_pb_social_media_follow_network][\/et_pb_social_media_follow][\/et_pb_column][\/et_pb_row][\/et_pb_section]<\/p>\n","protected":false},"excerpt":{"rendered":"<p>Kvalitet och Milj\u00f6ISO 9001:2015 Vi \u00e4r ISO certifierade och arbetar i enlighet med ISO 9001:2015 f\u00f6r att s\u00e4kerst\u00e4lla en versamhet som motsvarar v\u00e5ra kunders h\u00f6gt st\u00e4llda f\u00f6rv\u00e4ntningar betr\u00e4ffande kvalitet, leveranss\u00e4kerhet samt milj\u00f6. F\u00f6r oss \u00e4r detta en sj\u00e4lvklarhet.KvalitetspolicyAchilles Vi \u00e4r \u00e4ven registrerad leverant\u00f6r i Achilles Automotive Community. Achilles samlar in och validerar leverant\u00f6rsdata, f\u00f6renar ink\u00f6pare [&hellip;]<\/p>\n","protected":false},"author":1,"featured_media":0,"parent":2510,"menu_order":0,"comment_status":"closed","ping_status":"open","template":"","meta":{"_et_pb_use_builder":"on","_et_pb_old_content":"","_et_gb_content_width":"","footnotes":""},"class_list":["post-2537","page","type-page","status-publish","hentry"],"yoast_head":"<!-- This site is optimized with the Yoast SEO plugin v27.3 - https:\/\/yoast.com\/product\/yoast-seo-wordpress\/ -->\n<title>Kvalitet och Milj\u00f6 - Armrest System<\/title>\n<meta name=\"robots\" content=\"index, follow, max-snippet:-1, max-image-preview:large, max-video-preview:-1\" \/>\n<link rel=\"canonical\" href=\"https:\/\/armrest-systems.com\/oe-oem\/quality-and-the-environment\/\" \/>\n<meta property=\"og:locale\" content=\"sv_SE\" \/>\n<meta property=\"og:type\" content=\"article\" \/>\n<meta property=\"og:title\" content=\"Kvalitet och Milj\u00f6 - Armrest System\" \/>\n<meta property=\"og:description\" content=\"Kvalitet och Milj\u00f6ISO 9001:2015 Vi \u00e4r ISO certifierade och arbetar i enlighet med ISO 9001:2015 f\u00f6r att s\u00e4kerst\u00e4lla en versamhet som motsvarar v\u00e5ra kunders h\u00f6gt st\u00e4llda f\u00f6rv\u00e4ntningar betr\u00e4ffande kvalitet, leveranss\u00e4kerhet samt milj\u00f6. F\u00f6r oss \u00e4r detta en sj\u00e4lvklarhet.KvalitetspolicyAchilles Vi \u00e4r \u00e4ven registrerad leverant\u00f6r i Achilles Automotive Community. Achilles samlar in och validerar leverant\u00f6rsdata, f\u00f6renar ink\u00f6pare [&hellip;]\" \/>\n<meta property=\"og:url\" content=\"https:\/\/armrest-systems.com\/oe-oem\/quality-and-the-environment\/\" \/>\n<meta property=\"og:site_name\" content=\"Armrest System\" \/>\n<meta property=\"article:modified_time\" content=\"2022-06-22T08:41:01+00:00\" \/>\n<meta property=\"og:image\" content=\"https:\/\/unicef-banners.s3-eu-west-1.amazonaws.com\/2020\/Jul2020\/Stodbanner_unicef_JUL2020_450x236_ENG.jpg\" \/>\n<meta name=\"twitter:card\" content=\"summary_large_image\" \/>\n<meta name=\"twitter:label1\" content=\"Ber\u00e4knad l\u00e4stid\" \/>\n\t<meta name=\"twitter:data1\" content=\"6 minuter\" \/>\n<script type=\"application\/ld+json\" class=\"yoast-schema-graph\">{\"@context\":\"https:\\\/\\\/schema.org\",\"@graph\":[{\"@type\":\"WebPage\",\"@id\":\"https:\\\/\\\/armrest-systems.com\\\/oe-oem\\\/quality-and-the-environment\\\/\",\"url\":\"https:\\\/\\\/armrest-systems.com\\\/oe-oem\\\/quality-and-the-environment\\\/\",\"name\":\"Kvalitet och Milj\u00f6 - Armrest System\",\"isPartOf\":{\"@id\":\"https:\\\/\\\/armrest-systems.com\\\/#website\"},\"primaryImageOfPage\":{\"@id\":\"https:\\\/\\\/armrest-systems.com\\\/oe-oem\\\/quality-and-the-environment\\\/#primaryimage\"},\"image\":{\"@id\":\"https:\\\/\\\/armrest-systems.com\\\/oe-oem\\\/quality-and-the-environment\\\/#primaryimage\"},\"thumbnailUrl\":\"https:\\\/\\\/unicef-banners.s3-eu-west-1.amazonaws.com\\\/2020\\\/Jul2020\\\/Stodbanner_unicef_JUL2020_450x236_ENG.jpg\",\"datePublished\":\"2019-02-11T12:23:12+00:00\",\"dateModified\":\"2022-06-22T08:41:01+00:00\",\"breadcrumb\":{\"@id\":\"https:\\\/\\\/armrest-systems.com\\\/oe-oem\\\/quality-and-the-environment\\\/#breadcrumb\"},\"inLanguage\":\"sv-SE\",\"potentialAction\":[{\"@type\":\"ReadAction\",\"target\":[\"https:\\\/\\\/armrest-systems.com\\\/oe-oem\\\/quality-and-the-environment\\\/\"]}]},{\"@type\":\"ImageObject\",\"inLanguage\":\"sv-SE\",\"@id\":\"https:\\\/\\\/armrest-systems.com\\\/oe-oem\\\/quality-and-the-environment\\\/#primaryimage\",\"url\":\"https:\\\/\\\/unicef-banners.s3-eu-west-1.amazonaws.com\\\/2020\\\/Jul2020\\\/Stodbanner_unicef_JUL2020_450x236_ENG.jpg\",\"contentUrl\":\"https:\\\/\\\/unicef-banners.s3-eu-west-1.amazonaws.com\\\/2020\\\/Jul2020\\\/Stodbanner_unicef_JUL2020_450x236_ENG.jpg\"},{\"@type\":\"BreadcrumbList\",\"@id\":\"https:\\\/\\\/armrest-systems.com\\\/oe-oem\\\/quality-and-the-environment\\\/#breadcrumb\",\"itemListElement\":[{\"@type\":\"ListItem\",\"position\":1,\"name\":\"Hem\",\"item\":\"https:\\\/\\\/armrest-systems.com\\\/sv\\\/\"},{\"@type\":\"ListItem\",\"position\":2,\"name\":\"OE\\\/OEM\",\"item\":\"https:\\\/\\\/armrest-systems.com\\\/sv\\\/oe-oem\\\/\"},{\"@type\":\"ListItem\",\"position\":3,\"name\":\"Kvalitet och Milj\u00f6\"}]},{\"@type\":\"WebSite\",\"@id\":\"https:\\\/\\\/armrest-systems.com\\\/#website\",\"url\":\"https:\\\/\\\/armrest-systems.com\\\/\",\"name\":\"Armrest System\",\"description\":\"Armrests - Ergonomy - Quality - Perfect interior match\",\"potentialAction\":[{\"@type\":\"SearchAction\",\"target\":{\"@type\":\"EntryPoint\",\"urlTemplate\":\"https:\\\/\\\/armrest-systems.com\\\/?s={search_term_string}\"},\"query-input\":{\"@type\":\"PropertyValueSpecification\",\"valueRequired\":true,\"valueName\":\"search_term_string\"}}],\"inLanguage\":\"sv-SE\"}]}<\/script>\n<!-- \/ Yoast SEO plugin. -->","yoast_head_json":{"title":"Kvalitet och Milj\u00f6 - Armrest System","robots":{"index":"index","follow":"follow","max-snippet":"max-snippet:-1","max-image-preview":"max-image-preview:large","max-video-preview":"max-video-preview:-1"},"canonical":"https:\/\/armrest-systems.com\/oe-oem\/quality-and-the-environment\/","og_locale":"sv_SE","og_type":"article","og_title":"Kvalitet och Milj\u00f6 - Armrest System","og_description":"Kvalitet och Milj\u00f6ISO 9001:2015 Vi \u00e4r ISO certifierade och arbetar i enlighet med ISO 9001:2015 f\u00f6r att s\u00e4kerst\u00e4lla en versamhet som motsvarar v\u00e5ra kunders h\u00f6gt st\u00e4llda f\u00f6rv\u00e4ntningar betr\u00e4ffande kvalitet, leveranss\u00e4kerhet samt milj\u00f6. F\u00f6r oss \u00e4r detta en sj\u00e4lvklarhet.KvalitetspolicyAchilles Vi \u00e4r \u00e4ven registrerad leverant\u00f6r i Achilles Automotive Community. Achilles samlar in och validerar leverant\u00f6rsdata, f\u00f6renar ink\u00f6pare [&hellip;]","og_url":"https:\/\/armrest-systems.com\/oe-oem\/quality-and-the-environment\/","og_site_name":"Armrest System","article_modified_time":"2022-06-22T08:41:01+00:00","og_image":[{"url":"https:\/\/unicef-banners.s3-eu-west-1.amazonaws.com\/2020\/Jul2020\/Stodbanner_unicef_JUL2020_450x236_ENG.jpg","type":"","width":"","height":""}],"twitter_card":"summary_large_image","twitter_misc":{"Ber\u00e4knad l\u00e4stid":"6 minuter"},"schema":{"@context":"https:\/\/schema.org","@graph":[{"@type":"WebPage","@id":"https:\/\/armrest-systems.com\/oe-oem\/quality-and-the-environment\/","url":"https:\/\/armrest-systems.com\/oe-oem\/quality-and-the-environment\/","name":"Kvalitet och Milj\u00f6 - Armrest System","isPartOf":{"@id":"https:\/\/armrest-systems.com\/#website"},"primaryImageOfPage":{"@id":"https:\/\/armrest-systems.com\/oe-oem\/quality-and-the-environment\/#primaryimage"},"image":{"@id":"https:\/\/armrest-systems.com\/oe-oem\/quality-and-the-environment\/#primaryimage"},"thumbnailUrl":"https:\/\/unicef-banners.s3-eu-west-1.amazonaws.com\/2020\/Jul2020\/Stodbanner_unicef_JUL2020_450x236_ENG.jpg","datePublished":"2019-02-11T12:23:12+00:00","dateModified":"2022-06-22T08:41:01+00:00","breadcrumb":{"@id":"https:\/\/armrest-systems.com\/oe-oem\/quality-and-the-environment\/#breadcrumb"},"inLanguage":"sv-SE","potentialAction":[{"@type":"ReadAction","target":["https:\/\/armrest-systems.com\/oe-oem\/quality-and-the-environment\/"]}]},{"@type":"ImageObject","inLanguage":"sv-SE","@id":"https:\/\/armrest-systems.com\/oe-oem\/quality-and-the-environment\/#primaryimage","url":"https:\/\/unicef-banners.s3-eu-west-1.amazonaws.com\/2020\/Jul2020\/Stodbanner_unicef_JUL2020_450x236_ENG.jpg","contentUrl":"https:\/\/unicef-banners.s3-eu-west-1.amazonaws.com\/2020\/Jul2020\/Stodbanner_unicef_JUL2020_450x236_ENG.jpg"},{"@type":"BreadcrumbList","@id":"https:\/\/armrest-systems.com\/oe-oem\/quality-and-the-environment\/#breadcrumb","itemListElement":[{"@type":"ListItem","position":1,"name":"Hem","item":"https:\/\/armrest-systems.com\/sv\/"},{"@type":"ListItem","position":2,"name":"OE\/OEM","item":"https:\/\/armrest-systems.com\/sv\/oe-oem\/"},{"@type":"ListItem","position":3,"name":"Kvalitet och Milj\u00f6"}]},{"@type":"WebSite","@id":"https:\/\/armrest-systems.com\/#website","url":"https:\/\/armrest-systems.com\/","name":"Armrest System","description":"Armrests - Ergonomy - Quality - Perfect interior match","potentialAction":[{"@type":"SearchAction","target":{"@type":"EntryPoint","urlTemplate":"https:\/\/armrest-systems.com\/?s={search_term_string}"},"query-input":{"@type":"PropertyValueSpecification","valueRequired":true,"valueName":"search_term_string"}}],"inLanguage":"sv-SE"}]}},"_links":{"self":[{"href":"https:\/\/armrest-systems.com\/sv\/wp-json\/wp\/v2\/pages\/2537","targetHints":{"allow":["GET"]}}],"collection":[{"href":"https:\/\/armrest-systems.com\/sv\/wp-json\/wp\/v2\/pages"}],"about":[{"href":"https:\/\/armrest-systems.com\/sv\/wp-json\/wp\/v2\/types\/page"}],"author":[{"embeddable":true,"href":"https:\/\/armrest-systems.com\/sv\/wp-json\/wp\/v2\/users\/1"}],"replies":[{"embeddable":true,"href":"https:\/\/armrest-systems.com\/sv\/wp-json\/wp\/v2\/comments?post=2537"}],"version-history":[{"count":7,"href":"https:\/\/armrest-systems.com\/sv\/wp-json\/wp\/v2\/pages\/2537\/revisions"}],"predecessor-version":[{"id":5199,"href":"https:\/\/armrest-systems.com\/sv\/wp-json\/wp\/v2\/pages\/2537\/revisions\/5199"}],"up":[{"embeddable":true,"href":"https:\/\/armrest-systems.com\/sv\/wp-json\/wp\/v2\/pages\/2510"}],"wp:attachment":[{"href":"https:\/\/armrest-systems.com\/sv\/wp-json\/wp\/v2\/media?parent=2537"}],"curies":[{"name":"wp","href":"https:\/\/api.w.org\/{rel}","templated":true}]}}