{"id":2533,"date":"2019-02-11T12:21:54","date_gmt":"2019-02-11T12:21:54","guid":{"rendered":"https:\/\/ny.armrest-systems.com\/?page_id=2533"},"modified":"2019-03-29T09:17:39","modified_gmt":"2019-03-29T09:17:39","slug":"vara-partners","status":"publish","type":"page","link":"https:\/\/armrest-systems.com\/sv\/oe-oem\/vara-partners\/","title":{"rendered":"V\u00e5ra partners"},"content":{"rendered":"<p>[et_pb_section fb_built=&#8221;1&#8243; _builder_version=&#8221;3.19.9&#8243; custom_padding=&#8221;40px|0px|0|0px|false|false&#8221;][et_pb_row custom_padding=&#8221;0|0px|27px|0px|false|false&#8221; _builder_version=&#8221;3.19.9&#8243;][et_pb_column type=&#8221;4_4&#8243; _builder_version=&#8221;3.19.9&#8243;][et_pb_text _builder_version=&#8221;3.19.9&#8243; text_font=&#8221;||||||||&#8221; text_orientation=&#8221;center&#8221;]<\/p>\n<h1>V\u00e5ra partners<\/h1>\n<p>[\/et_pb_text][\/et_pb_column][\/et_pb_row][et_pb_row custom_padding=&#8221;0|0px|0|0px|false|false&#8221; _builder_version=&#8221;3.19.9&#8243;][et_pb_column type=&#8221;4_4&#8243; _builder_version=&#8221;3.19.9&#8243;][et_pb_image src=&#8221;http:\/\/armrest-systems.com\/wp-content\/uploads\/2019\/03\/ba-logo-2019.png&#8221; url=&#8221;https:\/\/www.autoadapt.com\/en\/&#8221; url_new_window=&#8221;on&#8221; _builder_version=&#8221;3.21&#8243; max_width=&#8221;250px&#8221;][\/et_pb_image][et_pb_text _builder_version=&#8221;3.19.9&#8243;]<\/p>\n<p>BraunAbility specialiserar sig p\u00e5 produkter som l\u00f6ser problemet med att ta sig in i och ut ur en bil om man exempelvis \u00e4r rullstolsburen. Med sitt rullstolssystem, s\u00e4teslyft och vrids\u00e4te g\u00f6r de vardagen enklare och ger individen frihet med en anpassad bil. Armst\u00f6dsl\u00f6sningarna fr\u00e5n Sydmeko Industri AB, ger extra sittkomfort och en avslappnad f\u00e4rd.<\/p>\n<p>[\/et_pb_text][et_pb_image src=&#8221;http:\/\/armrest-systems.com\/wp-content\/uploads\/2019\/02\/showThumb-8.jpeg&#8221; show_in_lightbox=&#8221;on&#8221; _builder_version=&#8221;3.19.9&#8243; max_width=&#8221;46%&#8221;][\/et_pb_image][et_pb_divider _builder_version=&#8221;3.19.9&#8243;][\/et_pb_divider][\/et_pb_column][\/et_pb_row][et_pb_row custom_padding=&#8221;0|0px|0|0px|false|false&#8221; _builder_version=&#8221;3.19.9&#8243;][et_pb_column type=&#8221;4_4&#8243; _builder_version=&#8221;3.19.9&#8243;][et_pb_image src=&#8221;http:\/\/armrest-systems.com\/wp-content\/uploads\/2019\/02\/CSClogo.png&#8221; url=&#8221;http:\/\/cscautomotive.com\/en\/home-en\/&#8221; url_new_window=&#8221;on&#8221; _builder_version=&#8221;3.19.9&#8243; max_width=&#8221;250px&#8221;][\/et_pb_image][et_pb_text _builder_version=&#8221;3.19.9&#8243;]<\/p>\n<p>CSC Automotive i Holland \u00e4r en partner inom kompletta interi\u00f6rl\u00f6sningar f\u00f6r bilar. P\u00e5 bilderna nedan syns en Kia Rio i special utf\u00f6rande, d\u00e4r vi har tagit fram ett matchande armst\u00f6d i modellen MLC310.<\/p>\n<p>[\/et_pb_text][et_pb_gallery gallery_ids=&#8221;2844,2845&#8243; show_title_and_caption=&#8221;off&#8221; show_pagination=&#8221;off&#8221; zoom_icon_color=&#8221;rgba(0,0,0,0)&#8221; hover_overlay_color=&#8221;rgba(255,255,255,0)&#8221; _builder_version=&#8221;3.19.9&#8243; custom_margin=&#8221;||0px&#8221;][\/et_pb_gallery][et_pb_divider _builder_version=&#8221;3.19.9&#8243; custom_margin=&#8221;-20px||&#8221;][\/et_pb_divider][\/et_pb_column][\/et_pb_row][et_pb_row custom_padding=&#8221;0|0px|0|0px|false|false&#8221; _builder_version=&#8221;3.19.9&#8243;][et_pb_column type=&#8221;4_4&#8243; _builder_version=&#8221;3.19.9&#8243;][et_pb_image src=&#8221;http:\/\/armrest-systems.com\/wp-content\/uploads\/2019\/02\/DK-Schweizer-logo.jpg&#8221; url=&#8221;http:\/\/www.dk-schweizer.com\/&#8221; url_new_window=&#8221;on&#8221; _builder_version=&#8221;3.19.9&#8243; max_width=&#8221;100px&#8221;][\/et_pb_image][et_pb_text _builder_version=&#8221;3.19.9&#8243;]<\/p>\n<p><span>DK-Schweizer \u00e4r en av v\u00e4rldens st\u00f6rsta tillverkare av l\u00e4derkl\u00e4dslar och -inredningar f\u00f6r Automotive och \u00e4r en av v\u00e5ra partners. De tillverkar l\u00e4derkl\u00e4dslar av h\u00f6gsta kvalitet med l\u00e4der fr\u00e5n Europa till bilindustrin och levererar exempelvis special editions till m\u00e5nga olika internationella varum\u00e4rken. F\u00f6retaget \u00e4r k\u00e4nt f\u00f6r sitt noggranna hantverk och kan stoltsera med en h\u00e5llbar produktion i enlighet med ISO \/ TS 16949:2002. Tillsammans skapar vi armst\u00f6d med l\u00e4derfinish av h\u00f6gsta kvalitet!<\/span><\/p>\n<p>[\/et_pb_text][et_pb_gallery gallery_ids=&#8221;2813,2811,2812&#8243; show_title_and_caption=&#8221;off&#8221; show_pagination=&#8221;off&#8221; zoom_icon_color=&#8221;rgba(0,0,0,0)&#8221; hover_overlay_color=&#8221;rgba(255,255,255,0)&#8221; _builder_version=&#8221;3.19.9&#8243; custom_margin=&#8221;||0px&#8221;][\/et_pb_gallery][et_pb_divider _builder_version=&#8221;3.19.9&#8243; custom_margin=&#8221;-20px||&#8221;][\/et_pb_divider][\/et_pb_column][\/et_pb_row][et_pb_row custom_padding=&#8221;0|0px|0|0px|false|false&#8221; _builder_version=&#8221;3.19.9&#8243;][et_pb_column type=&#8221;4_4&#8243; _builder_version=&#8221;3.19.9&#8243;][et_pb_image src=&#8221;http:\/\/armrest-systems.com\/wp-content\/uploads\/2019\/02\/permobil1.png&#8221; url=&#8221;http:\/\/www.permobil.com\/en\/Corporate\/&#8221; url_new_window=&#8221;on&#8221; _builder_version=&#8221;3.19.9&#8243; max_width=&#8221;250px&#8221;][\/et_pb_image][et_pb_text _builder_version=&#8221;3.19.9&#8243;]<\/p>\n<p>Permobil, tillverkar hj\u00e4lpmedel f\u00f6r \u00f6kad livskvalitet s\u00e5som elrullstolar och bilanpassningar f\u00f6r personer med funktionshinder. Med armst\u00f6d fr\u00e5n Sydmeko Industri AB, optimeras ergonomin och k\u00f6rupplevelsen.<\/p>\n<p>[\/et_pb_text][et_pb_gallery gallery_ids=&#8221;2846,2847&#8243; show_title_and_caption=&#8221;off&#8221; show_pagination=&#8221;off&#8221; zoom_icon_color=&#8221;rgba(0,0,0,0)&#8221; hover_overlay_color=&#8221;rgba(255,255,255,0)&#8221; _builder_version=&#8221;3.19.9&#8243; custom_margin=&#8221;||0px&#8221;][\/et_pb_gallery][\/et_pb_column][\/et_pb_row][\/et_pb_section][et_pb_section fb_built=&#8221;1&#8243; module_class=&#8221;footer&#8221; _builder_version=&#8221;3.0.105&#8243; background_color=&#8221;#C61518&#8243; custom_padding=&#8221;50px|0px|31px|0px|false|false&#8221; global_module=&#8221;481&#8243; saved_tabs=&#8221;all&#8221;][et_pb_row make_fullwidth=&#8221;on&#8221; use_custom_gutter=&#8221;on&#8221; gutter_width=&#8221;2&#8243; _builder_version=&#8221;3.21&#8243;][et_pb_column type=&#8221;1_6&#8243; _builder_version=&#8221;3.21&#8243;][et_pb_text _builder_version=&#8221;3.21&#8243; text_font=&#8221;||||||||&#8221; background_layout=&#8221;dark&#8221;]<\/p>\n<ul>\n<li><span style=\"color: #ffffff;\"><a style=\"color: #ffffff;\" href=\"https:\/\/armrest-systems.com\/produkter\/produkter\/\">Produkter<\/a><\/span><\/li>\n<li><span style=\"color: #ffffff;\"><a style=\"color: #ffffff;\" href=\"https:\/\/armrest-systems.com\/produkter\/sa-funkar-comfort\/\">S\u00e5 funkar Comfort<\/a><\/span><\/li>\n<li><span style=\"color: #ffffff;\"><a style=\"color: #ffffff;\" href=\"https:\/\/armrest-systems.com\/produkter\/galleri\/\">Galleri<\/a><\/span><\/li>\n<li><span style=\"color: #ffffff;\"><a style=\"color: #ffffff;\" href=\"https:\/\/armrest-systems.com\/produkter\/markesinfo\/\">M\u00e4rkesinfo<\/a><\/span><\/li>\n<li><span style=\"color: #ffffff;\"><a style=\"color: #ffffff;\" href=\"https:\/\/armrest-systems.com\/produkter\/af-distributorer\">\u00c5F \/ Distribut\u00f6rer<\/a><\/span><\/li>\n<li><a href=\"https:\/\/armrest-systems.com\/produkter\/bli-af-distributor\"><span style=\"color: #ffffff;\">Bli \u00c5F \/ Distribut\u00f6r<\/span><\/a><\/li>\n<\/ul>\n<p>[\/et_pb_text][\/et_pb_column][et_pb_column type=&#8221;1_6&#8243; _builder_version=&#8221;3.21&#8243;][et_pb_text _builder_version=&#8221;3.21&#8243; text_font=&#8221;||||||||&#8221; background_layout=&#8221;dark&#8221;]<\/p>\n<ul>\n<li><span style=\"color: #ffffff;\"><a style=\"color: #ffffff;\" href=\"https:\/\/armrest-systems.com\/oe-oem\/varfor-valja-comfort\/\">Varf\u00f6r v\u00e4lja Comfort?<\/a><\/span><\/li>\n<li><span style=\"color: #ffffff;\"><a style=\"color: #ffffff;\" href=\"https:\/\/armrest-systems.com\/oe-oem\/typgodkant-och-valbeprovat-system\/\">Typgodk\u00e4nt och v\u00e4lbepr\u00f6vat system<\/a><\/span><\/li>\n<li><span style=\"color: #ffffff;\"><a style=\"color: #ffffff;\" href=\"https:\/\/armrest-systems.com\/oe-oem\/carry-over-system\/\">Carry-Over system<\/a><\/span><\/li>\n<li><span style=\"color: #ffffff;\"><a style=\"color: #ffffff;\" href=\"https:\/\/armrest-systems.com\/oe-oem\/comfort-som-originaltillbehor\/\">Comfort som originaltillbeh\u00f6r<\/a><\/span><\/li>\n<li><span style=\"color: #ffffff;\"><a style=\"color: #ffffff;\" href=\"https:\/\/armrest-systems.com\/produkter\/sa-funkar-comfort\/special-anpassningar\/\">Specialanpassningar<\/a><\/span><\/li>\n<li><span style=\"color: #ffffff;\"><a style=\"color: #ffffff;\" href=\"https:\/\/armrest-systems.com\/oe-oem\/kvalitet-och-miljo\/\">Kvalitet och Milj\u00f6<\/a><\/span><\/li>\n<li><span style=\"color: #ffffff;\"><a style=\"color: #ffffff;\" href=\"https:\/\/armrest-systems.com\/support\/garantier\/\">Garantier<\/a><\/span><\/li>\n<li><span style=\"color: #ffffff;\"><a style=\"color: #ffffff;\" href=\"https:\/\/armrest-systems.com\/oe-oem\/vara-partners\/\">V\u00e5ra partners<\/a><\/span><\/li>\n<li><span style=\"color: #ffffff;\"><a style=\"color: #ffffff;\" href=\"https:\/\/armrest-systems.com\/oe-oem\/referenskunder\/\">Referenskunder<\/a><\/span><\/li>\n<\/ul>\n<p>[\/et_pb_text][\/et_pb_column][et_pb_column type=&#8221;1_6&#8243; _builder_version=&#8221;3.21&#8243;][et_pb_text _builder_version=&#8221;3.21&#8243; text_font=&#8221;||||||||&#8221; background_layout=&#8221;dark&#8221;]<\/p>\n<ul>\n<li><span style=\"color: #ffffff;\"><a style=\"color: #ffffff;\" href=\"https:\/\/armrest-systems.com\/om-comfort\/historien-om-comfort\/\">Historien om Comfort<\/a><\/span><\/li>\n<li><span style=\"color: #ffffff;\"><a style=\"color: #ffffff;\" href=\"https:\/\/armrest-systems.com\/om-comfort\/varfor-comfort\/\">Varf\u00f6r Comfort<\/a><\/span><\/li>\n<li><span style=\"color: #ffffff;\"><a style=\"color: #ffffff;\" href=\"https:\/\/armrest-systems.com\/om-comfort\/typgodkant-system\/\">Typgodk\u00e4nt system<\/a><\/span><\/li>\n<\/ul>\n<p>[\/et_pb_text][\/et_pb_column][et_pb_column type=&#8221;1_6&#8243; _builder_version=&#8221;3.21&#8243;][et_pb_text _builder_version=&#8221;3.21&#8243; text_font=&#8221;||||||||&#8221; background_layout=&#8221;dark&#8221;]<\/p>\n<ul>\n<li><span style=\"color: #ffffff;\"><a style=\"color: #ffffff;\" href=\"https:\/\/armrest-systems.com\/support\/downloads-videos\/\">Downloads \/ Videos<\/a><\/span><\/li>\n<li><a href=\"https:\/\/armrest-systems.com\/support\/garantier\/\"><span style=\"color: #ffffff;\">Garantier<\/span><\/a><\/li>\n<li><span style=\"color: #ffffff;\"><a style=\"color: #ffffff;\" href=\"https:\/\/armrest-systems.com\/support\/sales-promotion\/\">Sales Promotion<\/a><\/span><\/li>\n<li><span style=\"color: #ffffff;\"><a style=\"color: #ffffff;\" href=\"https:\/\/armrest-systems.com\/support\/faq\/\">FAQ<\/a><\/span><\/li>\n<li><span style=\"color: #ffffff;\"><a style=\"color: #ffffff;\" href=\"https:\/\/armrest-systems.com\/support\/ordlista\/\">Ordlista<\/a><\/span><\/li>\n<\/ul>\n<p>[\/et_pb_text][\/et_pb_column][et_pb_column type=&#8221;1_6&#8243; _builder_version=&#8221;3.21&#8243;][et_pb_text _builder_version=&#8221;3.21&#8243; text_font=&#8221;||||||||&#8221; background_layout=&#8221;dark&#8221;]<\/p>\n<ul>\n<li><span style=\"color: #ffffff;\"><a style=\"color: #ffffff;\" href=\"https:\/\/armrest-systems.com\/om-oss\/foretaget\/\">F\u00f6retaget<\/a><\/span><\/li>\n<li><span style=\"color: #ffffff;\"><a style=\"color: #ffffff;\" href=\"https:\/\/armrest-systems.com\/om-oss\/kontakta-oss\/\">Kontakta oss<\/a><\/span><\/li>\n<li><span style=\"color: #ffffff;\"><a style=\"color: #ffffff;\" href=\"https:\/\/armrest-systems.com\/om-oss\/gdpr\/\">GDPR<\/a><\/span><\/li>\n<li><span style=\"color: #ffffff;\"><a style=\"color: #ffffff;\" href=\"https:\/\/armrest-systems.com\/om-oss\/vara-policies\/\">V\u00e5ra policies<\/a><\/span><\/li>\n<\/ul>\n<p>[\/et_pb_text][\/et_pb_column][et_pb_column type=&#8221;1_6&#8243; _builder_version=&#8221;3.21&#8243;][et_pb_text _builder_version=&#8221;3.21&#8243; text_font=&#8221;||||||||&#8221; header_font=&#8221;||||||||&#8221; header_3_font=&#8221;||||||||&#8221; header_3_font_size=&#8221;30px&#8221; background_layout=&#8221;dark&#8221; custom_margin=&#8221;|||-10px&#8221; custom_margin_phone=&#8221;|||0px&#8221; custom_margin_last_edited=&#8221;on|phone&#8221;]<\/p>\n<h3>Kontakt<\/h3>\n<ul>\n<li>Sydmeko Industri AB<\/li>\n<li>Santessonsv\u00e4g 3<\/li>\n<li>SE-232 61 Arl\u00f6v, Sweden<\/li>\n<li>Tel: +46 (0)40-836 40<\/li>\n<li>E-mail:\u00a0<a href=\"mailto:office@sydmeko.se\"><span style=\"color: #ffffff;\">office@sydmeko.se<\/span><\/a><\/li>\n<\/ul>\n<p>[\/et_pb_text][et_pb_social_media_follow _builder_version=&#8221;3.21&#8243; custom_margin=&#8221;||0px|-10px&#8221; custom_margin_phone=&#8221;|||0px&#8221; custom_margin_last_edited=&#8221;on|phone&#8221;][et_pb_social_media_follow_network social_network=&#8221;facebook&#8221; url=&#8221;https:\/\/www.facebook.com\/ComfortArmrestSystem\/&#8221; _builder_version=&#8221;3.0.105&#8243; background_color=&#8221;#3b5998&#8243; follow_button=&#8221;off&#8221; url_new_window=&#8221;on&#8221;]facebook[\/et_pb_social_media_follow_network][et_pb_social_media_follow_network social_network=&#8221;linkedin&#8221; url=&#8221;https:\/\/www.linkedin.com\/company\/sydmeko-industri-ab\/&#8221; _builder_version=&#8221;3.0.105&#8243; background_color=&#8221;#007bb6&#8243; follow_button=&#8221;off&#8221; url_new_window=&#8221;on&#8221;]linkedin[\/et_pb_social_media_follow_network][et_pb_social_media_follow_network social_network=&#8221;youtube&#8221; url=&#8221;https:\/\/www.youtube.com\/channel\/UC_1pCEvp1qKDnhaIabI1KsA&#8221; _builder_version=&#8221;3.0.105&#8243; background_color=&#8221;#a82400&#8243; follow_button=&#8221;off&#8221; url_new_window=&#8221;on&#8221;]youtube[\/et_pb_social_media_follow_network][\/et_pb_social_media_follow][\/et_pb_column][\/et_pb_row][\/et_pb_section]<\/p>\n","protected":false},"excerpt":{"rendered":"<p>V\u00e5ra partnersBraunAbility specialiserar sig p\u00e5 produkter som l\u00f6ser problemet med att ta sig in i och ut ur en bil om man exempelvis \u00e4r rullstolsburen. Med sitt rullstolssystem, s\u00e4teslyft och vrids\u00e4te g\u00f6r de vardagen enklare och ger individen frihet med en anpassad bil. Armst\u00f6dsl\u00f6sningarna fr\u00e5n Sydmeko Industri AB, ger extra sittkomfort och en avslappnad f\u00e4rd.CSC [&hellip;]<\/p>\n","protected":false},"author":1,"featured_media":0,"parent":2510,"menu_order":0,"comment_status":"closed","ping_status":"open","template":"","meta":{"_et_pb_use_builder":"on","_et_pb_old_content":"","_et_gb_content_width":"","footnotes":""},"class_list":["post-2533","page","type-page","status-publish","hentry"],"yoast_head":"<!-- This site is optimized with the Yoast SEO plugin v27.3 - https:\/\/yoast.com\/product\/yoast-seo-wordpress\/ -->\n<title>V\u00e5ra partners - Armrest System<\/title>\n<meta name=\"robots\" content=\"index, follow, max-snippet:-1, max-image-preview:large, max-video-preview:-1\" \/>\n<link rel=\"canonical\" href=\"https:\/\/armrest-systems.com\/oe-oem\/our-partners\/\" \/>\n<meta property=\"og:locale\" content=\"sv_SE\" \/>\n<meta property=\"og:type\" content=\"article\" \/>\n<meta property=\"og:title\" content=\"V\u00e5ra partners - Armrest System\" \/>\n<meta property=\"og:description\" content=\"V\u00e5ra partnersBraunAbility specialiserar sig p\u00e5 produkter som l\u00f6ser problemet med att ta sig in i och ut ur en bil om man exempelvis \u00e4r rullstolsburen. Med sitt rullstolssystem, s\u00e4teslyft och vrids\u00e4te g\u00f6r de vardagen enklare och ger individen frihet med en anpassad bil. Armst\u00f6dsl\u00f6sningarna fr\u00e5n Sydmeko Industri AB, ger extra sittkomfort och en avslappnad f\u00e4rd.CSC [&hellip;]\" \/>\n<meta property=\"og:url\" content=\"https:\/\/armrest-systems.com\/oe-oem\/our-partners\/\" \/>\n<meta property=\"og:site_name\" content=\"Armrest System\" \/>\n<meta property=\"article:modified_time\" content=\"2019-03-29T09:17:39+00:00\" \/>\n<meta name=\"twitter:card\" content=\"summary_large_image\" \/>\n<meta name=\"twitter:label1\" content=\"Ber\u00e4knad l\u00e4stid\" \/>\n\t<meta name=\"twitter:data1\" content=\"5 minuter\" \/>\n<script type=\"application\/ld+json\" class=\"yoast-schema-graph\">{\"@context\":\"https:\\\/\\\/schema.org\",\"@graph\":[{\"@type\":\"WebPage\",\"@id\":\"https:\\\/\\\/armrest-systems.com\\\/oe-oem\\\/our-partners\\\/\",\"url\":\"https:\\\/\\\/armrest-systems.com\\\/oe-oem\\\/our-partners\\\/\",\"name\":\"V\u00e5ra partners - Armrest System\",\"isPartOf\":{\"@id\":\"https:\\\/\\\/armrest-systems.com\\\/#website\"},\"datePublished\":\"2019-02-11T12:21:54+00:00\",\"dateModified\":\"2019-03-29T09:17:39+00:00\",\"breadcrumb\":{\"@id\":\"https:\\\/\\\/armrest-systems.com\\\/oe-oem\\\/our-partners\\\/#breadcrumb\"},\"inLanguage\":\"sv-SE\",\"potentialAction\":[{\"@type\":\"ReadAction\",\"target\":[\"https:\\\/\\\/armrest-systems.com\\\/oe-oem\\\/our-partners\\\/\"]}]},{\"@type\":\"BreadcrumbList\",\"@id\":\"https:\\\/\\\/armrest-systems.com\\\/oe-oem\\\/our-partners\\\/#breadcrumb\",\"itemListElement\":[{\"@type\":\"ListItem\",\"position\":1,\"name\":\"Hem\",\"item\":\"https:\\\/\\\/armrest-systems.com\\\/sv\\\/\"},{\"@type\":\"ListItem\",\"position\":2,\"name\":\"OE\\\/OEM\",\"item\":\"https:\\\/\\\/armrest-systems.com\\\/sv\\\/oe-oem\\\/\"},{\"@type\":\"ListItem\",\"position\":3,\"name\":\"V\u00e5ra partners\"}]},{\"@type\":\"WebSite\",\"@id\":\"https:\\\/\\\/armrest-systems.com\\\/#website\",\"url\":\"https:\\\/\\\/armrest-systems.com\\\/\",\"name\":\"Armrest System\",\"description\":\"Armrests - Ergonomy - Quality - Perfect interior match\",\"potentialAction\":[{\"@type\":\"SearchAction\",\"target\":{\"@type\":\"EntryPoint\",\"urlTemplate\":\"https:\\\/\\\/armrest-systems.com\\\/?s={search_term_string}\"},\"query-input\":{\"@type\":\"PropertyValueSpecification\",\"valueRequired\":true,\"valueName\":\"search_term_string\"}}],\"inLanguage\":\"sv-SE\"}]}<\/script>\n<!-- \/ Yoast SEO plugin. -->","yoast_head_json":{"title":"V\u00e5ra partners - Armrest System","robots":{"index":"index","follow":"follow","max-snippet":"max-snippet:-1","max-image-preview":"max-image-preview:large","max-video-preview":"max-video-preview:-1"},"canonical":"https:\/\/armrest-systems.com\/oe-oem\/our-partners\/","og_locale":"sv_SE","og_type":"article","og_title":"V\u00e5ra partners - Armrest System","og_description":"V\u00e5ra partnersBraunAbility specialiserar sig p\u00e5 produkter som l\u00f6ser problemet med att ta sig in i och ut ur en bil om man exempelvis \u00e4r rullstolsburen. Med sitt rullstolssystem, s\u00e4teslyft och vrids\u00e4te g\u00f6r de vardagen enklare och ger individen frihet med en anpassad bil. Armst\u00f6dsl\u00f6sningarna fr\u00e5n Sydmeko Industri AB, ger extra sittkomfort och en avslappnad f\u00e4rd.CSC [&hellip;]","og_url":"https:\/\/armrest-systems.com\/oe-oem\/our-partners\/","og_site_name":"Armrest System","article_modified_time":"2019-03-29T09:17:39+00:00","twitter_card":"summary_large_image","twitter_misc":{"Ber\u00e4knad l\u00e4stid":"5 minuter"},"schema":{"@context":"https:\/\/schema.org","@graph":[{"@type":"WebPage","@id":"https:\/\/armrest-systems.com\/oe-oem\/our-partners\/","url":"https:\/\/armrest-systems.com\/oe-oem\/our-partners\/","name":"V\u00e5ra partners - Armrest System","isPartOf":{"@id":"https:\/\/armrest-systems.com\/#website"},"datePublished":"2019-02-11T12:21:54+00:00","dateModified":"2019-03-29T09:17:39+00:00","breadcrumb":{"@id":"https:\/\/armrest-systems.com\/oe-oem\/our-partners\/#breadcrumb"},"inLanguage":"sv-SE","potentialAction":[{"@type":"ReadAction","target":["https:\/\/armrest-systems.com\/oe-oem\/our-partners\/"]}]},{"@type":"BreadcrumbList","@id":"https:\/\/armrest-systems.com\/oe-oem\/our-partners\/#breadcrumb","itemListElement":[{"@type":"ListItem","position":1,"name":"Hem","item":"https:\/\/armrest-systems.com\/sv\/"},{"@type":"ListItem","position":2,"name":"OE\/OEM","item":"https:\/\/armrest-systems.com\/sv\/oe-oem\/"},{"@type":"ListItem","position":3,"name":"V\u00e5ra partners"}]},{"@type":"WebSite","@id":"https:\/\/armrest-systems.com\/#website","url":"https:\/\/armrest-systems.com\/","name":"Armrest System","description":"Armrests - Ergonomy - Quality - Perfect interior match","potentialAction":[{"@type":"SearchAction","target":{"@type":"EntryPoint","urlTemplate":"https:\/\/armrest-systems.com\/?s={search_term_string}"},"query-input":{"@type":"PropertyValueSpecification","valueRequired":true,"valueName":"search_term_string"}}],"inLanguage":"sv-SE"}]}},"_links":{"self":[{"href":"https:\/\/armrest-systems.com\/sv\/wp-json\/wp\/v2\/pages\/2533","targetHints":{"allow":["GET"]}}],"collection":[{"href":"https:\/\/armrest-systems.com\/sv\/wp-json\/wp\/v2\/pages"}],"about":[{"href":"https:\/\/armrest-systems.com\/sv\/wp-json\/wp\/v2\/types\/page"}],"author":[{"embeddable":true,"href":"https:\/\/armrest-systems.com\/sv\/wp-json\/wp\/v2\/users\/1"}],"replies":[{"embeddable":true,"href":"https:\/\/armrest-systems.com\/sv\/wp-json\/wp\/v2\/comments?post=2533"}],"version-history":[{"count":19,"href":"https:\/\/armrest-systems.com\/sv\/wp-json\/wp\/v2\/pages\/2533\/revisions"}],"predecessor-version":[{"id":3519,"href":"https:\/\/armrest-systems.com\/sv\/wp-json\/wp\/v2\/pages\/2533\/revisions\/3519"}],"up":[{"embeddable":true,"href":"https:\/\/armrest-systems.com\/sv\/wp-json\/wp\/v2\/pages\/2510"}],"wp:attachment":[{"href":"https:\/\/armrest-systems.com\/sv\/wp-json\/wp\/v2\/media?parent=2533"}],"curies":[{"name":"wp","href":"https:\/\/api.w.org\/{rel}","templated":true}]}}