{"id":2529,"date":"2019-02-11T12:20:15","date_gmt":"2019-02-11T12:20:15","guid":{"rendered":"https:\/\/ny.armrest-systems.com\/?page_id=2529"},"modified":"2019-03-13T09:34:58","modified_gmt":"2019-03-13T09:34:58","slug":"carry-over-system","status":"publish","type":"page","link":"https:\/\/armrest-systems.com\/sv\/oe-oem\/carry-over-system\/","title":{"rendered":"Carry-Over system"},"content":{"rendered":"<p>[et_pb_section fb_built=&#8221;1&#8243; _builder_version=&#8221;3.19.9&#8243; custom_padding=&#8221;40px|0px|54px|0px|false|false&#8221;][et_pb_row custom_padding=&#8221;0|0px|27px|0px|false|false&#8221; _builder_version=&#8221;3.19.9&#8243;][et_pb_column type=&#8221;4_4&#8243; _builder_version=&#8221;3.19.9&#8243;][et_pb_text _builder_version=&#8221;3.19.9&#8243; text_font=&#8221;||||||||&#8221; text_orientation=&#8221;center&#8221;]<\/p>\n<h1>Carry-Over system<\/h1>\n<p>[\/et_pb_text][\/et_pb_column][\/et_pb_row][et_pb_row use_custom_gutter=&#8221;on&#8221; gutter_width=&#8221;2&#8243; custom_padding=&#8221;0|0px|27px|0px|false|false&#8221; _builder_version=&#8221;3.19.18&#8243;][et_pb_column type=&#8221;1_4&#8243; _builder_version=&#8221;3.19.18&#8243;][et_pb_image src=&#8221;http:\/\/armrest-systems.com\/wp-content\/uploads\/2019\/03\/DSC00970-min.jpg&#8221; show_in_lightbox=&#8221;on&#8221; _builder_version=&#8221;3.19.18&#8243;][\/et_pb_image][\/et_pb_column][et_pb_column type=&#8221;1_4&#8243; _builder_version=&#8221;3.19.18&#8243;][et_pb_image src=&#8221;http:\/\/armrest-systems.com\/wp-content\/uploads\/2019\/03\/IMG_1964-min.jpg&#8221; show_in_lightbox=&#8221;on&#8221; _builder_version=&#8221;3.19.18&#8243;][\/et_pb_image][\/et_pb_column][et_pb_column type=&#8221;1_4&#8243; _builder_version=&#8221;3.19.18&#8243;][et_pb_image src=&#8221;http:\/\/armrest-systems.com\/wp-content\/uploads\/2019\/03\/Swift-IV-Sport_Vinyl6-min.jpg&#8221; show_in_lightbox=&#8221;on&#8221; _builder_version=&#8221;3.19.18&#8243;][\/et_pb_image][\/et_pb_column][et_pb_column type=&#8221;1_4&#8243; _builder_version=&#8221;3.19.18&#8243;][et_pb_image src=&#8221;http:\/\/armrest-systems.com\/wp-content\/uploads\/2019\/03\/Sydmeko0960-min-1-e1551788676294.jpg&#8221; show_in_lightbox=&#8221;on&#8221; _builder_version=&#8221;3.19.18&#8243;][\/et_pb_image][\/et_pb_column][\/et_pb_row][et_pb_row custom_padding=&#8221;0|0px|0|0px|false|false&#8221; _builder_version=&#8221;3.19.9&#8243;][et_pb_column type=&#8221;1_3&#8243; _builder_version=&#8221;3.19.9&#8243;][et_pb_text _builder_version=&#8221;3.19.18&#8243; text_font=&#8221;||||||||&#8221; text_orientation=&#8221;justified&#8221;]<\/p>\n<h4>L\u00e5g utvecklingskostnad<\/h4>\n<p>Comfort Armrest System\u00ae \u00e4r ett sk Carry-Over system.<\/p>\n<p>Detta inneb\u00e4r att varje bilmodell beh\u00f6ver en unik adapter som vi p\u00e5 Sydmeko tar fram till en l\u00e5g utvecklingskostnad och oftast s\u00e5 snabbt som inom 1 vecka.<\/p>\n<p>N\u00e4r detta \u00e4r klart, \u00e4r det fritt fram att v\u00e4lja mellan flera befintliga armst\u00f6dsmodeller.<\/p>\n<p>[\/et_pb_text][\/et_pb_column][et_pb_column type=&#8221;1_3&#8243; _builder_version=&#8221;3.19.9&#8243;][et_pb_text _builder_version=&#8221;3.19.18&#8243; text_font=&#8221;||||||||&#8221; text_orientation=&#8221;justified&#8221;]<\/p>\n<h4>V\u00e4lj f\u00e4rg och material<\/h4>\n<p>F\u00e4rg och material v\u00e4ljs utifr\u00e5n kundens egna \u00f6nskem\u00e5l, ur standardsortimentet eller specialbest\u00e4lls f\u00f6r att matcha bilens kl\u00e4dsel och design p\u00e5 ett enhetligt och stilrent s\u00e4tt.<\/p>\n<p>Armst\u00f6dens \u00f6verdel kan kl\u00e4s med tyg, vinyl eller l\u00e4der. Underdelen \u00e4r tillverkad av formgjuten plast som sedan kan bel\u00e4ggas med en Flockad-, Soft Touch- eller Paint-coated yta. Materialen \u00e4r godk\u00e4nda, milj\u00f6v\u00e4nliga och \u00e5tervinningsbara i enlighet med REACH.<\/p>\n<p>[\/et_pb_text][\/et_pb_column][et_pb_column type=&#8221;1_3&#8243; _builder_version=&#8221;3.19.9&#8243;][et_pb_text _builder_version=&#8221;3.19.18&#8243; text_font=&#8221;||||||||&#8221; text_orientation=&#8221;justified&#8221;]<\/p>\n<h4>Unika features till era bilmodeller<\/h4>\n<p>Kombinationerna \u00e4r o\u00e4ndliga och med olika s\u00f6mnadstekniker och andra detaljf\u00f6rst\u00e4rkande effekter kan man uppn\u00e5 ett slutresultat som \u00e4r helt unikt f\u00f6r just den kunden eller bilen. Detta kan utf\u00f6ras \u00e4ven vid mindre serier (min 100 st) och kan med f\u00f6rdel anv\u00e4ndas vid &#8221;special editions&#8221; eller nationella utrustningspaket etc.<\/p>\n<p>N\u00e4r mer utrymme beh\u00f6vs i bilen, v\u00e4ljer man armst\u00f6det som \u00e4r utrustat med ett praktiskt f\u00f6rvaringsfack (MLC310) med eller utan Qi Wireless Charger.<\/p>\n<p>[\/et_pb_text][\/et_pb_column][\/et_pb_row][\/et_pb_section][et_pb_section fb_built=&#8221;1&#8243; prev_background_color=&#8221;#f8f8f8&#8243; module_class=&#8221;footer&#8221; _builder_version=&#8221;3.0.105&#8243; background_color=&#8221;#C61518&#8243; custom_padding=&#8221;54px|0px|31px|0px&#8221; global_module=&#8221;481&#8243; saved_tabs=&#8221;all&#8221;][et_pb_row use_custom_width=&#8221;on&#8221; custom_width_px=&#8221;1275px&#8221; custom_padding=&#8221;27px|0px|0px|0px&#8221; disabled_on=&#8221;on|on|off&#8221; _builder_version=&#8221;3.19.9&#8243; custom_css_main_element=&#8221;overflow: hidden;&#8221;][et_pb_column type=&#8221;4_4&#8243; _builder_version=&#8221;3.0.47&#8243;][et_pb_text _builder_version=&#8221;3.19.9&#8243; text_font=&#8221;||||||||&#8221; background_layout=&#8221;dark&#8221; custom_css_main_element=&#8221;width: 16.6%;||float: left;&#8221;]<\/p>\n<ul>\n<li><span style=\"color: #ffffff;\"><a style=\"color: #ffffff;\" href=\"https:\/\/armrest-systems.com\/produkter\/produkter\/\">Produkter<\/a><\/span><\/li>\n<li><span style=\"color: #ffffff;\"><a style=\"color: #ffffff;\" href=\"https:\/\/armrest-systems.com\/produkter\/sa-funkar-comfort\/\">S\u00e5 funkar Comfort<\/a><\/span><\/li>\n<li><span style=\"color: #ffffff;\"><a style=\"color: #ffffff;\" href=\"https:\/\/armrest-systems.com\/produkter\/galleri\/\">Galleri<\/a><\/span><\/li>\n<li><span style=\"color: #ffffff;\"><a style=\"color: #ffffff;\" href=\"https:\/\/armrest-systems.com\/produkter\/markesinfo\/\">M\u00e4rkesinfo<\/a><\/span><\/li>\n<li><span style=\"color: #ffffff;\"><a style=\"color: #ffffff;\" href=\"https:\/\/armrest-systems.com\/produkter\/af-distributorer\">\u00c5F \/ Distribut\u00f6rer<\/a><\/span><\/li>\n<li><a href=\"https:\/\/armrest-systems.com\/produkter\/bli-af-distributor\"><span style=\"color: #ffffff;\">Bli \u00c5F \/ Distribut\u00f6r<\/span><\/a><\/li>\n<\/ul>\n<p>[\/et_pb_text][et_pb_text _builder_version=&#8221;3.0.105&#8243; text_font=&#8221;||||||||&#8221; background_layout=&#8221;dark&#8221; custom_css_main_element=&#8221;width: 16.6%;||float: left;&#8221;]<\/p>\n<ul>\n<li><span style=\"color: #ffffff;\"><a style=\"color: #ffffff;\" href=\"https:\/\/armrest-systems.com\/om-comfort\/historien-om-comfort\/\">Historien om Comfort<\/a><\/span><\/li>\n<li><span style=\"color: #ffffff;\"><a style=\"color: #ffffff;\" href=\"https:\/\/armrest-systems.com\/om-comfort\/varfor-comfort\/\">Varf\u00f6r Comfort<\/a><\/span><\/li>\n<li><span style=\"color: #ffffff;\"><a style=\"color: #ffffff;\" href=\"https:\/\/armrest-systems.com\/om-comfort\/typgodkant-system\/\">Typgodk\u00e4nt system<\/a><\/span><\/li>\n<\/ul>\n<p>[\/et_pb_text][et_pb_text _builder_version=&#8221;3.19.9&#8243; text_font=&#8221;||||||||&#8221; background_layout=&#8221;dark&#8221; custom_css_main_element=&#8221;width: 16.6%;||float: left;&#8221;]<\/p>\n<ul>\n<li><span style=\"color: #ffffff;\"><a style=\"color: #ffffff;\" href=\"https:\/\/armrest-systems.com\/support\/downloads-videos\/\">Downloads \/ Videos<\/a><\/span><\/li>\n<li><a href=\"https:\/\/armrest-systems.com\/support\/garantier\/\"><span style=\"color: #ffffff;\">Garantier<\/span><\/a><\/li>\n<li><span style=\"color: #ffffff;\"><a style=\"color: #ffffff;\" href=\"https:\/\/armrest-systems.com\/support\/sales-promotion\/\">Sales Promotion<\/a><\/span><\/li>\n<li><span style=\"color: #ffffff;\"><a style=\"color: #ffffff;\" href=\"https:\/\/armrest-systems.com\/support\/faq\/\">FAQ<\/a><\/span><\/li>\n<li><span style=\"color: #ffffff;\"><a style=\"color: #ffffff;\" href=\"https:\/\/armrest-systems.com\/support\/ordlista\/\">Ordlista<\/a><\/span><\/li>\n<\/ul>\n<p>[\/et_pb_text][et_pb_text _builder_version=&#8221;3.19.9&#8243; text_font=&#8221;||||||||&#8221; background_layout=&#8221;dark&#8221; custom_css_main_element=&#8221;width: 16.6%;||float: left;&#8221;]<\/p>\n<ul>\n<li><span style=\"color: #ffffff;\"><a style=\"color: #ffffff;\" href=\"https:\/\/armrest-systems.com\/om-oss\/foretaget\/\">F\u00f6retaget<\/a><\/span><\/li>\n<li><span style=\"color: #ffffff;\"><a style=\"color: #ffffff;\" href=\"https:\/\/armrest-systems.com\/om-oss\/kontakta-oss\/\">Kontakta oss<\/a><\/span><\/li>\n<li><span style=\"color: #ffffff;\"><a style=\"color: #ffffff;\" href=\"https:\/\/armrest-systems.com\/om-oss\/gdpr\/\">GDPR<\/a><\/span><\/li>\n<li><span style=\"color: #ffffff;\"><a style=\"color: #ffffff;\" href=\"https:\/\/armrest-systems.com\/om-oss\/vara-policies\/\">V\u00e5ra policies<\/a><\/span><\/li>\n<\/ul>\n<p>[\/et_pb_text][et_pb_text _builder_version=&#8221;3.19.9&#8243; text_font=&#8221;||||||||&#8221; header_font=&#8221;||||||||&#8221; header_3_font=&#8221;||||||||&#8221; header_3_font_size=&#8221;30px&#8221; background_layout=&#8221;dark&#8221; custom_css_main_element=&#8221;width: 16.6%;||float: left;&#8221;]<\/p>\n<h3>Kontakt<\/h3>\n<ul>\n<li>Sydmeko Industri AB<\/li>\n<li>Santessonsv\u00e4g 3<\/li>\n<li>SE-232 61 Arl\u00f6v, Sweden<\/li>\n<li>Tel:\u00a0 \u00a0 \u00a0 \u00a0 +46 (0)40 &#8211; 836 40<\/li>\n<li>Fax:\u00a0 \u00a0 \u00a0 \u00a0+46 (0)40 &#8211; 890 90<\/li>\n<li>E-mail:\u00a0 \u00a0<a href=\"mailto:office@sydmeko.se\"><span style=\"color: #ffffff;\">office@sydmeko.se<\/span><\/a><\/li>\n<\/ul>\n<p>[\/et_pb_text][\/et_pb_column][\/et_pb_row][et_pb_row use_custom_width=&#8221;on&#8221; custom_width_px=&#8221;1275px&#8221; custom_padding=&#8221;27px|0px|0px|0px&#8221; disabled_on=&#8221;off|off|on&#8221; module_class=&#8221;footer-mobil&#8221; _builder_version=&#8221;3.19.18&#8243; custom_css_main_element=&#8221;overflow: hidden;&#8221;][et_pb_column type=&#8221;4_4&#8243; _builder_version=&#8221;3.0.47&#8243;][et_pb_text _builder_version=&#8221;3.19.9&#8243; text_font=&#8221;||||||||&#8221; background_layout=&#8221;dark&#8221;]<\/p>\n<ul>\n<li><span style=\"color: #ffffff;\"><a style=\"color: #ffffff;\" href=\"https:\/\/armrest-systems.com\/produkter\/produkter\/\">Produkter<\/a><\/span><\/li>\n<li><span style=\"color: #ffffff;\"><a style=\"color: #ffffff;\" href=\"https:\/\/armrest-systems.com\/armstod\/sa-funkar-comfort\/\">S\u00e5 funkar Comfort<\/a><\/span><\/li>\n<li><span style=\"color: #ffffff;\"><a style=\"color: #ffffff;\" href=\"https:\/\/armrest-systems.com\/produkter\/galleri\/\">Galleri<\/a><\/span><\/li>\n<li><span style=\"color: #ffffff;\"><a style=\"color: #ffffff;\" href=\"https:\/\/armrest-systems.com\/produkter\/markesinfo\/\">M\u00e4rkesinfo<\/a><\/span><\/li>\n<li><span style=\"color: #ffffff;\"><a style=\"color: #ffffff;\" href=\"https:\/\/armrest-systems.com\/produkter\/af-distributorer\">\u00c5F \/ Distribut\u00f6rer<\/a><\/span><\/li>\n<li><a href=\"https:\/\/armrest-systems.com\/produkter\/bli-af-distributor\"><span style=\"color: #ffffff;\">Bli \u00c5F \/ Distribut\u00f6r<\/span><\/a><\/li>\n<\/ul>\n<p>[\/et_pb_text][et_pb_text _builder_version=&#8221;3.19.9&#8243; text_font=&#8221;||||||||&#8221; background_layout=&#8221;dark&#8221;]<\/p>\n<ul>\n<li><span style=\"color: #ffffff;\"><a style=\"color: #ffffff;\" href=\"https:\/\/armrest-systems.com\/om-comfort\/historien-om-comfort\/\">Historien om Comfort<\/a><\/span><\/li>\n<li><span style=\"color: #ffffff;\"><a style=\"color: #ffffff;\" href=\"https:\/\/armrest-systems.com\/om-comfort\/varfor-comfort\/\">Varf\u00f6r Comfort<\/a><\/span><\/li>\n<li><span style=\"color: #ffffff;\"><a style=\"color: #ffffff;\" href=\"https:\/\/armrest-systems.com\/om-comfort\/typgodkant-system\/\">Typgodk\u00e4nt system<\/a><\/span><\/li>\n<\/ul>\n<p>[\/et_pb_text][et_pb_text _builder_version=&#8221;3.19.9&#8243; text_font=&#8221;||||||||&#8221; background_layout=&#8221;dark&#8221;]<\/p>\n<ul>\n<li><span style=\"color: #ffffff;\"><a style=\"color: #ffffff;\" href=\"https:\/\/armrest-systems.com\/support\/downloads-videos\/\">Downloads \/ Videos<\/a><\/span><\/li>\n<li><a href=\"https:\/\/armrest-systems.com\/support\/garantier\/\"><span style=\"color: #ffffff;\">Garantier<\/span><\/a><\/li>\n<li><span style=\"color: #ffffff;\"><a style=\"color: #ffffff;\" href=\"https:\/\/armrest-systems.com\/support\/sales-promotion\/\">Sales Promotion<\/a><\/span><\/li>\n<li><span style=\"color: #ffffff;\"><a style=\"color: #ffffff;\" href=\"https:\/\/armrest-systems.com\/support\/faq\/\">FAQ<\/a><\/span><\/li>\n<li><span style=\"color: #ffffff;\"><a style=\"color: #ffffff;\" href=\"https:\/\/armrest-systems.com\/support\/ordlista\/\">Ordlista<\/a><\/span><\/li>\n<\/ul>\n<p>[\/et_pb_text][et_pb_text _builder_version=&#8221;3.19.9&#8243; text_font=&#8221;||||||||&#8221; background_layout=&#8221;dark&#8221;]<\/p>\n<ul>\n<li><span style=\"color: #ffffff;\"><a style=\"color: #ffffff;\" href=\"https:\/\/armrest-systems.com\/om-oss\/foretaget\/\">F\u00f6retaget<\/a><\/span><\/li>\n<li><span style=\"color: #ffffff;\"><a style=\"color: #ffffff;\" href=\"https:\/\/armrest-systems.com\/om-oss\/kontakta-oss\/\">Kontakta oss<\/a><\/span><\/li>\n<li><span style=\"color: #ffffff;\"><a style=\"color: #ffffff;\" href=\"https:\/\/armrest-systems.com\/om-oss\/gdpr\/\">GDPR<\/a><\/span><\/li>\n<li><span style=\"color: #ffffff;\"><a style=\"color: #ffffff;\" href=\"https:\/\/armrest-systems.com\/om-oss\/vara-policies\/\">V\u00e5ra policies<\/a><\/span><\/li>\n<\/ul>\n<p>[\/et_pb_text][et_pb_text _builder_version=&#8221;3.19.18&#8243; text_font=&#8221;||||||||&#8221; header_font=&#8221;||||||||&#8221; header_3_font=&#8221;||||||||&#8221; header_3_font_size=&#8221;30px&#8221; background_layout=&#8221;dark&#8221;]<\/p>\n<h3>Kontakt<\/h3>\n<ul>\n<li>Sydmeko Industri AB<\/li>\n<li>Santessonsv\u00e4g 3<\/li>\n<li>SE-232 61 Arl\u00f6v, Sweden<\/li>\n<li>Tel:\u00a0 \u00a0 \u00a0 \u00a0 <span style=\"color: #ffffff;\">+46 (0)40 &#8211; 836 40<\/span><\/li>\n<li>Fax:\u00a0 \u00a0 \u00a0 \u00a0<span style=\"color: #ffffff;\">+46 (0)40 &#8211; 890 90<\/span><\/li>\n<li>E-mail:\u00a0 \u00a0<span style=\"color: #ffffff;\"><a style=\"color: #ffffff;\" href=\"mailto:office@sydmeko.se\" target=\"_blank\" rel=\"noopener noreferrer\">office@sydmeko.se<\/a><\/span><\/li>\n<\/ul>\n<p>[\/et_pb_text][\/et_pb_column][\/et_pb_row][et_pb_row use_custom_width=&#8221;on&#8221; custom_width_px=&#8221;1275px&#8221; custom_padding=&#8221;0px|0px|27px|0px&#8221; _builder_version=&#8221;3.0.105&#8243;][et_pb_column type=&#8221;4_4&#8243; _builder_version=&#8221;3.0.47&#8243;][et_pb_social_media_follow _builder_version=&#8221;3.19.18&#8243; custom_margin=&#8221;||0px|&#8221;][et_pb_social_media_follow_network social_network=&#8221;facebook&#8221; url=&#8221;https:\/\/www.facebook.com\/ComfortArmrestSystem\/&#8221; _builder_version=&#8221;3.0.105&#8243; background_color=&#8221;#3b5998&#8243; follow_button=&#8221;off&#8221; url_new_window=&#8221;on&#8221;]facebook[\/et_pb_social_media_follow_network][et_pb_social_media_follow_network social_network=&#8221;linkedin&#8221; url=&#8221;https:\/\/www.linkedin.com\/company\/sydmeko-industri-ab\/&#8221; _builder_version=&#8221;3.0.105&#8243; background_color=&#8221;#007bb6&#8243; follow_button=&#8221;off&#8221; url_new_window=&#8221;on&#8221;]linkedin[\/et_pb_social_media_follow_network][et_pb_social_media_follow_network social_network=&#8221;youtube&#8221; url=&#8221;https:\/\/www.youtube.com\/channel\/UC_1pCEvp1qKDnhaIabI1KsA&#8221; _builder_version=&#8221;3.0.105&#8243; background_color=&#8221;#a82400&#8243; follow_button=&#8221;off&#8221; url_new_window=&#8221;on&#8221;]youtube[\/et_pb_social_media_follow_network][\/et_pb_social_media_follow][et_pb_text _builder_version=&#8221;3.0.105&#8243; text_font=&#8221;||||||||&#8221; background_layout=&#8221;dark&#8221; custom_margin=&#8221;0px|0px||&#8221; custom_padding=&#8221;0px|0px||&#8221;]<\/p>\n<p><a href=\"https:\/\/armrest-systems.com\/sitemap.xml\" target=\"_blank\" rel=\"noopener noreferrer\">Sitemap<\/a><\/p>\n<p>[\/et_pb_text][\/et_pb_column][\/et_pb_row][\/et_pb_section]<\/p>\n","protected":false},"excerpt":{"rendered":"<p>Carry-Over systemL\u00e5g utvecklingskostnad Comfort Armrest System\u00ae \u00e4r ett sk Carry-Over system. Detta inneb\u00e4r att varje bilmodell beh\u00f6ver en unik adapter som vi p\u00e5 Sydmeko tar fram till en l\u00e5g utvecklingskostnad och oftast s\u00e5 snabbt som inom 1 vecka. N\u00e4r detta \u00e4r klart, \u00e4r det fritt fram att v\u00e4lja mellan flera befintliga armst\u00f6dsmodeller. V\u00e4lj f\u00e4rg och [&hellip;]<\/p>\n","protected":false},"author":1,"featured_media":0,"parent":2510,"menu_order":0,"comment_status":"closed","ping_status":"open","template":"","meta":{"_et_pb_use_builder":"on","_et_pb_old_content":"","_et_gb_content_width":"","footnotes":""},"class_list":["post-2529","page","type-page","status-publish","hentry"],"yoast_head":"<!-- This site is optimized with the Yoast SEO plugin v27.3 - https:\/\/yoast.com\/product\/yoast-seo-wordpress\/ -->\n<title>Carry-Over system - Armrest System<\/title>\n<meta name=\"robots\" content=\"index, follow, max-snippet:-1, max-image-preview:large, max-video-preview:-1\" \/>\n<link rel=\"canonical\" href=\"https:\/\/armrest-systems.com\/oe-oem\/carry-over-system\/\" \/>\n<meta property=\"og:locale\" content=\"sv_SE\" \/>\n<meta property=\"og:type\" content=\"article\" \/>\n<meta property=\"og:title\" content=\"Carry-Over system - Armrest System\" \/>\n<meta property=\"og:description\" content=\"Carry-Over systemL\u00e5g utvecklingskostnad Comfort Armrest System\u00ae \u00e4r ett sk Carry-Over system. Detta inneb\u00e4r att varje bilmodell beh\u00f6ver en unik adapter som vi p\u00e5 Sydmeko tar fram till en l\u00e5g utvecklingskostnad och oftast s\u00e5 snabbt som inom 1 vecka. N\u00e4r detta \u00e4r klart, \u00e4r det fritt fram att v\u00e4lja mellan flera befintliga armst\u00f6dsmodeller. V\u00e4lj f\u00e4rg och [&hellip;]\" \/>\n<meta property=\"og:url\" content=\"https:\/\/armrest-systems.com\/oe-oem\/carry-over-system\/\" \/>\n<meta property=\"og:site_name\" content=\"Armrest System\" \/>\n<meta property=\"article:modified_time\" content=\"2019-03-13T09:34:58+00:00\" \/>\n<meta name=\"twitter:card\" content=\"summary_large_image\" \/>\n<meta name=\"twitter:label1\" content=\"Ber\u00e4knad l\u00e4stid\" \/>\n\t<meta name=\"twitter:data1\" content=\"5 minuter\" \/>\n<script type=\"application\/ld+json\" class=\"yoast-schema-graph\">{\"@context\":\"https:\\\/\\\/schema.org\",\"@graph\":[{\"@type\":\"WebPage\",\"@id\":\"https:\\\/\\\/armrest-systems.com\\\/oe-oem\\\/carry-over-system\\\/\",\"url\":\"https:\\\/\\\/armrest-systems.com\\\/oe-oem\\\/carry-over-system\\\/\",\"name\":\"Carry-Over system - Armrest System\",\"isPartOf\":{\"@id\":\"https:\\\/\\\/armrest-systems.com\\\/#website\"},\"datePublished\":\"2019-02-11T12:20:15+00:00\",\"dateModified\":\"2019-03-13T09:34:58+00:00\",\"breadcrumb\":{\"@id\":\"https:\\\/\\\/armrest-systems.com\\\/oe-oem\\\/carry-over-system\\\/#breadcrumb\"},\"inLanguage\":\"sv-SE\",\"potentialAction\":[{\"@type\":\"ReadAction\",\"target\":[\"https:\\\/\\\/armrest-systems.com\\\/oe-oem\\\/carry-over-system\\\/\"]}]},{\"@type\":\"BreadcrumbList\",\"@id\":\"https:\\\/\\\/armrest-systems.com\\\/oe-oem\\\/carry-over-system\\\/#breadcrumb\",\"itemListElement\":[{\"@type\":\"ListItem\",\"position\":1,\"name\":\"Hem\",\"item\":\"https:\\\/\\\/armrest-systems.com\\\/sv\\\/\"},{\"@type\":\"ListItem\",\"position\":2,\"name\":\"OE\\\/OEM\",\"item\":\"https:\\\/\\\/armrest-systems.com\\\/sv\\\/oe-oem\\\/\"},{\"@type\":\"ListItem\",\"position\":3,\"name\":\"Carry-Over system\"}]},{\"@type\":\"WebSite\",\"@id\":\"https:\\\/\\\/armrest-systems.com\\\/#website\",\"url\":\"https:\\\/\\\/armrest-systems.com\\\/\",\"name\":\"Armrest System\",\"description\":\"Armrests - Ergonomy - Quality - Perfect interior match\",\"potentialAction\":[{\"@type\":\"SearchAction\",\"target\":{\"@type\":\"EntryPoint\",\"urlTemplate\":\"https:\\\/\\\/armrest-systems.com\\\/?s={search_term_string}\"},\"query-input\":{\"@type\":\"PropertyValueSpecification\",\"valueRequired\":true,\"valueName\":\"search_term_string\"}}],\"inLanguage\":\"sv-SE\"}]}<\/script>\n<!-- \/ Yoast SEO plugin. -->","yoast_head_json":{"title":"Carry-Over system - Armrest System","robots":{"index":"index","follow":"follow","max-snippet":"max-snippet:-1","max-image-preview":"max-image-preview:large","max-video-preview":"max-video-preview:-1"},"canonical":"https:\/\/armrest-systems.com\/oe-oem\/carry-over-system\/","og_locale":"sv_SE","og_type":"article","og_title":"Carry-Over system - Armrest System","og_description":"Carry-Over systemL\u00e5g utvecklingskostnad Comfort Armrest System\u00ae \u00e4r ett sk Carry-Over system. Detta inneb\u00e4r att varje bilmodell beh\u00f6ver en unik adapter som vi p\u00e5 Sydmeko tar fram till en l\u00e5g utvecklingskostnad och oftast s\u00e5 snabbt som inom 1 vecka. N\u00e4r detta \u00e4r klart, \u00e4r det fritt fram att v\u00e4lja mellan flera befintliga armst\u00f6dsmodeller. V\u00e4lj f\u00e4rg och [&hellip;]","og_url":"https:\/\/armrest-systems.com\/oe-oem\/carry-over-system\/","og_site_name":"Armrest System","article_modified_time":"2019-03-13T09:34:58+00:00","twitter_card":"summary_large_image","twitter_misc":{"Ber\u00e4knad l\u00e4stid":"5 minuter"},"schema":{"@context":"https:\/\/schema.org","@graph":[{"@type":"WebPage","@id":"https:\/\/armrest-systems.com\/oe-oem\/carry-over-system\/","url":"https:\/\/armrest-systems.com\/oe-oem\/carry-over-system\/","name":"Carry-Over system - Armrest System","isPartOf":{"@id":"https:\/\/armrest-systems.com\/#website"},"datePublished":"2019-02-11T12:20:15+00:00","dateModified":"2019-03-13T09:34:58+00:00","breadcrumb":{"@id":"https:\/\/armrest-systems.com\/oe-oem\/carry-over-system\/#breadcrumb"},"inLanguage":"sv-SE","potentialAction":[{"@type":"ReadAction","target":["https:\/\/armrest-systems.com\/oe-oem\/carry-over-system\/"]}]},{"@type":"BreadcrumbList","@id":"https:\/\/armrest-systems.com\/oe-oem\/carry-over-system\/#breadcrumb","itemListElement":[{"@type":"ListItem","position":1,"name":"Hem","item":"https:\/\/armrest-systems.com\/sv\/"},{"@type":"ListItem","position":2,"name":"OE\/OEM","item":"https:\/\/armrest-systems.com\/sv\/oe-oem\/"},{"@type":"ListItem","position":3,"name":"Carry-Over system"}]},{"@type":"WebSite","@id":"https:\/\/armrest-systems.com\/#website","url":"https:\/\/armrest-systems.com\/","name":"Armrest System","description":"Armrests - Ergonomy - Quality - Perfect interior match","potentialAction":[{"@type":"SearchAction","target":{"@type":"EntryPoint","urlTemplate":"https:\/\/armrest-systems.com\/?s={search_term_string}"},"query-input":{"@type":"PropertyValueSpecification","valueRequired":true,"valueName":"search_term_string"}}],"inLanguage":"sv-SE"}]}},"_links":{"self":[{"href":"https:\/\/armrest-systems.com\/sv\/wp-json\/wp\/v2\/pages\/2529","targetHints":{"allow":["GET"]}}],"collection":[{"href":"https:\/\/armrest-systems.com\/sv\/wp-json\/wp\/v2\/pages"}],"about":[{"href":"https:\/\/armrest-systems.com\/sv\/wp-json\/wp\/v2\/types\/page"}],"author":[{"embeddable":true,"href":"https:\/\/armrest-systems.com\/sv\/wp-json\/wp\/v2\/users\/1"}],"replies":[{"embeddable":true,"href":"https:\/\/armrest-systems.com\/sv\/wp-json\/wp\/v2\/comments?post=2529"}],"version-history":[{"count":12,"href":"https:\/\/armrest-systems.com\/sv\/wp-json\/wp\/v2\/pages\/2529\/revisions"}],"predecessor-version":[{"id":3389,"href":"https:\/\/armrest-systems.com\/sv\/wp-json\/wp\/v2\/pages\/2529\/revisions\/3389"}],"up":[{"embeddable":true,"href":"https:\/\/armrest-systems.com\/sv\/wp-json\/wp\/v2\/pages\/2510"}],"wp:attachment":[{"href":"https:\/\/armrest-systems.com\/sv\/wp-json\/wp\/v2\/media?parent=2529"}],"curies":[{"name":"wp","href":"https:\/\/api.w.org\/{rel}","templated":true}]}}