{"id":2527,"date":"2019-02-11T12:19:32","date_gmt":"2019-02-11T12:19:32","guid":{"rendered":"https:\/\/ny.armrest-systems.com\/?page_id=2527"},"modified":"2019-03-13T09:30:05","modified_gmt":"2019-03-13T09:30:05","slug":"typgodkant-och-valbeprovat-system","status":"publish","type":"page","link":"https:\/\/armrest-systems.com\/sv\/oe-oem\/typgodkant-och-valbeprovat-system\/","title":{"rendered":"Typgodk\u00e4nt och v\u00e4lbepr\u00f6vat system"},"content":{"rendered":"<p>[et_pb_section fb_built=&#8221;1&#8243; _builder_version=&#8221;3.19.9&#8243; custom_padding=&#8221;40px|0px|54px|0px|false|false&#8221;][et_pb_row custom_padding=&#8221;0|0px|27px|0px|false|false&#8221; _builder_version=&#8221;3.19.9&#8243;][et_pb_column type=&#8221;4_4&#8243; _builder_version=&#8221;3.19.9&#8243;][et_pb_text _builder_version=&#8221;3.19.18&#8243; text_font=&#8221;||||||||&#8221; text_orientation=&#8221;center&#8221;]<\/p>\n<h1>Typgodk\u00e4nt och v\u00e4lbepr\u00f6vat system<\/h1>\n<p>[\/et_pb_text][\/et_pb_column][\/et_pb_row][et_pb_row custom_padding=&#8221;0|0px|0|0px|false|false&#8221; _builder_version=&#8221;3.19.9&#8243;][et_pb_column type=&#8221;1_2&#8243; _builder_version=&#8221;3.19.9&#8243;][et_pb_text _builder_version=&#8221;3.19.18&#8243; text_font=&#8221;||||||||&#8221; text_orientation=&#8221;justified&#8221;]<\/p>\n<p>Comfort \u00e4r ett v\u00e4l bepr\u00f6vat system som \u00e4r noga testat och typgodk\u00e4nt enligt bilindustrins h\u00f6gt st\u00e4llda krav p\u00e5 produkts\u00e4kerhet i samband med kollision, brand\/r\u00f6k, val av produktmaterial, \u00f6verbelastning, kvalitetsk\u00e4nsla mm.<\/p>\n<h4>ABE-godk\u00e4nnande p\u00e5 h\u00f6gsta niv\u00e5n<\/h4>\n<p>Testerna har utf\u00f6rts av T\u00dcV i Tyskland och Comfort systemet innehar ett sk. ABE-godk\u00e4nnande utf\u00e4rdat av tyska KBA (Kraftfahrt Bundesamt = tyska trafiks\u00e4kerhetsverket). Comforts ABE-godk\u00e4nnande \u00e4r den h\u00f6gsta av tre olika typklassningar f\u00f6r eftermarknaden -vilket inneb\u00e4r att v\u00e5ra produkter \u00e4r utomordentligt s\u00e4kra och godk\u00e4nda f\u00f6r eftermontering i fordon. Detta utan att n\u00e5gon specialkompetens beh\u00f6vs av den som monterar in den i bilen (f\u00e5r med andra ord f\u00e5r utf\u00f6ras av privatpersonen sj\u00e4lv utan att efterbesiktning kr\u00e4vs).<\/p>\n<p>[\/et_pb_text][et_pb_blurb url=&#8221;http:\/\/armrest-systems.com\/wp-content\/uploads\/2018\/08\/ml285-abe-approval.pdf&#8221; url_new_window=&#8221;on&#8221; use_icon=&#8221;on&#8221; font_icon=&#8221;%%51%%&#8221; icon_placement=&#8221;left&#8221; content_max_width=&#8221;1100px&#8221; use_icon_font_size=&#8221;on&#8221; _builder_version=&#8221;3.0.105&#8243; custom_margin=&#8221;||10px|&#8221;]<\/p>\n<p><a href=\"http:\/\/armrest-systems.com\/wp-content\/uploads\/2018\/08\/ml285-abe-approval.pdf\" target=\"_blank\" rel=\"noopener noreferrer\">ML285<\/a><\/p>\n<p>[\/et_pb_blurb][et_pb_blurb url=&#8221;http:\/\/armrest-systems.com\/wp-content\/uploads\/2018\/08\/ml385_abe_approval_orginal.pdf&#8221; url_new_window=&#8221;on&#8221; use_icon=&#8221;on&#8221; font_icon=&#8221;%%51%%&#8221; icon_placement=&#8221;left&#8221; content_max_width=&#8221;1100px&#8221; use_icon_font_size=&#8221;on&#8221; _builder_version=&#8221;3.0.105&#8243; custom_margin=&#8221;||10px|&#8221;]<\/p>\n<p><a href=\"http:\/\/armrest-systems.com\/wp-content\/uploads\/2018\/08\/ml385_abe_approval_orginal.pdf\" target=\"_blank\" rel=\"noopener noreferrer\">ML385<\/a><\/p>\n<p>[\/et_pb_blurb][et_pb_blurb url=&#8221;http:\/\/armrest-systems.com\/wp-content\/uploads\/2018\/08\/mlc310-abe-approval.pdf&#8221; url_new_window=&#8221;on&#8221; use_icon=&#8221;on&#8221; font_icon=&#8221;%%51%%&#8221; icon_placement=&#8221;left&#8221; content_max_width=&#8221;1100px&#8221; use_icon_font_size=&#8221;on&#8221; _builder_version=&#8221;3.0.105&#8243;]<\/p>\n<p><a href=\"http:\/\/armrest-systems.com\/wp-content\/uploads\/2018\/08\/mlc310-abe-approval.pdf\" target=\"_blank\" rel=\"noopener noreferrer\">MLC310<\/a><\/p>\n<p>[\/et_pb_blurb][et_pb_text _builder_version=&#8221;3.19.18&#8243;]<\/p>\n<h4>Enkel och snabb montering<\/h4>\n<p>Installationen \u00e4r enkel och snabb att utf\u00f6ra. Den tar ca 15-45 minuter och bilens inredning skadas inte.<\/p>\n<p>Typgodk\u00e4nnandet inneb\u00e4r att kunden f\u00e5r utf\u00f6ra installationen p\u00e5 egen hand, men det monteras med f\u00f6rdel av verkstaden eller import\u00f6rens PDI. Inga specialverktyg beh\u00f6vs.<\/p>\n<p>Instruktiva monteringsanvisningar med bilder och trespr\u00e5kig text (engelska, tyska och svenska) medf\u00f6ljer varje armst\u00f6d.<\/p>\n<p>Vi skr\u00e4ddarsyr \u00e4ven monteringsanvisningar med pictogrambilder i enlighet med v\u00e5ra kunders egna standardmallar. Se exempel\u00a0<a href=\"http:\/\/armrest-systems.com\/wp-content\/uploads\/2019\/02\/hundai-ix20_kia-venga_2011-12-13.pdf\" target=\"_blank\" rel=\"noopener noreferrer\">h\u00e4r<\/a>!<\/p>\n<p>[\/et_pb_text][\/et_pb_column][et_pb_column type=&#8221;1_2&#8243; _builder_version=&#8221;3.19.9&#8243;][et_pb_text _builder_version=&#8221;3.19.18&#8243; text_font=&#8221;||||||||&#8221; text_orientation=&#8221;justified&#8221;]<\/p>\n<h4>Head Impact tester<\/h4>\n<p>F\u00f6rutom omfattande material- och splittertester har man \u00e4ven utf\u00f6rt Head Impact Tester p\u00e5 samtliga armst\u00f6d i Matchline serien, med mycket goda resultat! Detta borgar f\u00f6r att Comfort systemet \u00e4r ett v\u00e4l testat och bepr\u00f6vat system som erbjuder v\u00e5ra kunder och slutkonsumenter en kvalitetsprodukt d\u00e4r produkts\u00e4kerheten och anv\u00e4ndarv\u00e4nligheten \u00e4r centralt f\u00f6r alla v\u00e5ra applikationer.\u00a0<\/p>\n<p>[\/et_pb_text][et_pb_blurb url=&#8221;http:\/\/armrest-systems.com\/wp-content\/uploads\/2018\/08\/testrapport-u0839dk001-003_mku.pdf&#8221; url_new_window=&#8221;on&#8221; use_icon=&#8221;on&#8221; font_icon=&#8221;%%51%%&#8221; icon_placement=&#8221;left&#8221; content_max_width=&#8221;1100px&#8221; use_icon_font_size=&#8221;on&#8221; _builder_version=&#8221;3.19.9&#8243;]<\/p>\n<p><a href=\"http:\/\/armrest-systems.com\/wp-content\/uploads\/2018\/08\/testrapport-u0839dk001-003_mku.pdf\" target=\"_blank\" rel=\"noopener noreferrer\">Rapport<\/a><\/p>\n<p>[\/et_pb_blurb][et_pb_image src=&#8221;http:\/\/armrest-systems.com\/wp-content\/uploads\/2019\/03\/Ska\u0308rmavbild-2019-03-01-kl.-08.37.11.png&#8221; url=&#8221;https:\/\/plus.google.com\/u\/0\/112943906074598055100&#8243; url_new_window=&#8221;on&#8221; _builder_version=&#8221;3.19.18&#8243; max_width=&#8221;350px&#8221;][\/et_pb_image][et_pb_text _builder_version=&#8221;3.19.18&#8243;]<\/p>\n<p>\u00c4r du intresserad av att erh\u00e5lla mer information om v\u00e5ra produkttester och typgodk\u00e4nnande -h\u00f6r g\u00e4rna av dig till oss s\u00e5 ber\u00e4ttar vi mer.<\/p>\n<p>[\/et_pb_text][\/et_pb_column][\/et_pb_row][\/et_pb_section][et_pb_section fb_built=&#8221;1&#8243; prev_background_color=&#8221;#f8f8f8&#8243; module_class=&#8221;footer&#8221; _builder_version=&#8221;3.0.105&#8243; background_color=&#8221;#C61518&#8243; custom_padding=&#8221;54px|0px|31px|0px&#8221; global_module=&#8221;481&#8243; saved_tabs=&#8221;all&#8221;][et_pb_row use_custom_width=&#8221;on&#8221; custom_width_px=&#8221;1275px&#8221; custom_padding=&#8221;27px|0px|0px|0px&#8221; disabled_on=&#8221;on|on|off&#8221; _builder_version=&#8221;3.19.9&#8243; custom_css_main_element=&#8221;overflow: hidden;&#8221;][et_pb_column type=&#8221;4_4&#8243; _builder_version=&#8221;3.0.47&#8243;][et_pb_text _builder_version=&#8221;3.19.9&#8243; text_font=&#8221;||||||||&#8221; background_layout=&#8221;dark&#8221; custom_css_main_element=&#8221;width: 16.6%;||float: left;&#8221;]<\/p>\n<ul>\n<li><span style=\"color: #ffffff;\"><a style=\"color: #ffffff;\" href=\"https:\/\/armrest-systems.com\/produkter\/produkter\/\">Produkter<\/a><\/span><\/li>\n<li><span style=\"color: #ffffff;\"><a style=\"color: #ffffff;\" href=\"https:\/\/armrest-systems.com\/produkter\/sa-funkar-comfort\/\">S\u00e5 funkar Comfort<\/a><\/span><\/li>\n<li><span style=\"color: #ffffff;\"><a style=\"color: #ffffff;\" href=\"https:\/\/armrest-systems.com\/produkter\/galleri\/\">Galleri<\/a><\/span><\/li>\n<li><span style=\"color: #ffffff;\"><a style=\"color: #ffffff;\" href=\"https:\/\/armrest-systems.com\/produkter\/markesinfo\/\">M\u00e4rkesinfo<\/a><\/span><\/li>\n<li><span style=\"color: #ffffff;\"><a style=\"color: #ffffff;\" href=\"https:\/\/armrest-systems.com\/produkter\/af-distributorer\">\u00c5F \/ Distribut\u00f6rer<\/a><\/span><\/li>\n<li><a href=\"https:\/\/armrest-systems.com\/produkter\/bli-af-distributor\"><span style=\"color: #ffffff;\">Bli \u00c5F \/ Distribut\u00f6r<\/span><\/a><\/li>\n<\/ul>\n<p>[\/et_pb_text][et_pb_text _builder_version=&#8221;3.0.105&#8243; text_font=&#8221;||||||||&#8221; background_layout=&#8221;dark&#8221; custom_css_main_element=&#8221;width: 16.6%;||float: left;&#8221;]<\/p>\n<ul>\n<li><span style=\"color: #ffffff;\"><a style=\"color: #ffffff;\" href=\"https:\/\/armrest-systems.com\/om-comfort\/historien-om-comfort\/\">Historien om Comfort<\/a><\/span><\/li>\n<li><span style=\"color: #ffffff;\"><a style=\"color: #ffffff;\" href=\"https:\/\/armrest-systems.com\/om-comfort\/varfor-comfort\/\">Varf\u00f6r Comfort<\/a><\/span><\/li>\n<li><span style=\"color: #ffffff;\"><a style=\"color: #ffffff;\" href=\"https:\/\/armrest-systems.com\/om-comfort\/typgodkant-system\/\">Typgodk\u00e4nt system<\/a><\/span><\/li>\n<\/ul>\n<p>[\/et_pb_text][et_pb_text _builder_version=&#8221;3.19.9&#8243; text_font=&#8221;||||||||&#8221; background_layout=&#8221;dark&#8221; custom_css_main_element=&#8221;width: 16.6%;||float: left;&#8221;]<\/p>\n<ul>\n<li><span style=\"color: #ffffff;\"><a style=\"color: #ffffff;\" href=\"https:\/\/armrest-systems.com\/support\/downloads-videos\/\">Downloads \/ Videos<\/a><\/span><\/li>\n<li><a href=\"https:\/\/armrest-systems.com\/support\/garantier\/\"><span style=\"color: #ffffff;\">Garantier<\/span><\/a><\/li>\n<li><span style=\"color: #ffffff;\"><a style=\"color: #ffffff;\" href=\"https:\/\/armrest-systems.com\/support\/sales-promotion\/\">Sales Promotion<\/a><\/span><\/li>\n<li><span style=\"color: #ffffff;\"><a style=\"color: #ffffff;\" href=\"https:\/\/armrest-systems.com\/support\/faq\/\">FAQ<\/a><\/span><\/li>\n<li><span style=\"color: #ffffff;\"><a style=\"color: #ffffff;\" href=\"https:\/\/armrest-systems.com\/support\/ordlista\/\">Ordlista<\/a><\/span><\/li>\n<\/ul>\n<p>[\/et_pb_text][et_pb_text _builder_version=&#8221;3.19.9&#8243; text_font=&#8221;||||||||&#8221; background_layout=&#8221;dark&#8221; custom_css_main_element=&#8221;width: 16.6%;||float: left;&#8221;]<\/p>\n<ul>\n<li><span style=\"color: #ffffff;\"><a style=\"color: #ffffff;\" href=\"https:\/\/armrest-systems.com\/om-oss\/foretaget\/\">F\u00f6retaget<\/a><\/span><\/li>\n<li><span style=\"color: #ffffff;\"><a style=\"color: #ffffff;\" href=\"https:\/\/armrest-systems.com\/om-oss\/kontakta-oss\/\">Kontakta oss<\/a><\/span><\/li>\n<li><span style=\"color: #ffffff;\"><a style=\"color: #ffffff;\" href=\"https:\/\/armrest-systems.com\/om-oss\/gdpr\/\">GDPR<\/a><\/span><\/li>\n<li><span style=\"color: #ffffff;\"><a style=\"color: #ffffff;\" href=\"https:\/\/armrest-systems.com\/om-oss\/vara-policies\/\">V\u00e5ra policies<\/a><\/span><\/li>\n<\/ul>\n<p>[\/et_pb_text][et_pb_text _builder_version=&#8221;3.19.9&#8243; text_font=&#8221;||||||||&#8221; header_font=&#8221;||||||||&#8221; header_3_font=&#8221;||||||||&#8221; header_3_font_size=&#8221;30px&#8221; background_layout=&#8221;dark&#8221; custom_css_main_element=&#8221;width: 16.6%;||float: left;&#8221;]<\/p>\n<h3>Kontakt<\/h3>\n<ul>\n<li>Sydmeko Industri AB<\/li>\n<li>Santessonsv\u00e4g 3<\/li>\n<li>SE-232 61 Arl\u00f6v, Sweden<\/li>\n<li>Tel:\u00a0 \u00a0 \u00a0 \u00a0 +46 (0)40 &#8211; 836 40<\/li>\n<li>Fax:\u00a0 \u00a0 \u00a0 \u00a0+46 (0)40 &#8211; 890 90<\/li>\n<li>E-mail:\u00a0 \u00a0<a href=\"mailto:office@sydmeko.se\"><span style=\"color: #ffffff;\">office@sydmeko.se<\/span><\/a><\/li>\n<\/ul>\n<p>[\/et_pb_text][\/et_pb_column][\/et_pb_row][et_pb_row use_custom_width=&#8221;on&#8221; custom_width_px=&#8221;1275px&#8221; custom_padding=&#8221;27px|0px|0px|0px&#8221; disabled_on=&#8221;off|off|on&#8221; module_class=&#8221;footer-mobil&#8221; _builder_version=&#8221;3.19.18&#8243; custom_css_main_element=&#8221;overflow: hidden;&#8221;][et_pb_column type=&#8221;4_4&#8243; _builder_version=&#8221;3.0.47&#8243;][et_pb_text _builder_version=&#8221;3.19.9&#8243; text_font=&#8221;||||||||&#8221; background_layout=&#8221;dark&#8221;]<\/p>\n<ul>\n<li><span style=\"color: #ffffff;\"><a style=\"color: #ffffff;\" href=\"https:\/\/armrest-systems.com\/produkter\/produkter\/\">Produkter<\/a><\/span><\/li>\n<li><span style=\"color: #ffffff;\"><a style=\"color: #ffffff;\" href=\"https:\/\/armrest-systems.com\/armstod\/sa-funkar-comfort\/\">S\u00e5 funkar Comfort<\/a><\/span><\/li>\n<li><span style=\"color: #ffffff;\"><a style=\"color: #ffffff;\" href=\"https:\/\/armrest-systems.com\/produkter\/galleri\/\">Galleri<\/a><\/span><\/li>\n<li><span style=\"color: #ffffff;\"><a style=\"color: #ffffff;\" href=\"https:\/\/armrest-systems.com\/produkter\/markesinfo\/\">M\u00e4rkesinfo<\/a><\/span><\/li>\n<li><span style=\"color: #ffffff;\"><a style=\"color: #ffffff;\" href=\"https:\/\/armrest-systems.com\/produkter\/af-distributorer\">\u00c5F \/ Distribut\u00f6rer<\/a><\/span><\/li>\n<li><a href=\"https:\/\/armrest-systems.com\/produkter\/bli-af-distributor\"><span style=\"color: #ffffff;\">Bli \u00c5F \/ Distribut\u00f6r<\/span><\/a><\/li>\n<\/ul>\n<p>[\/et_pb_text][et_pb_text _builder_version=&#8221;3.19.9&#8243; text_font=&#8221;||||||||&#8221; background_layout=&#8221;dark&#8221;]<\/p>\n<ul>\n<li><span style=\"color: #ffffff;\"><a style=\"color: #ffffff;\" href=\"https:\/\/armrest-systems.com\/om-comfort\/historien-om-comfort\/\">Historien om Comfort<\/a><\/span><\/li>\n<li><span style=\"color: #ffffff;\"><a style=\"color: #ffffff;\" href=\"https:\/\/armrest-systems.com\/om-comfort\/varfor-comfort\/\">Varf\u00f6r Comfort<\/a><\/span><\/li>\n<li><span style=\"color: #ffffff;\"><a style=\"color: #ffffff;\" href=\"https:\/\/armrest-systems.com\/om-comfort\/typgodkant-system\/\">Typgodk\u00e4nt system<\/a><\/span><\/li>\n<\/ul>\n<p>[\/et_pb_text][et_pb_text _builder_version=&#8221;3.19.9&#8243; text_font=&#8221;||||||||&#8221; background_layout=&#8221;dark&#8221;]<\/p>\n<ul>\n<li><span style=\"color: #ffffff;\"><a style=\"color: #ffffff;\" href=\"https:\/\/armrest-systems.com\/support\/downloads-videos\/\">Downloads \/ Videos<\/a><\/span><\/li>\n<li><a href=\"https:\/\/armrest-systems.com\/support\/garantier\/\"><span style=\"color: #ffffff;\">Garantier<\/span><\/a><\/li>\n<li><span style=\"color: #ffffff;\"><a style=\"color: #ffffff;\" href=\"https:\/\/armrest-systems.com\/support\/sales-promotion\/\">Sales Promotion<\/a><\/span><\/li>\n<li><span style=\"color: #ffffff;\"><a style=\"color: #ffffff;\" href=\"https:\/\/armrest-systems.com\/support\/faq\/\">FAQ<\/a><\/span><\/li>\n<li><span style=\"color: #ffffff;\"><a style=\"color: #ffffff;\" href=\"https:\/\/armrest-systems.com\/support\/ordlista\/\">Ordlista<\/a><\/span><\/li>\n<\/ul>\n<p>[\/et_pb_text][et_pb_text _builder_version=&#8221;3.19.9&#8243; text_font=&#8221;||||||||&#8221; background_layout=&#8221;dark&#8221;]<\/p>\n<ul>\n<li><span style=\"color: #ffffff;\"><a style=\"color: #ffffff;\" href=\"https:\/\/armrest-systems.com\/om-oss\/foretaget\/\">F\u00f6retaget<\/a><\/span><\/li>\n<li><span style=\"color: #ffffff;\"><a style=\"color: #ffffff;\" href=\"https:\/\/armrest-systems.com\/om-oss\/kontakta-oss\/\">Kontakta oss<\/a><\/span><\/li>\n<li><span style=\"color: #ffffff;\"><a style=\"color: #ffffff;\" href=\"https:\/\/armrest-systems.com\/om-oss\/gdpr\/\">GDPR<\/a><\/span><\/li>\n<li><span style=\"color: #ffffff;\"><a style=\"color: #ffffff;\" href=\"https:\/\/armrest-systems.com\/om-oss\/vara-policies\/\">V\u00e5ra policies<\/a><\/span><\/li>\n<\/ul>\n<p>[\/et_pb_text][et_pb_text _builder_version=&#8221;3.19.18&#8243; text_font=&#8221;||||||||&#8221; header_font=&#8221;||||||||&#8221; header_3_font=&#8221;||||||||&#8221; header_3_font_size=&#8221;30px&#8221; background_layout=&#8221;dark&#8221;]<\/p>\n<h3>Kontakt<\/h3>\n<ul>\n<li>Sydmeko Industri AB<\/li>\n<li>Santessonsv\u00e4g 3<\/li>\n<li>SE-232 61 Arl\u00f6v, Sweden<\/li>\n<li>Tel:\u00a0 \u00a0 \u00a0 \u00a0 <span style=\"color: #ffffff;\">+46 (0)40 &#8211; 836 40<\/span><\/li>\n<li>Fax:\u00a0 \u00a0 \u00a0 \u00a0<span style=\"color: #ffffff;\">+46 (0)40 &#8211; 890 90<\/span><\/li>\n<li>E-mail:\u00a0 \u00a0<span style=\"color: #ffffff;\"><a style=\"color: #ffffff;\" href=\"mailto:office@sydmeko.se\" target=\"_blank\" rel=\"noopener noreferrer\">office@sydmeko.se<\/a><\/span><\/li>\n<\/ul>\n<p>[\/et_pb_text][\/et_pb_column][\/et_pb_row][et_pb_row use_custom_width=&#8221;on&#8221; custom_width_px=&#8221;1275px&#8221; custom_padding=&#8221;0px|0px|27px|0px&#8221; _builder_version=&#8221;3.0.105&#8243;][et_pb_column type=&#8221;4_4&#8243; _builder_version=&#8221;3.0.47&#8243;][et_pb_social_media_follow _builder_version=&#8221;3.19.18&#8243; custom_margin=&#8221;||0px|&#8221;][et_pb_social_media_follow_network social_network=&#8221;facebook&#8221; url=&#8221;https:\/\/www.facebook.com\/ComfortArmrestSystem\/&#8221; _builder_version=&#8221;3.0.105&#8243; background_color=&#8221;#3b5998&#8243; follow_button=&#8221;off&#8221; url_new_window=&#8221;on&#8221;]facebook[\/et_pb_social_media_follow_network][et_pb_social_media_follow_network social_network=&#8221;linkedin&#8221; url=&#8221;https:\/\/www.linkedin.com\/company\/sydmeko-industri-ab\/&#8221; _builder_version=&#8221;3.0.105&#8243; background_color=&#8221;#007bb6&#8243; follow_button=&#8221;off&#8221; url_new_window=&#8221;on&#8221;]linkedin[\/et_pb_social_media_follow_network][et_pb_social_media_follow_network social_network=&#8221;youtube&#8221; url=&#8221;https:\/\/www.youtube.com\/channel\/UC_1pCEvp1qKDnhaIabI1KsA&#8221; _builder_version=&#8221;3.0.105&#8243; background_color=&#8221;#a82400&#8243; follow_button=&#8221;off&#8221; url_new_window=&#8221;on&#8221;]youtube[\/et_pb_social_media_follow_network][\/et_pb_social_media_follow][et_pb_text _builder_version=&#8221;3.0.105&#8243; text_font=&#8221;||||||||&#8221; background_layout=&#8221;dark&#8221; custom_margin=&#8221;0px|0px||&#8221; custom_padding=&#8221;0px|0px||&#8221;]<\/p>\n<p><a href=\"https:\/\/armrest-systems.com\/sitemap.xml\" target=\"_blank\" rel=\"noopener noreferrer\">Sitemap<\/a><\/p>\n<p>[\/et_pb_text][\/et_pb_column][\/et_pb_row][\/et_pb_section]<\/p>\n","protected":false},"excerpt":{"rendered":"<p>Typgodk\u00e4nt och v\u00e4lbepr\u00f6vat systemComfort \u00e4r ett v\u00e4l bepr\u00f6vat system som \u00e4r noga testat och typgodk\u00e4nt enligt bilindustrins h\u00f6gt st\u00e4llda krav p\u00e5 produkts\u00e4kerhet i samband med kollision, brand\/r\u00f6k, val av produktmaterial, \u00f6verbelastning, kvalitetsk\u00e4nsla mm. ABE-godk\u00e4nnande p\u00e5 h\u00f6gsta niv\u00e5n Testerna har utf\u00f6rts av T\u00dcV i Tyskland och Comfort systemet innehar ett sk. ABE-godk\u00e4nnande utf\u00e4rdat av tyska KBA [&hellip;]<\/p>\n","protected":false},"author":1,"featured_media":0,"parent":2510,"menu_order":0,"comment_status":"closed","ping_status":"open","template":"","meta":{"_et_pb_use_builder":"on","_et_pb_old_content":"","_et_gb_content_width":"","footnotes":""},"class_list":["post-2527","page","type-page","status-publish","hentry"],"yoast_head":"<!-- This site is optimized with the Yoast SEO plugin v27.3 - https:\/\/yoast.com\/product\/yoast-seo-wordpress\/ -->\n<title>Typgodk\u00e4nt och v\u00e4lbepr\u00f6vat system - Armrest System<\/title>\n<meta name=\"robots\" content=\"index, follow, max-snippet:-1, max-image-preview:large, max-video-preview:-1\" \/>\n<link rel=\"canonical\" href=\"https:\/\/armrest-systems.com\/oe-oem\/type-approved-and-well-proven-system\/\" \/>\n<meta property=\"og:locale\" content=\"sv_SE\" \/>\n<meta property=\"og:type\" content=\"article\" \/>\n<meta property=\"og:title\" content=\"Typgodk\u00e4nt och v\u00e4lbepr\u00f6vat system - Armrest System\" \/>\n<meta property=\"og:description\" content=\"Typgodk\u00e4nt och v\u00e4lbepr\u00f6vat systemComfort \u00e4r ett v\u00e4l bepr\u00f6vat system som \u00e4r noga testat och typgodk\u00e4nt enligt bilindustrins h\u00f6gt st\u00e4llda krav p\u00e5 produkts\u00e4kerhet i samband med kollision, brand\/r\u00f6k, val av produktmaterial, \u00f6verbelastning, kvalitetsk\u00e4nsla mm. ABE-godk\u00e4nnande p\u00e5 h\u00f6gsta niv\u00e5n Testerna har utf\u00f6rts av T\u00dcV i Tyskland och Comfort systemet innehar ett sk. ABE-godk\u00e4nnande utf\u00e4rdat av tyska KBA [&hellip;]\" \/>\n<meta property=\"og:url\" content=\"https:\/\/armrest-systems.com\/oe-oem\/type-approved-and-well-proven-system\/\" \/>\n<meta property=\"og:site_name\" content=\"Armrest System\" \/>\n<meta property=\"article:modified_time\" content=\"2019-03-13T09:30:05+00:00\" \/>\n<meta name=\"twitter:card\" content=\"summary_large_image\" \/>\n<meta name=\"twitter:label1\" content=\"Ber\u00e4knad l\u00e4stid\" \/>\n\t<meta name=\"twitter:data1\" content=\"6 minuter\" \/>\n<script type=\"application\/ld+json\" class=\"yoast-schema-graph\">{\"@context\":\"https:\\\/\\\/schema.org\",\"@graph\":[{\"@type\":\"WebPage\",\"@id\":\"https:\\\/\\\/armrest-systems.com\\\/oe-oem\\\/type-approved-and-well-proven-system\\\/\",\"url\":\"https:\\\/\\\/armrest-systems.com\\\/oe-oem\\\/type-approved-and-well-proven-system\\\/\",\"name\":\"Typgodk\u00e4nt och v\u00e4lbepr\u00f6vat system - Armrest System\",\"isPartOf\":{\"@id\":\"https:\\\/\\\/armrest-systems.com\\\/#website\"},\"datePublished\":\"2019-02-11T12:19:32+00:00\",\"dateModified\":\"2019-03-13T09:30:05+00:00\",\"breadcrumb\":{\"@id\":\"https:\\\/\\\/armrest-systems.com\\\/oe-oem\\\/type-approved-and-well-proven-system\\\/#breadcrumb\"},\"inLanguage\":\"sv-SE\",\"potentialAction\":[{\"@type\":\"ReadAction\",\"target\":[\"https:\\\/\\\/armrest-systems.com\\\/oe-oem\\\/type-approved-and-well-proven-system\\\/\"]}]},{\"@type\":\"BreadcrumbList\",\"@id\":\"https:\\\/\\\/armrest-systems.com\\\/oe-oem\\\/type-approved-and-well-proven-system\\\/#breadcrumb\",\"itemListElement\":[{\"@type\":\"ListItem\",\"position\":1,\"name\":\"Hem\",\"item\":\"https:\\\/\\\/armrest-systems.com\\\/sv\\\/\"},{\"@type\":\"ListItem\",\"position\":2,\"name\":\"OE\\\/OEM\",\"item\":\"https:\\\/\\\/armrest-systems.com\\\/sv\\\/oe-oem\\\/\"},{\"@type\":\"ListItem\",\"position\":3,\"name\":\"Typgodk\u00e4nt och v\u00e4lbepr\u00f6vat system\"}]},{\"@type\":\"WebSite\",\"@id\":\"https:\\\/\\\/armrest-systems.com\\\/#website\",\"url\":\"https:\\\/\\\/armrest-systems.com\\\/\",\"name\":\"Armrest System\",\"description\":\"Armrests - Ergonomy - Quality - Perfect interior match\",\"potentialAction\":[{\"@type\":\"SearchAction\",\"target\":{\"@type\":\"EntryPoint\",\"urlTemplate\":\"https:\\\/\\\/armrest-systems.com\\\/?s={search_term_string}\"},\"query-input\":{\"@type\":\"PropertyValueSpecification\",\"valueRequired\":true,\"valueName\":\"search_term_string\"}}],\"inLanguage\":\"sv-SE\"}]}<\/script>\n<!-- \/ Yoast SEO plugin. -->","yoast_head_json":{"title":"Typgodk\u00e4nt och v\u00e4lbepr\u00f6vat system - Armrest System","robots":{"index":"index","follow":"follow","max-snippet":"max-snippet:-1","max-image-preview":"max-image-preview:large","max-video-preview":"max-video-preview:-1"},"canonical":"https:\/\/armrest-systems.com\/oe-oem\/type-approved-and-well-proven-system\/","og_locale":"sv_SE","og_type":"article","og_title":"Typgodk\u00e4nt och v\u00e4lbepr\u00f6vat system - Armrest System","og_description":"Typgodk\u00e4nt och v\u00e4lbepr\u00f6vat systemComfort \u00e4r ett v\u00e4l bepr\u00f6vat system som \u00e4r noga testat och typgodk\u00e4nt enligt bilindustrins h\u00f6gt st\u00e4llda krav p\u00e5 produkts\u00e4kerhet i samband med kollision, brand\/r\u00f6k, val av produktmaterial, \u00f6verbelastning, kvalitetsk\u00e4nsla mm. ABE-godk\u00e4nnande p\u00e5 h\u00f6gsta niv\u00e5n Testerna har utf\u00f6rts av T\u00dcV i Tyskland och Comfort systemet innehar ett sk. ABE-godk\u00e4nnande utf\u00e4rdat av tyska KBA [&hellip;]","og_url":"https:\/\/armrest-systems.com\/oe-oem\/type-approved-and-well-proven-system\/","og_site_name":"Armrest System","article_modified_time":"2019-03-13T09:30:05+00:00","twitter_card":"summary_large_image","twitter_misc":{"Ber\u00e4knad l\u00e4stid":"6 minuter"},"schema":{"@context":"https:\/\/schema.org","@graph":[{"@type":"WebPage","@id":"https:\/\/armrest-systems.com\/oe-oem\/type-approved-and-well-proven-system\/","url":"https:\/\/armrest-systems.com\/oe-oem\/type-approved-and-well-proven-system\/","name":"Typgodk\u00e4nt och v\u00e4lbepr\u00f6vat system - Armrest System","isPartOf":{"@id":"https:\/\/armrest-systems.com\/#website"},"datePublished":"2019-02-11T12:19:32+00:00","dateModified":"2019-03-13T09:30:05+00:00","breadcrumb":{"@id":"https:\/\/armrest-systems.com\/oe-oem\/type-approved-and-well-proven-system\/#breadcrumb"},"inLanguage":"sv-SE","potentialAction":[{"@type":"ReadAction","target":["https:\/\/armrest-systems.com\/oe-oem\/type-approved-and-well-proven-system\/"]}]},{"@type":"BreadcrumbList","@id":"https:\/\/armrest-systems.com\/oe-oem\/type-approved-and-well-proven-system\/#breadcrumb","itemListElement":[{"@type":"ListItem","position":1,"name":"Hem","item":"https:\/\/armrest-systems.com\/sv\/"},{"@type":"ListItem","position":2,"name":"OE\/OEM","item":"https:\/\/armrest-systems.com\/sv\/oe-oem\/"},{"@type":"ListItem","position":3,"name":"Typgodk\u00e4nt och v\u00e4lbepr\u00f6vat system"}]},{"@type":"WebSite","@id":"https:\/\/armrest-systems.com\/#website","url":"https:\/\/armrest-systems.com\/","name":"Armrest System","description":"Armrests - Ergonomy - Quality - Perfect interior match","potentialAction":[{"@type":"SearchAction","target":{"@type":"EntryPoint","urlTemplate":"https:\/\/armrest-systems.com\/?s={search_term_string}"},"query-input":{"@type":"PropertyValueSpecification","valueRequired":true,"valueName":"search_term_string"}}],"inLanguage":"sv-SE"}]}},"_links":{"self":[{"href":"https:\/\/armrest-systems.com\/sv\/wp-json\/wp\/v2\/pages\/2527","targetHints":{"allow":["GET"]}}],"collection":[{"href":"https:\/\/armrest-systems.com\/sv\/wp-json\/wp\/v2\/pages"}],"about":[{"href":"https:\/\/armrest-systems.com\/sv\/wp-json\/wp\/v2\/types\/page"}],"author":[{"embeddable":true,"href":"https:\/\/armrest-systems.com\/sv\/wp-json\/wp\/v2\/users\/1"}],"replies":[{"embeddable":true,"href":"https:\/\/armrest-systems.com\/sv\/wp-json\/wp\/v2\/comments?post=2527"}],"version-history":[{"count":14,"href":"https:\/\/armrest-systems.com\/sv\/wp-json\/wp\/v2\/pages\/2527\/revisions"}],"predecessor-version":[{"id":3384,"href":"https:\/\/armrest-systems.com\/sv\/wp-json\/wp\/v2\/pages\/2527\/revisions\/3384"}],"up":[{"embeddable":true,"href":"https:\/\/armrest-systems.com\/sv\/wp-json\/wp\/v2\/pages\/2510"}],"wp:attachment":[{"href":"https:\/\/armrest-systems.com\/sv\/wp-json\/wp\/v2\/media?parent=2527"}],"curies":[{"name":"wp","href":"https:\/\/api.w.org\/{rel}","templated":true}]}}