{"id":2524,"date":"2019-02-11T12:18:07","date_gmt":"2019-02-11T12:18:07","guid":{"rendered":"https:\/\/ny.armrest-systems.com\/?page_id=2524"},"modified":"2019-05-24T08:51:45","modified_gmt":"2019-05-24T08:51:45","slug":"varfor-valja-comfort","status":"publish","type":"page","link":"https:\/\/armrest-systems.com\/sv\/oe-oem\/varfor-valja-comfort\/","title":{"rendered":"Varf\u00f6r v\u00e4lja Comfort"},"content":{"rendered":"<p>[et_pb_section fb_built=&#8221;1&#8243; _builder_version=&#8221;3.22.3&#8243; custom_padding=&#8221;40px|0px|40px|0px|false|false&#8221;][et_pb_row custom_padding=&#8221;0|0px|0|0px|false|false&#8221; _builder_version=&#8221;3.22.3&#8243;][et_pb_column type=&#8221;4_4&#8243; _builder_version=&#8221;3.19.9&#8243;][et_pb_text _builder_version=&#8221;3.19.9&#8243; text_font=&#8221;||||||||&#8221; text_orientation=&#8221;center&#8221;]<\/p>\n<h1>Varf\u00f6r v\u00e4lja\u00a0<span style=\"color: #ce1519;\">C<\/span>omfort?<\/h1>\n<p>[\/et_pb_text][\/et_pb_column][\/et_pb_row][et_pb_row use_custom_gutter=&#8221;on&#8221; gutter_width=&#8221;2&#8243; custom_padding=&#8221;17px|0px|27px|0px|false|false&#8221; _builder_version=&#8221;3.22.3&#8243; custom_css_main_element=&#8221;height: 165px;||overflow: hidden;&#8221;][et_pb_column type=&#8221;1_4&#8243; _builder_version=&#8221;3.19.9&#8243;][et_pb_image src=&#8221;http:\/\/armrest-systems.com\/wp-content\/uploads\/2019\/03\/Sydmeko0960-min-1-e1551788676294.jpg&#8221; show_in_lightbox=&#8221;on&#8221; _builder_version=&#8221;3.19.18&#8243;][\/et_pb_image][\/et_pb_column][et_pb_column type=&#8221;1_4&#8243; _builder_version=&#8221;3.19.9&#8243;][et_pb_image src=&#8221;http:\/\/armrest-systems.com\/wp-content\/uploads\/2019\/02\/bild_3.jpg&#8221; show_in_lightbox=&#8221;on&#8221; _builder_version=&#8221;3.19.9&#8243;][\/et_pb_image][\/et_pb_column][et_pb_column type=&#8221;1_4&#8243; _builder_version=&#8221;3.19.9&#8243;][et_pb_image src=&#8221;http:\/\/armrest-systems.com\/wp-content\/uploads\/2019\/02\/bild_1.jpg&#8221; show_in_lightbox=&#8221;on&#8221; _builder_version=&#8221;3.19.9&#8243;][\/et_pb_image][\/et_pb_column][et_pb_column type=&#8221;1_4&#8243; _builder_version=&#8221;3.19.9&#8243;][et_pb_image src=&#8221;http:\/\/armrest-systems.com\/wp-content\/uploads\/2019\/02\/showThumb-7.jpeg&#8221; show_in_lightbox=&#8221;on&#8221; _builder_version=&#8221;3.19.18&#8243;][\/et_pb_image][\/et_pb_column][\/et_pb_row][et_pb_row _builder_version=&#8221;3.22.3&#8243;][et_pb_column type=&#8221;4_4&#8243; _builder_version=&#8221;3.19.9&#8243;][et_pb_text _builder_version=&#8221;3.19.9&#8243; text_font=&#8221;||||||||&#8221; text_orientation=&#8221;justified&#8221;]<\/p>\n<p>N\u00e4r ni\u00a0v\u00e4ljer Comfort Armrest System\u00ae, tar vi fram en bilunik adapter som passar till alla v\u00e5ra armst\u00f6dsmodeller. P\u00e5 detta s\u00e4tt blir det inga investeringskostnader i verktyg. Adaptern tas fram p\u00e5 en vecka, vilket ger l\u00e5ga utvecklingskostnader och en kort startstr\u00e4cka g\u00e4llande produktlanseringen hos er.<\/p>\n<p>V\u00e5ra armst\u00f6d tillverkas av h\u00f6g kvalitet p\u00e5 ett h\u00e5llbart s\u00e4tt i enlighet med ISO 9001:2015 och ISO 14001:2015. De \u00e4r T\u00dcV-godk\u00e4nda, v\u00e4l bepr\u00f6vade och matchar bilens interi\u00f6r perfekt. P\u00e5 f\u00f6rfr\u00e5gan utvecklar vi special editions med kundanpassade f\u00e4rger och material \u00e4ven vid mindre serier (min 100 st).<\/p>\n<p>[\/et_pb_text][\/et_pb_column][\/et_pb_row][et_pb_row custom_padding=&#8221;0|0px|0|0px|false|false&#8221; _builder_version=&#8221;3.22.3&#8243;][et_pb_column type=&#8221;1_2&#8243; _builder_version=&#8221;3.19.9&#8243;][et_pb_text _builder_version=&#8221;3.19.18&#8243;]<\/p>\n<h4>Made in Sweden<\/h4>\n<ul>\n<li>H\u00f6gkvalitativa material<\/li>\n<li>Armst\u00f6dschassi och adapter f\u00e4sten i st\u00e5l<\/li>\n<li>Tilltalande design<\/li>\n<\/ul>\n<h4>Fokus p\u00e5 ergonomi<\/h4>\n<ul>\n<li>Armst\u00f6det monteras p\u00e5 stolen och f\u00f6ljer stolens inst\u00e4llningar<\/li>\n<li>Ger alla \u2013 oavsett l\u00e4ngd \u2013 en sk\u00f6nare bilf\u00e4rd<\/li>\n<li>Enkel &amp; stabil montering med ett professionellt slutresultat<\/li>\n<\/ul>\n<p>[\/et_pb_text][et_pb_image src=&#8221;http:\/\/armrest-systems.com\/wp-content\/uploads\/2019\/02\/Ska\u0308rmavbild-2019-02-11-kl.-13.43.57.png&#8221; url=&#8221;http:\/\/armrest-systems.com\/wp-content\/uploads\/2017\/08\/comfort-flyer-09.pdf&#8221; url_new_window=&#8221;on&#8221; _builder_version=&#8221;3.19.9&#8243;][\/et_pb_image][et_pb_text _builder_version=&#8221;3.19.9&#8243;]<\/p>\n<p><a href=\"http:\/\/armrest-systems.com\/wp-content\/uploads\/2017\/08\/comfort-flyer-09.pdf\" target=\"_blank\" rel=\"noopener noreferrer\">Broschyr &#8211; OE \/ OEM \/ OES<\/a><\/p>\n<p>[\/et_pb_text][\/et_pb_column][et_pb_column type=&#8221;1_2&#8243; _builder_version=&#8221;3.19.9&#8243;][et_pb_text _builder_version=&#8221;3.19.18&#8243; custom_margin=&#8221;||0px&#8221;]<\/p>\n<h4>Kundfokus<\/h4>\n<ul>\n<li>Vi har h\u00f6g branschk\u00e4nnedom och l\u00e5ng erfarenhet av OE\/OEM kunder<\/li>\n<li>Vi har korta svarstider<\/li>\n<li>Vi \u00e4r flexibla och levererar i tid<\/li>\n<\/ul>\n<p>[\/et_pb_text][et_pb_image src=&#8221;http:\/\/armrest-systems.com\/wp-content\/uploads\/2018\/07\/armrest_mont.jpg&#8221; show_in_lightbox=&#8221;on&#8221; _builder_version=&#8221;3.19.18&#8243;][\/et_pb_image][et_pb_text _builder_version=&#8221;3.19.18&#8243;]<\/p>\n<h4>Carry-Over system<\/h4>\n<ul>\n<li>Kostnadseffektivt &#8211; kr\u00e4ver <strong>inga<\/strong> verktygskostnader f\u00f6r att komma ig\u00e5ng<\/li>\n<li>Befintliga armst\u00f6d kundanpassas i r\u00e4tt f\u00e4rg och utf\u00f6rande<\/li>\n<li>1 veckas utvecklingstid f\u00f6r ett nytt adapterf\u00e4ste<\/li>\n<\/ul>\n<p>[\/et_pb_text][\/et_pb_column][\/et_pb_row][\/et_pb_section][et_pb_section fb_built=&#8221;1&#8243; module_class=&#8221;footer&#8221; _builder_version=&#8221;3.22.3&#8243; background_color=&#8221;#C61518&#8243; custom_padding=&#8221;50px|0px|31px|0px|false|false&#8221; global_module=&#8221;481&#8243; saved_tabs=&#8221;all&#8221;][et_pb_row use_custom_gutter=&#8221;on&#8221; gutter_width=&#8221;2&#8243; module_class=&#8221; et_pb_row_fullwidth&#8221; _builder_version=&#8221;3.22.3&#8243; width=&#8221;94%&#8221; width_tablet=&#8221;80%&#8221; width_last_edited=&#8221;on|desktop&#8221; max_width=&#8221;94%&#8221; max_width_tablet=&#8221;80%&#8221; max_width_last_edited=&#8221;on|desktop&#8221; make_fullwidth=&#8221;on&#8221;][et_pb_column type=&#8221;1_6&#8243; _builder_version=&#8221;3.0.47&#8243;][et_pb_text _builder_version=&#8221;3.22.3&#8243; text_font=&#8221;||||||||&#8221; background_layout=&#8221;dark&#8221;]<\/p>\n<ul>\n<li><span style=\"color: #ffffff;\"><a style=\"color: #ffffff;\" href=\"https:\/\/armrest-systems.com\/sv\/produkter\/produkter\/\">Produkter<\/a><\/span><\/li>\n<li><span style=\"color: #ffffff;\"><a style=\"color: #ffffff;\" href=\"https:\/\/armrest-systems.com\/sv\/produkter\/sa-funkar-comfort\/\">S\u00e5 funkar Comfort<\/a><\/span><\/li>\n<li><span style=\"color: #ffffff;\"><a style=\"color: #ffffff;\" href=\"https:\/\/armrest-systems.com\/sv\/produkter\/galleri\/\">Galleri<\/a><\/span><\/li>\n<li><span style=\"color: #ffffff;\"><a style=\"color: #ffffff;\" href=\"https:\/\/armrest-systems.com\/sv\/produkter\/markesinfo\/\">M\u00e4rkesinfo<\/a><\/span><\/li>\n<li><span style=\"color: #ffffff;\"><a style=\"color: #ffffff;\" href=\"https:\/\/armrest-systems.com\/sv\/produkter\/af-distributorer\">\u00c5F \/ Distribut\u00f6rer<\/a><\/span><\/li>\n<li><a href=\"https:\/\/armrest-systems.com\/sv\/produkter\/bli-af-distributor\"><span style=\"color: #ffffff;\">Bli \u00c5F \/ Distribut\u00f6r<\/span><\/a><\/li>\n<\/ul>\n<p>[\/et_pb_text][\/et_pb_column][et_pb_column type=&#8221;1_6&#8243; _builder_version=&#8221;3.0.47&#8243;][et_pb_text _builder_version=&#8221;3.22.3&#8243; text_font=&#8221;||||||||&#8221; background_layout=&#8221;dark&#8221;]<\/p>\n<ul>\n<li><span style=\"color: #ffffff;\"><a style=\"color: #ffffff;\" href=\"https:\/\/armrest-systems.com\/sv\/oe-oem\/varfor-valja-comfort\/\">Varf\u00f6r v\u00e4lja Comfort?<\/a><\/span><\/li>\n<li><span style=\"color: #ffffff;\"><a style=\"color: #ffffff;\" href=\"https:\/\/armrest-systems.com\/sv\/oe-oem\/typgodkant-och-valbeprovat-system\/\">Typgodk\u00e4nt och v\u00e4lbepr\u00f6vat system<\/a><\/span><\/li>\n<li><span style=\"color: #ffffff;\"><a style=\"color: #ffffff;\" href=\"https:\/\/armrest-systems.com\/sv\/oe-oem\/carry-over-system\/\">Carry-Over system<\/a><\/span><\/li>\n<li><span style=\"color: #ffffff;\"><a style=\"color: #ffffff;\" href=\"https:\/\/armrest-systems.com\/sv\/oe-oem\/comfort-som-originaltillbehor\/\">Comfort som originaltillbeh\u00f6r<\/a><\/span><\/li>\n<li><span style=\"color: #ffffff;\"><a style=\"color: #ffffff;\" href=\"https:\/\/armrest-systems.com\/sv\/produkter\/sa-funkar-comfort\/special-anpassningar\/\">Specialanpassningar<\/a><\/span><\/li>\n<li><span style=\"color: #ffffff;\"><a style=\"color: #ffffff;\" href=\"https:\/\/armrest-systems.com\/sv\/oe-oem\/kvalitet-och-miljo\/\">Kvalitet och Milj\u00f6<\/a><\/span><\/li>\n<li><span style=\"color: #ffffff;\"><a style=\"color: #ffffff;\" href=\"https:\/\/armrest-systems.com\/sv\/support\/garantier\/\">Garantier<\/a><\/span><\/li>\n<li><span style=\"color: #ffffff;\"><a style=\"color: #ffffff;\" href=\"https:\/\/armrest-systems.com\/sv\/oe-oem\/vara-partners\/\">V\u00e5ra partners<\/a><\/span><\/li>\n<li><span style=\"color: #ffffff;\"><a style=\"color: #ffffff;\" href=\"https:\/\/armrest-systems.com\/sv\/oe-oem\/referenskunder\/\">Referenskunder<\/a><\/span><\/li>\n<\/ul>\n<p>[\/et_pb_text][\/et_pb_column][et_pb_column type=&#8221;1_6&#8243; _builder_version=&#8221;3.0.47&#8243;][et_pb_text _builder_version=&#8221;3.22.3&#8243; text_font=&#8221;||||||||&#8221; background_layout=&#8221;dark&#8221;]<\/p>\n<ul>\n<li><span style=\"color: #ffffff;\"><a style=\"color: #ffffff;\" href=\"https:\/\/armrest-systems.com\/sv\/om-comfort\/historien-om-comfort\/\">Historien om Comfort<\/a><\/span><\/li>\n<li><span style=\"color: #ffffff;\"><a style=\"color: #ffffff;\" href=\"https:\/\/armrest-systems.com\/sv\/om-comfort\/varfor-comfort\/\">Varf\u00f6r Comfort<\/a><\/span><\/li>\n<li><span style=\"color: #ffffff;\"><a style=\"color: #ffffff;\" href=\"https:\/\/armrest-systems.com\/sv\/om-comfort\/typgodkant-system\/\">Typgodk\u00e4nt system<\/a><\/span><\/li>\n<\/ul>\n<p>[\/et_pb_text][\/et_pb_column][et_pb_column type=&#8221;1_6&#8243; _builder_version=&#8221;3.0.47&#8243;][et_pb_text _builder_version=&#8221;3.22.3&#8243; text_font=&#8221;||||||||&#8221; background_layout=&#8221;dark&#8221;]<\/p>\n<ul>\n<li><span style=\"color: #ffffff;\"><a style=\"color: #ffffff;\" href=\"https:\/\/armrest-systems.com\/sv\/support\/downloads-videos\/\">Downloads \/ Videos<\/a><\/span><\/li>\n<li><a href=\"https:\/\/armrest-systems.com\/sv\/support\/garantier\/\"><span style=\"color: #ffffff;\">Garantier<\/span><\/a><\/li>\n<li><span style=\"color: #ffffff;\"><a style=\"color: #ffffff;\" href=\"https:\/\/armrest-systems.com\/sv\/support\/sales-promotion\/\">Sales Promotion<\/a><\/span><\/li>\n<li><span style=\"color: #ffffff;\"><a style=\"color: #ffffff;\" href=\"https:\/\/armrest-systems.com\/sv\/support\/faq\/\">FAQ<\/a><\/span><\/li>\n<li><span style=\"color: #ffffff;\"><a style=\"color: #ffffff;\" href=\"https:\/\/armrest-systems.com\/sv\/support\/ordlista\/\">Ordlista<\/a><\/span><\/li>\n<\/ul>\n<p>[\/et_pb_text][\/et_pb_column][et_pb_column type=&#8221;1_6&#8243; _builder_version=&#8221;3.0.47&#8243;][et_pb_text _builder_version=&#8221;3.22.3&#8243; text_font=&#8221;||||||||&#8221; background_layout=&#8221;dark&#8221;]<\/p>\n<ul>\n<li><span style=\"color: #ffffff;\"><a style=\"color: #ffffff;\" href=\"https:\/\/armrest-systems.com\/sv\/om-oss\/foretaget\/\">F\u00f6retaget<\/a><\/span><\/li>\n<li><span style=\"color: #ffffff;\"><a style=\"color: #ffffff;\" href=\"https:\/\/armrest-systems.com\/sv\/om-oss\/kontakta-oss\/\">Kontakta oss<\/a><\/span><\/li>\n<li><span style=\"color: #ffffff;\"><a style=\"color: #ffffff;\" href=\"https:\/\/armrest-systems.com\/sv\/om-oss\/gdpr\/\">GDPR<\/a><\/span><\/li>\n<li><span style=\"color: #ffffff;\"><a style=\"color: #ffffff;\" href=\"https:\/\/armrest-systems.com\/sv\/om-oss\/vara-policies\/\">V\u00e5ra policies<\/a><\/span><\/li>\n<\/ul>\n<p>[\/et_pb_text][\/et_pb_column][et_pb_column type=&#8221;1_6&#8243; _builder_version=&#8221;3.0.47&#8243;][et_pb_text _builder_version=&#8221;3.21&#8243; text_font=&#8221;||||||||&#8221; header_font=&#8221;||||||||&#8221; header_3_font=&#8221;||||||||&#8221; header_3_font_size=&#8221;30px&#8221; background_layout=&#8221;dark&#8221; custom_margin=&#8221;|||-10px&#8221; custom_margin_phone=&#8221;|||0px&#8221; custom_margin_last_edited=&#8221;on|phone&#8221;]<\/p>\n<h3>Kontakt<\/h3>\n<ul>\n<li>Sydmeko Industri AB<\/li>\n<li>Santessonsv\u00e4g 3<\/li>\n<li>SE-232 61 Arl\u00f6v, Sweden<\/li>\n<li>Tel: +46 (0)40-836 40<\/li>\n<li>E-mail:\u00a0<a href=\"mailto:office@sydmeko.se\"><span style=\"color: #ffffff;\">office@sydmeko.se<\/span><\/a><\/li>\n<\/ul>\n<p>[\/et_pb_text][et_pb_social_media_follow _builder_version=&#8221;3.21&#8243; custom_margin=&#8221;||0px|-10px&#8221; custom_margin_phone=&#8221;|||0px&#8221; custom_margin_last_edited=&#8221;on|phone&#8221;][et_pb_social_media_follow_network social_network=&#8221;facebook&#8221; url=&#8221;https:\/\/www.facebook.com\/ComfortArmrestSystem\/&#8221; _builder_version=&#8221;3.0.105&#8243; background_color=&#8221;#3b5998&#8243; follow_button=&#8221;off&#8221; url_new_window=&#8221;on&#8221;]facebook[\/et_pb_social_media_follow_network][et_pb_social_media_follow_network social_network=&#8221;linkedin&#8221; url=&#8221;https:\/\/www.linkedin.com\/company\/sydmeko-industri-ab\/&#8221; _builder_version=&#8221;3.0.105&#8243; background_color=&#8221;#007bb6&#8243; follow_button=&#8221;off&#8221; url_new_window=&#8221;on&#8221;]linkedin[\/et_pb_social_media_follow_network][et_pb_social_media_follow_network social_network=&#8221;youtube&#8221; url=&#8221;https:\/\/www.youtube.com\/channel\/UC_1pCEvp1qKDnhaIabI1KsA&#8221; _builder_version=&#8221;3.0.105&#8243; background_color=&#8221;#a82400&#8243; follow_button=&#8221;off&#8221; url_new_window=&#8221;on&#8221;]youtube[\/et_pb_social_media_follow_network][\/et_pb_social_media_follow][\/et_pb_column][\/et_pb_row][\/et_pb_section]<\/p>\n","protected":false},"excerpt":{"rendered":"<p>Varf\u00f6r v\u00e4lja\u00a0Comfort?N\u00e4r ni\u00a0v\u00e4ljer Comfort Armrest System\u00ae, tar vi fram en bilunik adapter som passar till alla v\u00e5ra armst\u00f6dsmodeller. P\u00e5 detta s\u00e4tt blir det inga investeringskostnader i verktyg. Adaptern tas fram p\u00e5 en vecka, vilket ger l\u00e5ga utvecklingskostnader och en kort startstr\u00e4cka g\u00e4llande produktlanseringen hos er. V\u00e5ra armst\u00f6d tillverkas av h\u00f6g kvalitet p\u00e5 ett h\u00e5llbart s\u00e4tt [&hellip;]<\/p>\n","protected":false},"author":1,"featured_media":0,"parent":2510,"menu_order":0,"comment_status":"closed","ping_status":"open","template":"","meta":{"_et_pb_use_builder":"on","_et_pb_old_content":"","_et_gb_content_width":"","footnotes":""},"class_list":["post-2524","page","type-page","status-publish","hentry"],"yoast_head":"<!-- This site is optimized with the Yoast SEO plugin v27.3 - https:\/\/yoast.com\/product\/yoast-seo-wordpress\/ -->\n<title>Varf\u00f6r v\u00e4lja Comfort - Armrest System<\/title>\n<meta name=\"robots\" content=\"index, follow, max-snippet:-1, max-image-preview:large, max-video-preview:-1\" \/>\n<link rel=\"canonical\" href=\"https:\/\/armrest-systems.com\/sv\/oe-oem\/varfor-valja-comfort\/\" \/>\n<meta property=\"og:locale\" content=\"sv_SE\" \/>\n<meta property=\"og:type\" content=\"article\" \/>\n<meta property=\"og:title\" content=\"Varf\u00f6r v\u00e4lja Comfort - Armrest System\" \/>\n<meta property=\"og:description\" content=\"Varf\u00f6r v\u00e4lja\u00a0Comfort?N\u00e4r ni\u00a0v\u00e4ljer Comfort Armrest System\u00ae, tar vi fram en bilunik adapter som passar till alla v\u00e5ra armst\u00f6dsmodeller. P\u00e5 detta s\u00e4tt blir det inga investeringskostnader i verktyg. Adaptern tas fram p\u00e5 en vecka, vilket ger l\u00e5ga utvecklingskostnader och en kort startstr\u00e4cka g\u00e4llande produktlanseringen hos er. V\u00e5ra armst\u00f6d tillverkas av h\u00f6g kvalitet p\u00e5 ett h\u00e5llbart s\u00e4tt [&hellip;]\" \/>\n<meta property=\"og:url\" content=\"https:\/\/armrest-systems.com\/sv\/oe-oem\/varfor-valja-comfort\/\" \/>\n<meta property=\"og:site_name\" content=\"Armrest System\" \/>\n<meta property=\"article:modified_time\" content=\"2019-05-24T08:51:45+00:00\" \/>\n<meta name=\"twitter:card\" content=\"summary_large_image\" \/>\n<meta name=\"twitter:label1\" content=\"Ber\u00e4knad l\u00e4stid\" \/>\n\t<meta name=\"twitter:data1\" content=\"5 minuter\" \/>\n<script type=\"application\/ld+json\" class=\"yoast-schema-graph\">{\"@context\":\"https:\\\/\\\/schema.org\",\"@graph\":[{\"@type\":\"WebPage\",\"@id\":\"https:\\\/\\\/armrest-systems.com\\\/sv\\\/oe-oem\\\/varfor-valja-comfort\\\/\",\"url\":\"https:\\\/\\\/armrest-systems.com\\\/sv\\\/oe-oem\\\/varfor-valja-comfort\\\/\",\"name\":\"Varf\u00f6r v\u00e4lja Comfort - Armrest System\",\"isPartOf\":{\"@id\":\"https:\\\/\\\/armrest-systems.com\\\/#website\"},\"datePublished\":\"2019-02-11T12:18:07+00:00\",\"dateModified\":\"2019-05-24T08:51:45+00:00\",\"breadcrumb\":{\"@id\":\"https:\\\/\\\/armrest-systems.com\\\/sv\\\/oe-oem\\\/varfor-valja-comfort\\\/#breadcrumb\"},\"inLanguage\":\"sv-SE\",\"potentialAction\":[{\"@type\":\"ReadAction\",\"target\":[\"https:\\\/\\\/armrest-systems.com\\\/sv\\\/oe-oem\\\/varfor-valja-comfort\\\/\"]}]},{\"@type\":\"BreadcrumbList\",\"@id\":\"https:\\\/\\\/armrest-systems.com\\\/sv\\\/oe-oem\\\/varfor-valja-comfort\\\/#breadcrumb\",\"itemListElement\":[{\"@type\":\"ListItem\",\"position\":1,\"name\":\"Hem\",\"item\":\"https:\\\/\\\/armrest-systems.com\\\/sv\\\/\"},{\"@type\":\"ListItem\",\"position\":2,\"name\":\"OE\\\/OEM\",\"item\":\"https:\\\/\\\/armrest-systems.com\\\/sv\\\/oe-oem\\\/\"},{\"@type\":\"ListItem\",\"position\":3,\"name\":\"Varf\u00f6r v\u00e4lja Comfort\"}]},{\"@type\":\"WebSite\",\"@id\":\"https:\\\/\\\/armrest-systems.com\\\/#website\",\"url\":\"https:\\\/\\\/armrest-systems.com\\\/\",\"name\":\"Armrest System\",\"description\":\"Armrests - Ergonomy - Quality - Perfect interior match\",\"potentialAction\":[{\"@type\":\"SearchAction\",\"target\":{\"@type\":\"EntryPoint\",\"urlTemplate\":\"https:\\\/\\\/armrest-systems.com\\\/?s={search_term_string}\"},\"query-input\":{\"@type\":\"PropertyValueSpecification\",\"valueRequired\":true,\"valueName\":\"search_term_string\"}}],\"inLanguage\":\"sv-SE\"}]}<\/script>\n<!-- \/ Yoast SEO plugin. -->","yoast_head_json":{"title":"Varf\u00f6r v\u00e4lja Comfort - Armrest System","robots":{"index":"index","follow":"follow","max-snippet":"max-snippet:-1","max-image-preview":"max-image-preview:large","max-video-preview":"max-video-preview:-1"},"canonical":"https:\/\/armrest-systems.com\/sv\/oe-oem\/varfor-valja-comfort\/","og_locale":"sv_SE","og_type":"article","og_title":"Varf\u00f6r v\u00e4lja Comfort - Armrest System","og_description":"Varf\u00f6r v\u00e4lja\u00a0Comfort?N\u00e4r ni\u00a0v\u00e4ljer Comfort Armrest System\u00ae, tar vi fram en bilunik adapter som passar till alla v\u00e5ra armst\u00f6dsmodeller. P\u00e5 detta s\u00e4tt blir det inga investeringskostnader i verktyg. Adaptern tas fram p\u00e5 en vecka, vilket ger l\u00e5ga utvecklingskostnader och en kort startstr\u00e4cka g\u00e4llande produktlanseringen hos er. V\u00e5ra armst\u00f6d tillverkas av h\u00f6g kvalitet p\u00e5 ett h\u00e5llbart s\u00e4tt [&hellip;]","og_url":"https:\/\/armrest-systems.com\/sv\/oe-oem\/varfor-valja-comfort\/","og_site_name":"Armrest System","article_modified_time":"2019-05-24T08:51:45+00:00","twitter_card":"summary_large_image","twitter_misc":{"Ber\u00e4knad l\u00e4stid":"5 minuter"},"schema":{"@context":"https:\/\/schema.org","@graph":[{"@type":"WebPage","@id":"https:\/\/armrest-systems.com\/sv\/oe-oem\/varfor-valja-comfort\/","url":"https:\/\/armrest-systems.com\/sv\/oe-oem\/varfor-valja-comfort\/","name":"Varf\u00f6r v\u00e4lja Comfort - Armrest System","isPartOf":{"@id":"https:\/\/armrest-systems.com\/#website"},"datePublished":"2019-02-11T12:18:07+00:00","dateModified":"2019-05-24T08:51:45+00:00","breadcrumb":{"@id":"https:\/\/armrest-systems.com\/sv\/oe-oem\/varfor-valja-comfort\/#breadcrumb"},"inLanguage":"sv-SE","potentialAction":[{"@type":"ReadAction","target":["https:\/\/armrest-systems.com\/sv\/oe-oem\/varfor-valja-comfort\/"]}]},{"@type":"BreadcrumbList","@id":"https:\/\/armrest-systems.com\/sv\/oe-oem\/varfor-valja-comfort\/#breadcrumb","itemListElement":[{"@type":"ListItem","position":1,"name":"Hem","item":"https:\/\/armrest-systems.com\/sv\/"},{"@type":"ListItem","position":2,"name":"OE\/OEM","item":"https:\/\/armrest-systems.com\/sv\/oe-oem\/"},{"@type":"ListItem","position":3,"name":"Varf\u00f6r v\u00e4lja Comfort"}]},{"@type":"WebSite","@id":"https:\/\/armrest-systems.com\/#website","url":"https:\/\/armrest-systems.com\/","name":"Armrest System","description":"Armrests - Ergonomy - Quality - Perfect interior match","potentialAction":[{"@type":"SearchAction","target":{"@type":"EntryPoint","urlTemplate":"https:\/\/armrest-systems.com\/?s={search_term_string}"},"query-input":{"@type":"PropertyValueSpecification","valueRequired":true,"valueName":"search_term_string"}}],"inLanguage":"sv-SE"}]}},"_links":{"self":[{"href":"https:\/\/armrest-systems.com\/sv\/wp-json\/wp\/v2\/pages\/2524","targetHints":{"allow":["GET"]}}],"collection":[{"href":"https:\/\/armrest-systems.com\/sv\/wp-json\/wp\/v2\/pages"}],"about":[{"href":"https:\/\/armrest-systems.com\/sv\/wp-json\/wp\/v2\/types\/page"}],"author":[{"embeddable":true,"href":"https:\/\/armrest-systems.com\/sv\/wp-json\/wp\/v2\/users\/1"}],"replies":[{"embeddable":true,"href":"https:\/\/armrest-systems.com\/sv\/wp-json\/wp\/v2\/comments?post=2524"}],"version-history":[{"count":26,"href":"https:\/\/armrest-systems.com\/sv\/wp-json\/wp\/v2\/pages\/2524\/revisions"}],"predecessor-version":[{"id":4182,"href":"https:\/\/armrest-systems.com\/sv\/wp-json\/wp\/v2\/pages\/2524\/revisions\/4182"}],"up":[{"embeddable":true,"href":"https:\/\/armrest-systems.com\/sv\/wp-json\/wp\/v2\/pages\/2510"}],"wp:attachment":[{"href":"https:\/\/armrest-systems.com\/sv\/wp-json\/wp\/v2\/media?parent=2524"}],"curies":[{"name":"wp","href":"https:\/\/api.w.org\/{rel}","templated":true}]}}