{"id":1240,"date":"2018-08-21T08:34:52","date_gmt":"2018-08-21T08:34:52","guid":{"rendered":"https:\/\/ny.armrest-systems.com\/?page_id=1240"},"modified":"2020-01-29T07:43:23","modified_gmt":"2020-01-29T07:43:23","slug":"gdpr","status":"publish","type":"page","link":"https:\/\/armrest-systems.com\/sv\/om-oss\/gdpr\/","title":{"rendered":"GDPR"},"content":{"rendered":"<p>[et_pb_section fb_built=&#8221;1&#8243; admin_label=&#8221;section&#8221; _builder_version=&#8221;3.22&#8243; custom_padding=&#8221;40px|||&#8221;][et_pb_row _builder_version=&#8221;3.25&#8243; custom_padding=&#8221;0px|0px|0px|0px&#8221;][et_pb_column type=&#8221;4_4&#8243; _builder_version=&#8221;3.25&#8243; custom_padding=&#8221;|||&#8221; custom_padding__hover=&#8221;|||&#8221;][et_pb_text _builder_version=&#8221;3.19.9&#8243; text_font=&#8221;||||||||&#8221; text_orientation=&#8221;center&#8221;]<\/p>\n<h1><span style=\"font-size:30px;\">GDPR<\/span><\/h1>\n<p>[\/et_pb_text][\/et_pb_column][\/et_pb_row][et_pb_row admin_label=&#8221;row&#8221; _builder_version=&#8221;3.25&#8243; background_size=&#8221;initial&#8221; background_position=&#8221;top_left&#8221; background_repeat=&#8221;repeat&#8221; custom_padding=&#8221;27px|0px|0px|0px&#8221; column_structure=&#8221;1_2,1_2&#8243;][et_pb_column type=&#8221;1_2&#8243; _builder_version=&#8221;3.25&#8243; custom_padding=&#8221;|||&#8221; custom_padding__hover=&#8221;|||&#8221;][et_pb_text admin_label=&#8221;Text&#8221; _builder_version=&#8221;3.19.9&#8243; text_font=&#8221;||||||||&#8221; background_size=&#8221;initial&#8221; background_position=&#8221;top_left&#8221; background_repeat=&#8221;repeat&#8221; text_orientation=&#8221;justified&#8221;]<\/p>\n<p>Sydmeko Industri AB behandlar de personuppgifter som samlas in via webbplatsen, via blanketter, webbformul\u00e4r mm och som lagras i interna s\u00e4ljst\u00f6dsystem f\u00f6r att kunna hantera en order exempelvis.<\/p>\n<p>De personuppgifter som du l\u00e4mnar till oss i samband med exempelvis givning av feedback p\u00e5 hemsidan eller vid k\u00f6p av v\u00e5ra produkter kan behandlas automatiserat i n\u00e5got av v\u00e5ra datorsystem i enlighet med GDPR.<\/p>\n<p>GDPR \u00e4r den nya Dataskyddsf\u00f6rordningen som g\u00e4ller fr om 25 maj 2018 inom EU.<\/p>\n<p>Syftet med regelverket \u00e4r bland annat att alla personer inom EU ska f\u00e5 samma skydd och r\u00e4ttigheter n\u00e4r personuppgifter behandlas. En viktig del i regelverket \u00e4r att du informeras om behandlingen.<\/p>\n<p><strong>Personuppgiftsansvarig<\/strong><\/p>\n<p>Sydmeko Industri AB \u00e4r personuppgiftsansvarig f\u00f6r behandlingen av de personuppgifter som samlas in via webbplatsen, e-mail, blanketter och webbformul\u00e4r. Om du har fr\u00e5gor g\u00e4llande personuppgiftshanteringen hos oss, v\u00e4nligen kontakta oss p\u00e5<span>\u00a0<\/span><a href=\"mailto:office@sydmeko.se\">office@sydmeko.se<\/a>.<\/p>\n<p><strong>D\u00e4rf\u00f6r behandlas personuppgifterna<\/strong><\/p>\n<p>Sydmeko Industri AB behandlar dina personuppgifter i samband med exempelvis en beg\u00e4ran om prisuppgift eller vid k\u00f6p av produkt f\u00f6r att kunna handl\u00e4gga din beg\u00e4ran p\u00e5 ett effektivt och r\u00e4ttss\u00e4kert s\u00e4tt.<\/p>\n<p><strong>R\u00e4tt att beg\u00e4ra information<\/strong><\/p>\n<p>Du har enligt GDPR r\u00e4tt att en g\u00e5ng per kalender\u00e5r kostnadsfritt\u00a0f\u00e5 skriftligt besked om de personuppgifter som behandlas om dig hos Sydmeko Industri AB.\u00a0Beg\u00e4ran om registerutdrag m\u00e5ste vara skriftlig och undertecknad av dig. Om personuppgifter behandlas har du r\u00e4tt att f\u00e5 skriftlig information.<\/p>\n<p>&nbsp;<\/p>\n<p>[\/et_pb_text][\/et_pb_column][et_pb_column type=&#8221;1_2&#8243; _builder_version=&#8221;3.25&#8243; custom_padding=&#8221;|||&#8221; custom_padding__hover=&#8221;|||&#8221;][et_pb_text admin_label=&#8221;Text&#8221; _builder_version=&#8221;3.19.9&#8243; text_font=&#8221;||||||||&#8221; background_size=&#8221;initial&#8221; background_position=&#8221;top_left&#8221; background_repeat=&#8221;repeat&#8221; text_orientation=&#8221;justified&#8221;]<\/p>\n<p><strong>R\u00e4ttelse<\/strong><\/p>\n<p>Om personuppgifter som r\u00f6r dig \u00e4r felaktiga har du r\u00e4tt att beg\u00e4ra att uppgiften r\u00e4ttas.<\/p>\n<p><strong>Borttag<\/strong><\/p>\n<p>Personuppgifter som r\u00f6r privatkunder rensas en g\u00e5ng per \u00e5r, innan varje \u00e5rsskifte. Om du \u00f6nskar borttag vid annat tillf\u00e4lle, har du r\u00e4tt att beg\u00e4ra att uppgifterna tas bort.<\/p>\n<p><strong>Mottagare av uppgifterna<\/strong><\/p>\n<p>Personuppgifterna kan l\u00e4mnas ut till andra samarbetspartners som har behov av dem i sin verksamhet (exempelvis DHL, Schenker, DSV och andra fraktbolag).<\/p>\n<p><strong>Klagom\u00e5l<\/strong><\/p>\n<p>Om du inte \u00e4r n\u00f6jd med Sydmeko Industri ABs behandling av dina personuppgifter kan klagom\u00e5l l\u00e4mnas till tillsynsmyndigheten Datainspektionen som n\u00e5s p\u00e5:<\/p>\n<p><strong>Telefon<\/strong>: 08 &#8211; 657 61 00<\/p>\n<p><strong>E-post<\/strong>: <a href=\"mailto:datainspektionen@datainspektionen.se\">datainspektionen@datainspektionen.se<\/a><\/p>\n<p><strong>Fax<\/strong>: 08 &#8211; 652 86 52<\/p>\n<p>[\/et_pb_text][et_pb_blurb title=&#8221;Se hela v\u00e5r personuppgiftspolicy&#8221; url=&#8221;http:\/\/armrest-systems.com\/wp-content\/uploads\/2018\/08\/sydmeko-personuppgiftspolicy.pdf&#8221; url_new_window=&#8221;on&#8221; use_icon=&#8221;on&#8221; font_icon=&#8221;%%51%%&#8221; icon_placement=&#8221;left&#8221; content_max_width=&#8221;1100px&#8221; _builder_version=&#8221;3.26.6&#8243;]<\/p>\n<p><a href=\"http:\/\/armrest-systems.com\/wp-content\/uploads\/2020\/01\/sydmeko-personuppgiftspolicy.pdf\" target=\"_blank\" rel=\"noopener noreferrer\">Klicka h\u00e4r<\/a><\/p>\n<p>[\/et_pb_blurb][\/et_pb_column][\/et_pb_row][\/et_pb_section][et_pb_section fb_built=&#8221;1&#8243; module_class=&#8221;footer&#8221; _builder_version=&#8221;3.22.3&#8243; background_color=&#8221;#C61518&#8243; custom_padding=&#8221;50px|0px|31px|0px|false|false&#8221; global_module=&#8221;481&#8243; saved_tabs=&#8221;all&#8221;][et_pb_row column_structure=&#8221;1_6,1_6,1_6,1_6,1_6,1_6&#8243; use_custom_gutter=&#8221;on&#8221; gutter_width=&#8221;2&#8243; module_class=&#8221; et_pb_row_fullwidth&#8221; _builder_version=&#8221;3.25&#8243; width=&#8221;94%&#8221; width_tablet=&#8221;80%&#8221; width_last_edited=&#8221;on|desktop&#8221; max_width=&#8221;94%&#8221; max_width_tablet=&#8221;80%&#8221; max_width_last_edited=&#8221;on|desktop&#8221; make_fullwidth=&#8221;on&#8221;][et_pb_column type=&#8221;1_6&#8243; _builder_version=&#8221;3.25&#8243; custom_padding=&#8221;|||&#8221; custom_padding__hover=&#8221;|||&#8221;][et_pb_text _builder_version=&#8221;3.22.3&#8243; text_font=&#8221;||||||||&#8221; background_layout=&#8221;dark&#8221;]<\/p>\n<ul>\n<li><span style=\"color: #ffffff;\"><a style=\"color: #ffffff;\" href=\"https:\/\/armrest-systems.com\/sv\/produkter\/produkter\/\">Produkter<\/a><\/span><\/li>\n<li><span style=\"color: #ffffff;\"><a style=\"color: #ffffff;\" href=\"https:\/\/armrest-systems.com\/sv\/produkter\/sa-funkar-comfort\/\">S\u00e5 funkar Comfort<\/a><\/span><\/li>\n<li><span style=\"color: #ffffff;\"><a style=\"color: #ffffff;\" href=\"https:\/\/armrest-systems.com\/sv\/produkter\/galleri\/\">Galleri<\/a><\/span><\/li>\n<li><span style=\"color: #ffffff;\"><a style=\"color: #ffffff;\" href=\"https:\/\/armrest-systems.com\/sv\/produkter\/markesinfo\/\">M\u00e4rkesinfo<\/a><\/span><\/li>\n<li><span style=\"color: #ffffff;\"><a style=\"color: #ffffff;\" href=\"https:\/\/armrest-systems.com\/sv\/produkter\/af-distributorer\">\u00c5F \/ Distribut\u00f6rer<\/a><\/span><\/li>\n<li><a href=\"https:\/\/armrest-systems.com\/sv\/produkter\/bli-af-distributor\"><span style=\"color: #ffffff;\">Bli \u00c5F \/ Distribut\u00f6r<\/span><\/a><\/li>\n<\/ul>\n<p>[\/et_pb_text][\/et_pb_column][et_pb_column type=&#8221;1_6&#8243; _builder_version=&#8221;3.25&#8243; custom_padding=&#8221;|||&#8221; custom_padding__hover=&#8221;|||&#8221;][et_pb_text _builder_version=&#8221;3.22.3&#8243; text_font=&#8221;||||||||&#8221; background_layout=&#8221;dark&#8221;]<\/p>\n<ul>\n<li><span style=\"color: #ffffff;\"><a style=\"color: #ffffff;\" href=\"https:\/\/armrest-systems.com\/sv\/oe-oem\/varfor-valja-comfort\/\">Varf\u00f6r v\u00e4lja Comfort?<\/a><\/span><\/li>\n<li><span style=\"color: #ffffff;\"><a style=\"color: #ffffff;\" href=\"https:\/\/armrest-systems.com\/sv\/oe-oem\/typgodkant-och-valbeprovat-system\/\">Typgodk\u00e4nt och v\u00e4lbepr\u00f6vat system<\/a><\/span><\/li>\n<li><span style=\"color: #ffffff;\"><a style=\"color: #ffffff;\" href=\"https:\/\/armrest-systems.com\/sv\/oe-oem\/carry-over-system\/\">Carry-Over system<\/a><\/span><\/li>\n<li><span style=\"color: #ffffff;\"><a style=\"color: #ffffff;\" href=\"https:\/\/armrest-systems.com\/sv\/oe-oem\/comfort-som-originaltillbehor\/\">Comfort som originaltillbeh\u00f6r<\/a><\/span><\/li>\n<li><span style=\"color: #ffffff;\"><a style=\"color: #ffffff;\" href=\"https:\/\/armrest-systems.com\/sv\/produkter\/sa-funkar-comfort\/special-anpassningar\/\">Specialanpassningar<\/a><\/span><\/li>\n<li><span style=\"color: #ffffff;\"><a style=\"color: #ffffff;\" href=\"https:\/\/armrest-systems.com\/sv\/oe-oem\/kvalitet-och-miljo\/\">Kvalitet och Milj\u00f6<\/a><\/span><\/li>\n<li><span style=\"color: #ffffff;\"><a style=\"color: #ffffff;\" href=\"https:\/\/armrest-systems.com\/sv\/support\/garantier\/\">Garantier<\/a><\/span><\/li>\n<li><span style=\"color: #ffffff;\"><a style=\"color: #ffffff;\" href=\"https:\/\/armrest-systems.com\/sv\/oe-oem\/vara-partners\/\">V\u00e5ra partners<\/a><\/span><\/li>\n<li><span style=\"color: #ffffff;\"><a style=\"color: #ffffff;\" href=\"https:\/\/armrest-systems.com\/sv\/oe-oem\/referenskunder\/\">Referenskunder<\/a><\/span><\/li>\n<\/ul>\n<p>[\/et_pb_text][\/et_pb_column][et_pb_column type=&#8221;1_6&#8243; _builder_version=&#8221;3.25&#8243; custom_padding=&#8221;|||&#8221; custom_padding__hover=&#8221;|||&#8221;][et_pb_text _builder_version=&#8221;3.22.3&#8243; text_font=&#8221;||||||||&#8221; background_layout=&#8221;dark&#8221;]<\/p>\n<ul>\n<li><span style=\"color: #ffffff;\"><a style=\"color: #ffffff;\" href=\"https:\/\/armrest-systems.com\/sv\/om-comfort\/historien-om-comfort\/\">Historien om Comfort<\/a><\/span><\/li>\n<li><span style=\"color: #ffffff;\"><a style=\"color: #ffffff;\" href=\"https:\/\/armrest-systems.com\/sv\/om-comfort\/varfor-comfort\/\">Varf\u00f6r Comfort<\/a><\/span><\/li>\n<li><span style=\"color: #ffffff;\"><a style=\"color: #ffffff;\" href=\"https:\/\/armrest-systems.com\/sv\/om-comfort\/typgodkant-system\/\">Typgodk\u00e4nt system<\/a><\/span><\/li>\n<\/ul>\n<p>[\/et_pb_text][\/et_pb_column][et_pb_column type=&#8221;1_6&#8243; _builder_version=&#8221;3.25&#8243; custom_padding=&#8221;|||&#8221; custom_padding__hover=&#8221;|||&#8221;][et_pb_text _builder_version=&#8221;3.22.3&#8243; text_font=&#8221;||||||||&#8221; background_layout=&#8221;dark&#8221;]<\/p>\n<ul>\n<li><span style=\"color: #ffffff;\"><a style=\"color: #ffffff;\" href=\"https:\/\/armrest-systems.com\/sv\/support\/downloads-videos\/\">Downloads \/ Videos<\/a><\/span><\/li>\n<li><a href=\"https:\/\/armrest-systems.com\/sv\/support\/garantier\/\"><span style=\"color: #ffffff;\">Garantier<\/span><\/a><\/li>\n<li><span style=\"color: #ffffff;\"><a style=\"color: #ffffff;\" href=\"https:\/\/armrest-systems.com\/sv\/support\/sales-promotion\/\">Sales Promotion<\/a><\/span><\/li>\n<li><span style=\"color: #ffffff;\"><a style=\"color: #ffffff;\" href=\"https:\/\/armrest-systems.com\/sv\/support\/faq\/\">FAQ<\/a><\/span><\/li>\n<li><span style=\"color: #ffffff;\"><a style=\"color: #ffffff;\" href=\"https:\/\/armrest-systems.com\/sv\/support\/ordlista\/\">Ordlista<\/a><\/span><\/li>\n<\/ul>\n<p>[\/et_pb_text][\/et_pb_column][et_pb_column type=&#8221;1_6&#8243; _builder_version=&#8221;3.25&#8243; custom_padding=&#8221;|||&#8221; custom_padding__hover=&#8221;|||&#8221;][et_pb_text _builder_version=&#8221;3.22.3&#8243; text_font=&#8221;||||||||&#8221; background_layout=&#8221;dark&#8221;]<\/p>\n<ul>\n<li><span style=\"color: #ffffff;\"><a style=\"color: #ffffff;\" href=\"https:\/\/armrest-systems.com\/sv\/om-oss\/foretaget\/\">F\u00f6retaget<\/a><\/span><\/li>\n<li><span style=\"color: #ffffff;\"><a style=\"color: #ffffff;\" href=\"https:\/\/armrest-systems.com\/sv\/om-oss\/kontakta-oss\/\">Kontakta oss<\/a><\/span><\/li>\n<li><span style=\"color: #ffffff;\"><a style=\"color: #ffffff;\" href=\"https:\/\/armrest-systems.com\/sv\/om-oss\/gdpr\/\">GDPR<\/a><\/span><\/li>\n<li><span style=\"color: #ffffff;\"><a style=\"color: #ffffff;\" href=\"https:\/\/armrest-systems.com\/sv\/om-oss\/vara-policies\/\">V\u00e5ra policies<\/a><\/span><\/li>\n<\/ul>\n<p>[\/et_pb_text][\/et_pb_column][et_pb_column type=&#8221;1_6&#8243; _builder_version=&#8221;3.25&#8243; custom_padding=&#8221;|||&#8221; custom_padding__hover=&#8221;|||&#8221;][et_pb_text _builder_version=&#8221;3.21&#8243; text_font=&#8221;||||||||&#8221; header_font=&#8221;||||||||&#8221; header_3_font=&#8221;||||||||&#8221; header_3_font_size=&#8221;30px&#8221; background_layout=&#8221;dark&#8221; custom_margin=&#8221;|||-10px&#8221; custom_margin_phone=&#8221;|||0px&#8221; custom_margin_last_edited=&#8221;on|phone&#8221;]<\/p>\n<h3>Kontakt<\/h3>\n<ul>\n<li>Sydmeko Industri AB<\/li>\n<li>Santessonsv\u00e4g 3<\/li>\n<li>SE-232 61 Arl\u00f6v, Sweden<\/li>\n<li>Tel: +46 (0)40-836 40<\/li>\n<li>E-mail:\u00a0<a href=\"mailto:office@sydmeko.se\"><span style=\"color: #ffffff;\">office@sydmeko.se<\/span><\/a><\/li>\n<\/ul>\n<p>[\/et_pb_text][et_pb_social_media_follow _builder_version=&#8221;3.21&#8243; custom_margin=&#8221;||0px|-10px&#8221; custom_margin_phone=&#8221;|||0px&#8221; custom_margin_last_edited=&#8221;on|phone&#8221;][et_pb_social_media_follow_network social_network=&#8221;facebook&#8221; url=&#8221;https:\/\/www.facebook.com\/ComfortArmrestSystem\/&#8221; _builder_version=&#8221;3.0.105&#8243; background_color=&#8221;#3b5998&#8243; follow_button=&#8221;off&#8221; url_new_window=&#8221;on&#8221;]facebook[\/et_pb_social_media_follow_network][et_pb_social_media_follow_network social_network=&#8221;linkedin&#8221; url=&#8221;https:\/\/www.linkedin.com\/company\/sydmeko-industri-ab\/&#8221; _builder_version=&#8221;3.0.105&#8243; background_color=&#8221;#007bb6&#8243; follow_button=&#8221;off&#8221; url_new_window=&#8221;on&#8221;]linkedin[\/et_pb_social_media_follow_network][et_pb_social_media_follow_network social_network=&#8221;youtube&#8221; url=&#8221;https:\/\/www.youtube.com\/channel\/UC_1pCEvp1qKDnhaIabI1KsA&#8221; _builder_version=&#8221;3.0.105&#8243; background_color=&#8221;#a82400&#8243; follow_button=&#8221;off&#8221; url_new_window=&#8221;on&#8221;]youtube[\/et_pb_social_media_follow_network][\/et_pb_social_media_follow][\/et_pb_column][\/et_pb_row][\/et_pb_section]<\/p>\n","protected":false},"excerpt":{"rendered":"<p>GDPRSydmeko Industri AB behandlar de personuppgifter som samlas in via webbplatsen, via blanketter, webbformul\u00e4r mm och som lagras i interna s\u00e4ljst\u00f6dsystem f\u00f6r att kunna hantera en order exempelvis. De personuppgifter som du l\u00e4mnar till oss i samband med exempelvis givning av feedback p\u00e5 hemsidan eller vid k\u00f6p av v\u00e5ra produkter kan behandlas automatiserat i n\u00e5got [&hellip;]<\/p>\n","protected":false},"author":1,"featured_media":0,"parent":282,"menu_order":0,"comment_status":"closed","ping_status":"open","template":"","meta":{"_et_pb_use_builder":"on","_et_pb_old_content":"","_et_gb_content_width":"","footnotes":""},"class_list":["post-1240","page","type-page","status-publish","hentry"],"yoast_head":"<!-- This site is optimized with the Yoast SEO plugin v27.3 - https:\/\/yoast.com\/product\/yoast-seo-wordpress\/ -->\n<title>GDPR - Armrest System<\/title>\n<meta name=\"robots\" content=\"index, follow, max-snippet:-1, max-image-preview:large, max-video-preview:-1\" \/>\n<link rel=\"canonical\" href=\"https:\/\/armrest-systems.com\/about-us\/gdpr\/\" \/>\n<meta property=\"og:locale\" content=\"sv_SE\" \/>\n<meta property=\"og:type\" content=\"article\" \/>\n<meta property=\"og:title\" content=\"GDPR - Armrest System\" \/>\n<meta property=\"og:description\" content=\"GDPRSydmeko Industri AB behandlar de personuppgifter som samlas in via webbplatsen, via blanketter, webbformul\u00e4r mm och som lagras i interna s\u00e4ljst\u00f6dsystem f\u00f6r att kunna hantera en order exempelvis. De personuppgifter som du l\u00e4mnar till oss i samband med exempelvis givning av feedback p\u00e5 hemsidan eller vid k\u00f6p av v\u00e5ra produkter kan behandlas automatiserat i n\u00e5got [&hellip;]\" \/>\n<meta property=\"og:url\" content=\"https:\/\/armrest-systems.com\/about-us\/gdpr\/\" \/>\n<meta property=\"og:site_name\" content=\"Armrest System\" \/>\n<meta property=\"article:modified_time\" content=\"2020-01-29T07:43:23+00:00\" \/>\n<meta name=\"twitter:card\" content=\"summary_large_image\" \/>\n<meta name=\"twitter:label1\" content=\"Ber\u00e4knad l\u00e4stid\" \/>\n\t<meta name=\"twitter:data1\" content=\"5 minuter\" \/>\n<script type=\"application\/ld+json\" class=\"yoast-schema-graph\">{\"@context\":\"https:\\\/\\\/schema.org\",\"@graph\":[{\"@type\":\"WebPage\",\"@id\":\"https:\\\/\\\/armrest-systems.com\\\/about-us\\\/gdpr\\\/\",\"url\":\"https:\\\/\\\/armrest-systems.com\\\/about-us\\\/gdpr\\\/\",\"name\":\"GDPR - Armrest System\",\"isPartOf\":{\"@id\":\"https:\\\/\\\/armrest-systems.com\\\/#website\"},\"datePublished\":\"2018-08-21T08:34:52+00:00\",\"dateModified\":\"2020-01-29T07:43:23+00:00\",\"breadcrumb\":{\"@id\":\"https:\\\/\\\/armrest-systems.com\\\/about-us\\\/gdpr\\\/#breadcrumb\"},\"inLanguage\":\"sv-SE\",\"potentialAction\":[{\"@type\":\"ReadAction\",\"target\":[\"https:\\\/\\\/armrest-systems.com\\\/about-us\\\/gdpr\\\/\"]}]},{\"@type\":\"BreadcrumbList\",\"@id\":\"https:\\\/\\\/armrest-systems.com\\\/about-us\\\/gdpr\\\/#breadcrumb\",\"itemListElement\":[{\"@type\":\"ListItem\",\"position\":1,\"name\":\"Hem\",\"item\":\"https:\\\/\\\/armrest-systems.com\\\/sv\\\/\"},{\"@type\":\"ListItem\",\"position\":2,\"name\":\"Om oss\",\"item\":\"https:\\\/\\\/armrest-systems.com\\\/about-us\\\/\"},{\"@type\":\"ListItem\",\"position\":3,\"name\":\"GDPR\"}]},{\"@type\":\"WebSite\",\"@id\":\"https:\\\/\\\/armrest-systems.com\\\/#website\",\"url\":\"https:\\\/\\\/armrest-systems.com\\\/\",\"name\":\"Armrest System\",\"description\":\"Armrests - Ergonomy - Quality - Perfect interior match\",\"potentialAction\":[{\"@type\":\"SearchAction\",\"target\":{\"@type\":\"EntryPoint\",\"urlTemplate\":\"https:\\\/\\\/armrest-systems.com\\\/?s={search_term_string}\"},\"query-input\":{\"@type\":\"PropertyValueSpecification\",\"valueRequired\":true,\"valueName\":\"search_term_string\"}}],\"inLanguage\":\"sv-SE\"}]}<\/script>\n<!-- \/ Yoast SEO plugin. -->","yoast_head_json":{"title":"GDPR - Armrest System","robots":{"index":"index","follow":"follow","max-snippet":"max-snippet:-1","max-image-preview":"max-image-preview:large","max-video-preview":"max-video-preview:-1"},"canonical":"https:\/\/armrest-systems.com\/about-us\/gdpr\/","og_locale":"sv_SE","og_type":"article","og_title":"GDPR - Armrest System","og_description":"GDPRSydmeko Industri AB behandlar de personuppgifter som samlas in via webbplatsen, via blanketter, webbformul\u00e4r mm och som lagras i interna s\u00e4ljst\u00f6dsystem f\u00f6r att kunna hantera en order exempelvis. De personuppgifter som du l\u00e4mnar till oss i samband med exempelvis givning av feedback p\u00e5 hemsidan eller vid k\u00f6p av v\u00e5ra produkter kan behandlas automatiserat i n\u00e5got [&hellip;]","og_url":"https:\/\/armrest-systems.com\/about-us\/gdpr\/","og_site_name":"Armrest System","article_modified_time":"2020-01-29T07:43:23+00:00","twitter_card":"summary_large_image","twitter_misc":{"Ber\u00e4knad l\u00e4stid":"5 minuter"},"schema":{"@context":"https:\/\/schema.org","@graph":[{"@type":"WebPage","@id":"https:\/\/armrest-systems.com\/about-us\/gdpr\/","url":"https:\/\/armrest-systems.com\/about-us\/gdpr\/","name":"GDPR - Armrest System","isPartOf":{"@id":"https:\/\/armrest-systems.com\/#website"},"datePublished":"2018-08-21T08:34:52+00:00","dateModified":"2020-01-29T07:43:23+00:00","breadcrumb":{"@id":"https:\/\/armrest-systems.com\/about-us\/gdpr\/#breadcrumb"},"inLanguage":"sv-SE","potentialAction":[{"@type":"ReadAction","target":["https:\/\/armrest-systems.com\/about-us\/gdpr\/"]}]},{"@type":"BreadcrumbList","@id":"https:\/\/armrest-systems.com\/about-us\/gdpr\/#breadcrumb","itemListElement":[{"@type":"ListItem","position":1,"name":"Hem","item":"https:\/\/armrest-systems.com\/sv\/"},{"@type":"ListItem","position":2,"name":"Om oss","item":"https:\/\/armrest-systems.com\/about-us\/"},{"@type":"ListItem","position":3,"name":"GDPR"}]},{"@type":"WebSite","@id":"https:\/\/armrest-systems.com\/#website","url":"https:\/\/armrest-systems.com\/","name":"Armrest System","description":"Armrests - Ergonomy - Quality - Perfect interior match","potentialAction":[{"@type":"SearchAction","target":{"@type":"EntryPoint","urlTemplate":"https:\/\/armrest-systems.com\/?s={search_term_string}"},"query-input":{"@type":"PropertyValueSpecification","valueRequired":true,"valueName":"search_term_string"}}],"inLanguage":"sv-SE"}]}},"_links":{"self":[{"href":"https:\/\/armrest-systems.com\/sv\/wp-json\/wp\/v2\/pages\/1240","targetHints":{"allow":["GET"]}}],"collection":[{"href":"https:\/\/armrest-systems.com\/sv\/wp-json\/wp\/v2\/pages"}],"about":[{"href":"https:\/\/armrest-systems.com\/sv\/wp-json\/wp\/v2\/types\/page"}],"author":[{"embeddable":true,"href":"https:\/\/armrest-systems.com\/sv\/wp-json\/wp\/v2\/users\/1"}],"replies":[{"embeddable":true,"href":"https:\/\/armrest-systems.com\/sv\/wp-json\/wp\/v2\/comments?post=1240"}],"version-history":[{"count":4,"href":"https:\/\/armrest-systems.com\/sv\/wp-json\/wp\/v2\/pages\/1240\/revisions"}],"predecessor-version":[{"id":4978,"href":"https:\/\/armrest-systems.com\/sv\/wp-json\/wp\/v2\/pages\/1240\/revisions\/4978"}],"up":[{"embeddable":true,"href":"https:\/\/armrest-systems.com\/sv\/wp-json\/wp\/v2\/pages\/282"}],"wp:attachment":[{"href":"https:\/\/armrest-systems.com\/sv\/wp-json\/wp\/v2\/media?parent=1240"}],"curies":[{"name":"wp","href":"https:\/\/api.w.org\/{rel}","templated":true}]}}